{"id":989,"date":"2023-04-27T10:24:29","date_gmt":"2023-04-27T10:24:29","guid":{"rendered":"https:\/\/prestamos.premm.es\/?page_id=989"},"modified":"2025-02-27T14:42:47","modified_gmt":"2025-02-27T14:42:47","slug":"linia-financament-general-de-livf","status":"publish","type":"page","link":"https:\/\/prestamos.ivf.es\/va\/prestecs\/linia-financament-general-de-livf","title":{"rendered":"L\u00ednia Finan\u00e7ament GENERAL DE L&#8217;IVF"},"content":{"rendered":"\t\t<div data-elementor-type=\"wp-page\" data-elementor-id=\"989\" class=\"elementor elementor-989\">\n\t\t\t\t\t\t\t\t\t<section class=\"elementor-section elementor-top-section elementor-element elementor-element-3321343d elementor-section-height-min-height elementor-section-stretched cabecera-top elementor-section-boxed elementor-section-height-default elementor-section-items-middle\" data-id=\"3321343d\" data-element_type=\"section\" data-settings=\"{&quot;stretch_section&quot;:&quot;section-stretched&quot;,&quot;background_background&quot;:&quot;classic&quot;}\">\n\t\t\t\t\t\t\t<div class=\"elementor-background-overlay\"><\/div>\n\t\t\t\t\t\t\t<div class=\"elementor-container elementor-column-gap-default\">\n\t\t\t\t\t<div class=\"elementor-column elementor-col-50 elementor-top-column elementor-element elementor-element-4ea1eb14\" data-id=\"4ea1eb14\" data-element_type=\"column\">\n\t\t\t<div class=\"elementor-widget-wrap elementor-element-populated\">\n\t\t\t\t\t\t\t\t<div class=\"elementor-element elementor-element-5e55105b hola elementor-widget elementor-widget-heading\" data-id=\"5e55105b\" data-element_type=\"widget\" data-widget_type=\"heading.default\">\n\t\t\t\t<div class=\"elementor-widget-container\">\n\t\t\t<style>\/*! elementor - v3.14.0 - 26-06-2023 *\/\n.elementor-heading-title{padding:0;margin:0;line-height:1}.elementor-widget-heading .elementor-heading-title[class*=elementor-size-]>a{color:inherit;font-size:inherit;line-height:inherit}.elementor-widget-heading .elementor-heading-title.elementor-size-small{font-size:15px}.elementor-widget-heading .elementor-heading-title.elementor-size-medium{font-size:19px}.elementor-widget-heading .elementor-heading-title.elementor-size-large{font-size:29px}.elementor-widget-heading .elementor-heading-title.elementor-size-xl{font-size:39px}.elementor-widget-heading .elementor-heading-title.elementor-size-xxl{font-size:59px}<\/style><h1 class=\"elementor-heading-title elementor-size-default\">L\u00ednia Finan\u00e7ament GENERAL DE L'IVF<\/h1>\t\t<\/div>\n\t\t\t\t<\/div>\n\t\t\t\t<div class=\"elementor-element elementor-element-4f67172 elementor-widget elementor-widget-heading\" data-id=\"4f67172\" data-element_type=\"widget\" data-widget_type=\"heading.default\">\n\t\t\t\t<div class=\"elementor-widget-container\">\n\t\t\t<h4 class=\"elementor-heading-title elementor-size-default\">Pr\u00e9stecs d'entre 200.000 i 5.000.000 euros, amb la possibilitat d\u2019un per\u00edode de car\u00e8ncia d\u2019amortitzaci\u00f3 de capital de fins a dos anys<\/h4>\t\t<\/div>\n\t\t\t\t<\/div>\n\t\t\t\t<section class=\"elementor-section elementor-inner-section elementor-element elementor-element-f2a48e8 elementor-section-boxed elementor-section-height-default elementor-section-height-default\" data-id=\"f2a48e8\" data-element_type=\"section\">\n\t\t\t\t\t\t<div class=\"elementor-container elementor-column-gap-default\">\n\t\t\t\t\t<div class=\"elementor-column elementor-col-50 elementor-inner-column elementor-element elementor-element-89b030a\" data-id=\"89b030a\" data-element_type=\"column\">\n\t\t\t<div class=\"elementor-widget-wrap elementor-element-populated\">\n\t\t\t\t\t\t\t\t<div class=\"elementor-element elementor-element-581f0af elementor-widget__width-initial elementor-widget-mobile__width-initial elementor-widget elementor-widget-button\" data-id=\"581f0af\" data-element_type=\"widget\" data-widget_type=\"button.default\">\n\t\t\t\t<div class=\"elementor-widget-container\">\n\t\t\t\t\t<div class=\"elementor-button-wrapper\">\n\t\t\t<a class=\"elementor-button elementor-button-link elementor-size-sm\" href=\"\/wp-content\/uploads\/2025\/01\/03_Convocatoria_Linia_General_20250120-vlc.pdf\" target=\"_blank\">\n\t\t\t\t\t\t<span class=\"elementor-button-content-wrapper\">\n\t\t\t\t\t\t<span class=\"elementor-button-text\">BASES CONVOCAT\u00d2RIA<\/span>\n\t\t<\/span>\n\t\t\t\t\t<\/a>\n\t\t<\/div>\n\t\t\t\t<\/div>\n\t\t\t\t<\/div>\n\t\t\t\t\t<\/div>\n\t\t<\/div>\n\t\t\t\t<div class=\"elementor-column elementor-col-50 elementor-inner-column elementor-element elementor-element-6bbfd3f\" data-id=\"6bbfd3f\" data-element_type=\"column\">\n\t\t\t<div class=\"elementor-widget-wrap elementor-element-populated\">\n\t\t\t\t\t\t\t\t<div class=\"elementor-element elementor-element-829039f elementor-widget__width-initial elementor-widget elementor-widget-button\" data-id=\"829039f\" data-element_type=\"widget\" data-widget_type=\"button.default\">\n\t\t\t\t<div class=\"elementor-widget-container\">\n\t\t\t\t\t<div class=\"elementor-button-wrapper\">\n\t\t\t<a class=\"elementor-button elementor-button-link elementor-size-sm\" href=\"https:\/\/sede.ivf.es\/procedures\/842327f6-0a0e-4234-a33d-a767bae5665a?action=online\" target=\"_blank\">\n\t\t\t\t\t\t<span class=\"elementor-button-content-wrapper\">\n\t\t\t\t\t\t<span class=\"elementor-button-text\">SOL\u00b7ICITAR<\/span>\n\t\t<\/span>\n\t\t\t\t\t<\/a>\n\t\t<\/div>\n\t\t\t\t<\/div>\n\t\t\t\t<\/div>\n\t\t\t\t\t<\/div>\n\t\t<\/div>\n\t\t\t\t\t\t\t<\/div>\n\t\t<\/section>\n\t\t\t\t\t<\/div>\n\t\t<\/div>\n\t\t\t\t<div class=\"elementor-column elementor-col-50 elementor-top-column elementor-element elementor-element-2785e6c\" data-id=\"2785e6c\" data-element_type=\"column\">\n\t\t\t<div class=\"elementor-widget-wrap elementor-element-populated\">\n\t\t\t\t\t\t\t\t<section class=\"elementor-section elementor-inner-section elementor-element elementor-element-b195884 elementor-section-boxed elementor-section-height-default elementor-section-height-default\" data-id=\"b195884\" data-element_type=\"section\">\n\t\t\t\t\t\t<div class=\"elementor-container elementor-column-gap-default\">\n\t\t\t\t\t<div class=\"elementor-column elementor-col-100 elementor-inner-column elementor-element elementor-element-ef45a23\" data-id=\"ef45a23\" data-element_type=\"column\">\n\t\t\t<div class=\"elementor-widget-wrap\">\n\t\t\t\t\t\t\t\t\t<\/div>\n\t\t<\/div>\n\t\t\t\t\t\t\t<\/div>\n\t\t<\/section>\n\t\t\t\t\t<\/div>\n\t\t<\/div>\n\t\t\t\t\t\t\t<\/div>\n\t\t<\/section>\n\t\t\t\t<section class=\"elementor-section elementor-top-section elementor-element elementor-element-0c4a25a elementor-section-stretched elementor-section-boxed elementor-section-height-default elementor-section-height-default\" data-id=\"0c4a25a\" data-element_type=\"section\" data-settings=\"{&quot;stretch_section&quot;:&quot;section-stretched&quot;}\">\n\t\t\t\t\t\t<div class=\"elementor-container elementor-column-gap-default\">\n\t\t\t\t\t<div class=\"elementor-column elementor-col-100 elementor-top-column elementor-element elementor-element-130f6ff\" data-id=\"130f6ff\" data-element_type=\"column\">\n\t\t\t<div class=\"elementor-widget-wrap elementor-element-populated\">\n\t\t\t\t\t\t\t\t<div class=\"elementor-element elementor-element-d64932c elementor-widget elementor-widget-eael-adv-tabs\" data-id=\"d64932c\" data-element_type=\"widget\" data-widget_type=\"eael-adv-tabs.default\">\n\t\t\t\t<div class=\"elementor-widget-container\">\n\t\t\t        <div id=\"eael-advance-tabs-d64932c\" class=\"eael-advance-tabs eael-tabs-horizontal eael-tab-auto-active \" data-tabid=\"d64932c\">\n            <div class=\"eael-tabs-nav\">\n                <ul class=\"\">\n                                            <li id=\"beneficiaris\" class=\"active-default eael-tab-item-trigger\" aria-selected=\"true\" data-tab=\"1\" role=\"tab\" tabindex=\"0\" aria-controls=\"beneficiaris-tab\" aria-expanded=\"false\">\n                            \n                            \n                            \n                                                            <span class=\"eael-tab-title  title-after-icon\">Beneficiaris<\/span>                                                    <\/li>\n                                            <li id=\"condicions\" class=\"inactive eael-tab-item-trigger\" aria-selected=\"false\" data-tab=\"2\" role=\"tab\" tabindex=\"-1\" aria-controls=\"condicions-tab\" aria-expanded=\"false\">\n                            \n                            \n                            \n                                                            <span class=\"eael-tab-title  title-after-icon\">Condicions<\/span>                                                    <\/li>\n                                            <li id=\"requisits\" class=\"inactive eael-tab-item-trigger\" aria-selected=\"false\" data-tab=\"3\" role=\"tab\" tabindex=\"-1\" aria-controls=\"requisits-tab\" aria-expanded=\"false\">\n                            \n                            \n                            \n                                                            <span class=\"eael-tab-title  title-after-icon\">Requisits<\/span>                                                    <\/li>\n                                            <li id=\"despeses-finanables-elegibles\" class=\"inactive eael-tab-item-trigger\" aria-selected=\"false\" data-tab=\"4\" role=\"tab\" tabindex=\"-1\" aria-controls=\"despeses-finanables-elegibles-tab\" aria-expanded=\"false\">\n                            \n                            \n                            \n                                                            <span class=\"eael-tab-title  title-after-icon\">Despeses finan\u00e7ables elegibles<\/span>                                                    <\/li>\n                                    <\/ul>\n            <\/div>\n            \n            <div class=\"eael-tabs-content\">\n\t\t        \n                    <div id=\"beneficiaris-tab\" class=\"clearfix eael-tab-content-item active-default\" data-title-link=\"beneficiaris-tab\">\n\t\t\t\t        \t\t\t\t\t        <ul class=\"pesta\u00f1as-linea\">\n \t<li>Societats mercantils que tinguen, almenys, un establiment, sucursal de producci\u00f3 o sucursal de desenvolupament d'activitat en la Comunitat Valenciana.<\/li>\n \t<li>Finalitat dels projectes:<\/li>\n<\/ul>\n<p style=\"padding-left: 80px;\"><span style=\"color: #e21735; font-weight: bold;\">\u2013<\/span> Ampliaci\u00f3 i renovaci\u00f3 de les instal\u00b7lacions, maquin\u00e0ria i equips.<\/p>\n<p style=\"padding-left: 80px;\"><span style=\"color: #e21735; font-weight: bold;\">\u2013<\/span> Sosteniment del capital circulant de l'empresa.<\/p>\n<p style=\"padding-left: 80px;\"><span style=\"color: #e21735; font-weight: bold;\">\u2013<\/span> Acompte d\u2019imports vinculats a la prestaci\u00f3 de servicis a la Generalitat Valenciana en virtut de contractes o concerts.<\/p>\n* Consultar les bases completes en la convocat\u00f2ria.\t\t\t\t                            <\/div>\n\t\t        \n                    <div id=\"condicions-tab\" class=\"clearfix eael-tab-content-item inactive\" data-title-link=\"condicions-tab\">\n\t\t\t\t        \t\t\t\t\t        <ul class=\"pesta\u00f1as-linea\">\n \t<li>Import m\u00ednim de 200.000 euros i import m\u00e0xim determinat en funci\u00f3 de:<\/li>\n<\/ul>\n<p style=\"padding-left: 80px;\"><span style=\"color: #e21735; font-weight: bold;\">\u2013 <\/span>No podr\u00e0 superar els 2.000.000 euros si el sol\u00b7licitant \u00e9s una pime o els 5.000.000 euros si \u00e9s gran empresa\n<span style=\"color: #e21735; font-weight: bold;\">\u2013 <\/span>En cas que el finan\u00e7ament tinga per objecte l'adquisici\u00f3 pr\u00f2pia d'actius fixos de naturalesa material o inmaterial, el valor nominal del pr\u00e9stec no podr\u00e0 superar, en cap cas, el 80% del valor de la inversi\u00f3 realitzada.<\/p>\n\n<ul class=\"pesta\u00f1as-linea\">\n \t<li>Terminis: En les operacions de sosteniment del capital circulant, el termini de venciment no podr\u00e0 ser inferior a dos anys, ni superior a quatre anys, amb un per\u00edode de fins a un any de carencia de capital. Per a operacions d'inversi\u00f3 terminis de 4 a 10 anys (possibilitat de car\u00e8ncia de fins a 2 anys)<\/li>\n \t<li>Tipus d\u2019inter\u00e9s d\u2019Euribor (amb l\u00edmit inferior 0%) m\u00e9s un marge de risc atesa la categoria credit\u00edcia del sol\u00b7licitant*<\/li>\n<\/ul>\n<img loading=\"lazy\" decoding=\"async\" class=\" wp-image-5845 aligncenter\" src=\"https:\/\/prestamos.ivf.es\/wp-content\/uploads\/2025\/01\/tabla_linea_general-300x67.png\" alt=\"\" width=\"662\" height=\"148\" srcset=\"https:\/\/prestamos.ivf.es\/wp-content\/uploads\/2025\/01\/tabla_linea_general-300x67.png 300w, https:\/\/prestamos.ivf.es\/wp-content\/uploads\/2025\/01\/tabla_linea_general-768x171.png 768w, https:\/\/prestamos.ivf.es\/wp-content\/uploads\/2025\/01\/tabla_linea_general.png 909w\" sizes=\"auto, (max-width: 662px) 100vw, 662px\" \/><em style=\"margin-left:360px\">* Excepcions:<\/em>\n<ol style=\"margin-left:340px\">\n \t<li><em> En operacions financeres amb aval de AFIN-SGR el marge sobre l'EURIBOR a un any se situar\u00e0 en el 1,5%;<\/em><\/li>\n \t<li><em> En operacions per a l'acompte d'imports a cobrar derivats servicis prestats a la Generalitat Valenciana, el marge sobre l'EURIBOR a un any ser\u00e0 el 2,20%.<\/em><\/li>\n \t<li><em> En operacions de termini superior a 10 anys, es podran afegir fins a dos punts percentuals al tipus d'inter\u00e9s resultant d'aplicar la taula.<\/em><\/li>\n<\/ol>\n<ul class=\"pesta\u00f1as-linea\">\n \t<li>Comissions: 0,5% del valor del pr\u00e9stec, amb un m\u00ednim de 5.000 euros. Esta comissi\u00f3 no s'aplicar\u00e0 en operacions que compten amb l'aval de Afin SGR pel 100% ni a les operacions de circulant la finalitat de la qual siga l'acompte de drets de cr\u00e8dit vinculats a la prestaci\u00f3 de servicis a la Generalitat Valenciana.<\/li>\n<\/ul>\n* Consultar les bases completes a la convocat\u00f2ria\t\t\t\t                            <\/div>\n\t\t        \n                    <div id=\"requisits-tab\" class=\"clearfix eael-tab-content-item inactive\" data-title-link=\"requisits-tab\">\n\t\t\t\t        \t\t\t\t\t        <div class=\"grve-element grve-text\">\n\nEls beneficiaris han de complir els seg\u00fcents requisits, entre altres *:\n\n<\/div>\n<div class=\"grve-element grve-list grve-list-check \">\n<ul class=\"pesta\u00f1as-linea\">\n \t<li>Tindre almenys un establiment, sucursal de producci\u00f3, o sucursal de desenvolupament d'activitat radicat en la Comunitat Valenciana<\/li>\n \t<li>Acreditar una antiguitat m\u00ednima de dos anys i comptar com a m\u00ednim amb un empleat o un treballador aut\u00f2nom societari.<\/li>\n \t<li>Estar al corrent de compliment de les obligacions tribut\u00e0ries davant l'Estat, la Generalitat i la Seguretat Social<\/li>\n \t<li>El beneficiari no pot estar afectat, en general, per qualsevol de les situacions seg\u00fcents:\n<ul class=\"pesta\u00f1as-linea\">\n \t<li>Incid\u00e8ncies en registres d'impagats<\/li>\n \t<li>Fons propis negatius en la data de la sol\u00b7licitud<\/li>\n \t<li>P\u00e8rdues continuades en els \u00faltims dos exercicis<\/li>\n<\/ul>\n<\/li>\n<\/ul>\n* Consultar les bases completes a la convocat\u00f2ria\n<\/div>\t\t\t\t                            <\/div>\n\t\t        \n                    <div id=\"despeses-finanables-elegibles-tab\" class=\"clearfix eael-tab-content-item inactive\" data-title-link=\"despeses-finanables-elegibles-tab\">\n\t\t\t\t        \t\t\t\t\t        <div class=\"grve-element grve-text\"><p>Seran despeses finan\u00e7ables com a actius fixos:<\/p><\/div><div class=\"grve-element grve-list grve-list-check \"><ul class=\"pesta\u00f1as-linea\"><li>Adquisici\u00f3 i construcci\u00f3 de naus, locals comercials, instal\u00b7lacions i altres immobles per al desenrotllament de l\u2019activitat de l\u2019empresa, inclosos l\u2019adquisici\u00f3 i el condicionament de terrenys, sempre que, la compra i\/o condicionament de terrenys no supere el 20 % del valor nominal del pr\u00e9stec.<\/li><li>Construcci\u00f3 d\u2019instal\u00b7lacions d\u2019energia renovable, tant si la destinaci\u00f3 \u00e9s l\u2019autoconsum com l\u2019abocament a la xarxa, sempre que els projectes no superen una pot\u00e8ncia de 30 MWp.<\/li><li>Adquisici\u00f3 d\u2019equipament vinculat a les tecnologies de la informaci\u00f3 i la comunicaci\u00f3.<\/li><li>Maquin\u00e0ria, ferramentes, motles o utillatge.<\/li><li>Mobiliari.<\/li><li>Vehicles industrials i elements de transport afectes a l\u2019explotaci\u00f3.<\/li><li>Actius intangibles, com ara els gastos d\u2019investigaci\u00f3 i desenrotllament, la propietat industrial, els drets de trasp\u00e0s o les aplicacions inform\u00e0tiques.<\/li><li>Adquisici\u00f3 de participacions empresarials a fi d\u2019ampliar la capacitat productiva de l\u2019empresa, millorar les condicions d\u2019acc\u00e9s al finan\u00e7ament o assegurar el subministrament d\u2019inputs clau per al proc\u00e9s productiu de l\u2019empresa.<\/li><\/ul><\/div><div class=\"grve-element grve-text\"><p>Es considerar\u00e0 gasto elegible en capital circulant el finan\u00e7ament sol\u00b7licitat per a millorar el fons de maniobra de l\u2019empresa. No obstant aix\u00f2, no es consideraran gastos elegibles, a l\u2019efecte d\u2019esta convocat\u00f2ria, l\u2019augment de cr\u00e8dits no comercials a curt termini i les inversions financeres temporals.<\/p><p>Tamb\u00e9 es considerar\u00e0 inversi\u00f3 en capital circulant i per tant, despeses finan\u00e7ables elegibles, els imports pendents de cobrament per part de la sol\u00b7licitant, vinculats a expedients de rescabalament i a la prestaci\u00f3 de servicis a la Generalitat Valenciana en virtut de contractes i concerts.<\/p><p>*Consultar les bases completes en la convocat\u00f2ria<\/p><\/div>\t\t\t\t                            <\/div>\n\t\t                    <\/div>\n        <\/div>\n\t\t<\/div>\n\t\t\t\t<\/div>\n\t\t\t\t\t<\/div>\n\t\t<\/div>\n\t\t\t\t\t\t\t<\/div>\n\t\t<\/section>\n\t\t\t\t\t\t\t<\/div>\n\t\t","protected":false},"excerpt":{"rendered":"<p>L\u00ednia Finan\u00e7ament GENERAL DE L&#8217;IVF Pr\u00e9stecs d&#8217;entre 200.000 i 5.000.000 euros, amb la possibilitat d\u2019un per\u00edode de car\u00e8ncia d\u2019amortitzaci\u00f3 de capital de fins a dos&hellip;<\/p>\n","protected":false},"author":1,"featured_media":0,"parent":986,"menu_order":0,"comment_status":"closed","ping_status":"closed","template":"","meta":{"footnotes":""},"class_list":["post-989","page","type-page","status-publish","hentry"],"yoast_head":"<!-- This site is optimized with the Yoast SEO plugin v18.0 - https:\/\/yoast.com\/wordpress\/plugins\/seo\/ -->\n<title>L\u00ednia Finan\u00e7ament GENERAL DE L&#039;IVF - IVF<\/title>\n<meta name=\"robots\" content=\"index, follow, max-snippet:-1, max-image-preview:large, max-video-preview:-1\" \/>\n<link rel=\"canonical\" href=\"https:\/\/prestamos.ivf.es\/va\/prestecs\/linia-financament-general-de-livf\" \/>\n<meta property=\"og:locale\" content=\"en_US\" \/>\n<meta property=\"og:type\" content=\"article\" \/>\n<meta property=\"og:title\" content=\"L\u00ednia Finan\u00e7ament GENERAL DE L&#039;IVF - IVF\" \/>\n<meta property=\"og:description\" content=\"L\u00ednia Finan\u00e7ament GENERAL DE L&#8217;IVF Pr\u00e9stecs d&#8217;entre 200.000 i 5.000.000 euros, amb la possibilitat d\u2019un per\u00edode de car\u00e8ncia d\u2019amortitzaci\u00f3 de capital de fins a dos&hellip;\" \/>\n<meta property=\"og:url\" content=\"https:\/\/prestamos.ivf.es\/va\/prestecs\/linia-financament-general-de-livf\" \/>\n<meta property=\"og:site_name\" content=\"IVF\" \/>\n<meta property=\"article:modified_time\" content=\"2025-02-27T14:42:47+00:00\" \/>\n<meta property=\"og:image\" content=\"https:\/\/prestamos.ivf.es\/wp-content\/uploads\/2025\/01\/tabla_linea_general-300x67.png\" \/>\n<meta name=\"twitter:card\" content=\"summary_large_image\" \/>\n<meta name=\"twitter:label1\" content=\"Est. reading time\" \/>\n\t<meta name=\"twitter:data1\" content=\"5 minutes\" \/>\n<script type=\"application\/ld+json\" class=\"yoast-schema-graph\">{\"@context\":\"https:\/\/schema.org\",\"@graph\":[{\"@type\":\"WebSite\",\"@id\":\"https:\/\/prestamos.ivf.es\/va\/#website\",\"url\":\"https:\/\/prestamos.ivf.es\/va\/\",\"name\":\"IVF\",\"description\":\"IVF, Nuestro \u00fanico inter\u00e9s eres t\u00fa\",\"potentialAction\":[{\"@type\":\"SearchAction\",\"target\":{\"@type\":\"EntryPoint\",\"urlTemplate\":\"https:\/\/prestamos.ivf.es\/va\/?s={search_term_string}\"},\"query-input\":\"required name=search_term_string\"}],\"inLanguage\":\"va-ES\"},{\"@type\":\"ImageObject\",\"@id\":\"https:\/\/prestamos.ivf.es\/va\/prestecs\/linia-financament-general-de-livf#primaryimage\",\"inLanguage\":\"va-ES\",\"url\":\"https:\/\/prestamos.ivf.es\/wp-content\/uploads\/2025\/01\/tabla_linea_general.png\",\"contentUrl\":\"https:\/\/prestamos.ivf.es\/wp-content\/uploads\/2025\/01\/tabla_linea_general.png\",\"width\":909,\"height\":202},{\"@type\":\"WebPage\",\"@id\":\"https:\/\/prestamos.ivf.es\/va\/prestecs\/linia-financament-general-de-livf#webpage\",\"url\":\"https:\/\/prestamos.ivf.es\/va\/prestecs\/linia-financament-general-de-livf\",\"name\":\"L\u00ednia Finan\u00e7ament GENERAL DE L'IVF - IVF\",\"isPartOf\":{\"@id\":\"https:\/\/prestamos.ivf.es\/va\/#website\"},\"primaryImageOfPage\":{\"@id\":\"https:\/\/prestamos.ivf.es\/va\/prestecs\/linia-financament-general-de-livf#primaryimage\"},\"datePublished\":\"2023-04-27T10:24:29+00:00\",\"dateModified\":\"2025-02-27T14:42:47+00:00\",\"breadcrumb\":{\"@id\":\"https:\/\/prestamos.ivf.es\/va\/prestecs\/linia-financament-general-de-livf#breadcrumb\"},\"inLanguage\":\"va-ES\",\"potentialAction\":[{\"@type\":\"ReadAction\",\"target\":[\"https:\/\/prestamos.ivf.es\/va\/prestecs\/linia-financament-general-de-livf\"]}]},{\"@type\":\"BreadcrumbList\",\"@id\":\"https:\/\/prestamos.ivf.es\/va\/prestecs\/linia-financament-general-de-livf#breadcrumb\",\"itemListElement\":[{\"@type\":\"ListItem\",\"position\":1,\"name\":\"Portada\",\"item\":\"https:\/\/prestamos.ivf.es\/va\"},{\"@type\":\"ListItem\",\"position\":2,\"name\":\"Pr\u00e9stecs\",\"item\":\"https:\/\/prestamos.ivf.es\/va\/prestecs\"},{\"@type\":\"ListItem\",\"position\":3,\"name\":\"L\u00ednia Finan\u00e7ament GENERAL DE L&#8217;IVF\"}]}]}<\/script>\n<!-- \/ Yoast SEO plugin. -->","yoast_head_json":{"title":"L\u00ednia Finan\u00e7ament GENERAL DE L'IVF - IVF","robots":{"index":"index","follow":"follow","max-snippet":"max-snippet:-1","max-image-preview":"max-image-preview:large","max-video-preview":"max-video-preview:-1"},"canonical":"https:\/\/prestamos.ivf.es\/va\/prestecs\/linia-financament-general-de-livf","og_locale":"en_US","og_type":"article","og_title":"L\u00ednia Finan\u00e7ament GENERAL DE L'IVF - IVF","og_description":"L\u00ednia Finan\u00e7ament GENERAL DE L&#8217;IVF Pr\u00e9stecs d&#8217;entre 200.000 i 5.000.000 euros, amb la possibilitat d\u2019un per\u00edode de car\u00e8ncia d\u2019amortitzaci\u00f3 de capital de fins a dos&hellip;","og_url":"https:\/\/prestamos.ivf.es\/va\/prestecs\/linia-financament-general-de-livf","og_site_name":"IVF","article_modified_time":"2025-02-27T14:42:47+00:00","og_image":[{"url":"https:\/\/prestamos.ivf.es\/wp-content\/uploads\/2025\/01\/tabla_linea_general-300x67.png"}],"twitter_card":"summary_large_image","twitter_misc":{"Est. reading time":"5 minutes"},"schema":{"@context":"https:\/\/schema.org","@graph":[{"@type":"WebSite","@id":"https:\/\/prestamos.ivf.es\/va\/#website","url":"https:\/\/prestamos.ivf.es\/va\/","name":"IVF","description":"IVF, Nuestro \u00fanico inter\u00e9s eres t\u00fa","potentialAction":[{"@type":"SearchAction","target":{"@type":"EntryPoint","urlTemplate":"https:\/\/prestamos.ivf.es\/va\/?s={search_term_string}"},"query-input":"required name=search_term_string"}],"inLanguage":"va-ES"},{"@type":"ImageObject","@id":"https:\/\/prestamos.ivf.es\/va\/prestecs\/linia-financament-general-de-livf#primaryimage","inLanguage":"va-ES","url":"https:\/\/prestamos.ivf.es\/wp-content\/uploads\/2025\/01\/tabla_linea_general.png","contentUrl":"https:\/\/prestamos.ivf.es\/wp-content\/uploads\/2025\/01\/tabla_linea_general.png","width":909,"height":202},{"@type":"WebPage","@id":"https:\/\/prestamos.ivf.es\/va\/prestecs\/linia-financament-general-de-livf#webpage","url":"https:\/\/prestamos.ivf.es\/va\/prestecs\/linia-financament-general-de-livf","name":"L\u00ednia Finan\u00e7ament GENERAL DE L'IVF - IVF","isPartOf":{"@id":"https:\/\/prestamos.ivf.es\/va\/#website"},"primaryImageOfPage":{"@id":"https:\/\/prestamos.ivf.es\/va\/prestecs\/linia-financament-general-de-livf#primaryimage"},"datePublished":"2023-04-27T10:24:29+00:00","dateModified":"2025-02-27T14:42:47+00:00","breadcrumb":{"@id":"https:\/\/prestamos.ivf.es\/va\/prestecs\/linia-financament-general-de-livf#breadcrumb"},"inLanguage":"va-ES","potentialAction":[{"@type":"ReadAction","target":["https:\/\/prestamos.ivf.es\/va\/prestecs\/linia-financament-general-de-livf"]}]},{"@type":"BreadcrumbList","@id":"https:\/\/prestamos.ivf.es\/va\/prestecs\/linia-financament-general-de-livf#breadcrumb","itemListElement":[{"@type":"ListItem","position":1,"name":"Portada","item":"https:\/\/prestamos.ivf.es\/va"},{"@type":"ListItem","position":2,"name":"Pr\u00e9stecs","item":"https:\/\/prestamos.ivf.es\/va\/prestecs"},{"@type":"ListItem","position":3,"name":"L\u00ednia Finan\u00e7ament GENERAL DE L&#8217;IVF"}]}]}},"_links":{"self":[{"href":"https:\/\/prestamos.ivf.es\/va\/wp-json\/wp\/v2\/pages\/989","targetHints":{"allow":["GET"]}}],"collection":[{"href":"https:\/\/prestamos.ivf.es\/va\/wp-json\/wp\/v2\/pages"}],"about":[{"href":"https:\/\/prestamos.ivf.es\/va\/wp-json\/wp\/v2\/types\/page"}],"author":[{"embeddable":true,"href":"https:\/\/prestamos.ivf.es\/va\/wp-json\/wp\/v2\/users\/1"}],"replies":[{"embeddable":true,"href":"https:\/\/prestamos.ivf.es\/va\/wp-json\/wp\/v2\/comments?post=989"}],"version-history":[{"count":142,"href":"https:\/\/prestamos.ivf.es\/va\/wp-json\/wp\/v2\/pages\/989\/revisions"}],"predecessor-version":[{"id":6157,"href":"https:\/\/prestamos.ivf.es\/va\/wp-json\/wp\/v2\/pages\/989\/revisions\/6157"}],"up":[{"embeddable":true,"href":"https:\/\/prestamos.ivf.es\/va\/wp-json\/wp\/v2\/pages\/986"}],"wp:attachment":[{"href":"https:\/\/prestamos.ivf.es\/va\/wp-json\/wp\/v2\/media?parent=989"}],"curies":[{"name":"wp","href":"https:\/\/api.w.org\/{rel}","templated":true}]}}