{"id":865,"date":"2023-03-22T10:47:24","date_gmt":"2023-03-22T10:47:24","guid":{"rendered":"https:\/\/prestamos.premm.es\/?page_id=865"},"modified":"2026-03-04T12:19:04","modified_gmt":"2026-03-04T12:19:04","slug":"descarregues","status":"publish","type":"page","link":"https:\/\/prestamos.ivf.es\/va\/descarregues","title":{"rendered":"Desc\u00e0rregues"},"content":{"rendered":"\t\t<div data-elementor-type=\"wp-page\" data-elementor-id=\"865\" class=\"elementor elementor-865\">\n\t\t\t\t\t\t\t\t\t<section class=\"elementor-section elementor-top-section elementor-element elementor-element-c904e41 elementor-section-full_width elementor-section-height-min-height elementor-section-stretched cabecera-top elementor-section-height-default elementor-section-items-middle\" data-id=\"c904e41\" data-element_type=\"section\" data-settings=\"{&quot;stretch_section&quot;:&quot;section-stretched&quot;,&quot;background_background&quot;:&quot;classic&quot;}\">\n\t\t\t\t\t\t\t<div class=\"elementor-background-overlay\"><\/div>\n\t\t\t\t\t\t\t<div class=\"elementor-container elementor-column-gap-default\">\n\t\t\t\t\t<div class=\"elementor-column elementor-col-100 elementor-top-column elementor-element elementor-element-7ec69b9\" data-id=\"7ec69b9\" data-element_type=\"column\">\n\t\t\t<div class=\"elementor-widget-wrap elementor-element-populated\">\n\t\t\t\t\t\t\t\t<div class=\"elementor-element elementor-element-010ec16 hola elementor-widget elementor-widget-heading\" data-id=\"010ec16\" data-element_type=\"widget\" data-widget_type=\"heading.default\">\n\t\t\t\t<div class=\"elementor-widget-container\">\n\t\t\t<style>\/*! elementor - v3.14.0 - 26-06-2023 *\/\n.elementor-heading-title{padding:0;margin:0;line-height:1}.elementor-widget-heading .elementor-heading-title[class*=elementor-size-]>a{color:inherit;font-size:inherit;line-height:inherit}.elementor-widget-heading .elementor-heading-title.elementor-size-small{font-size:15px}.elementor-widget-heading .elementor-heading-title.elementor-size-medium{font-size:19px}.elementor-widget-heading .elementor-heading-title.elementor-size-large{font-size:29px}.elementor-widget-heading .elementor-heading-title.elementor-size-xl{font-size:39px}.elementor-widget-heading .elementor-heading-title.elementor-size-xxl{font-size:59px}<\/style><h1 class=\"elementor-heading-title elementor-size-default\">Desc\u00e0rregues<\/h1>\t\t<\/div>\n\t\t\t\t<\/div>\n\t\t\t\t\t<\/div>\n\t\t<\/div>\n\t\t\t\t\t\t\t<\/div>\n\t\t<\/section>\n\t\t\t\t<section class=\"elementor-section elementor-top-section elementor-element elementor-element-02792bf elementor-section-stretched elementor-section-boxed elementor-section-height-default elementor-section-height-default\" data-id=\"02792bf\" data-element_type=\"section\" data-settings=\"{&quot;stretch_section&quot;:&quot;section-stretched&quot;}\">\n\t\t\t\t\t\t<div class=\"elementor-container elementor-column-gap-default\">\n\t\t\t\t\t<div class=\"elementor-column elementor-col-100 elementor-top-column elementor-element elementor-element-cab8c59\" data-id=\"cab8c59\" data-element_type=\"column\">\n\t\t\t<div class=\"elementor-widget-wrap elementor-element-populated\">\n\t\t\t\t\t\t\t\t<div class=\"elementor-element elementor-element-e89c92f elementor-widget__width-inherit elementor-widget elementor-widget-eael-adv-tabs\" data-id=\"e89c92f\" data-element_type=\"widget\" data-widget_type=\"eael-adv-tabs.default\">\n\t\t\t\t<div class=\"elementor-widget-container\">\n\t\t\t        <div id=\"eael-advance-tabs-e89c92f\" class=\"eael-advance-tabs eael-tabs-horizontal eael-tab-auto-active \" data-tabid=\"e89c92f\">\n            <div class=\"eael-tabs-nav\">\n                <ul class=\"\">\n                                            <li id=\"annexos\" class=\"active-default eael-tab-item-trigger\" aria-selected=\"true\" data-tab=\"1\" role=\"tab\" tabindex=\"0\" aria-controls=\"annexos-tab\" aria-expanded=\"false\">\n                            \n                            \n                            \n                                                            <span class=\"eael-tab-title  title-after-icon\">Annexos<\/span>                                                    <\/li>\n                                            <li id=\"documents-formalitzaci-i-desemborsament\" class=\"inactive eael-tab-item-trigger\" aria-selected=\"false\" data-tab=\"2\" role=\"tab\" tabindex=\"-1\" aria-controls=\"documents-formalitzaci-i-desemborsament-tab\" aria-expanded=\"false\">\n                            \n                            \n                            \n                                                            <span class=\"eael-tab-title  title-after-icon\">Documents formalitzaci\u00f3 i desemborsament<\/span>                                                    <\/li>\n                                            <li id=\"convocatries-dogv-modificacions-i-tancament-de-les-lnies\" class=\"inactive eael-tab-item-trigger\" aria-selected=\"false\" data-tab=\"3\" role=\"tab\" tabindex=\"-1\" aria-controls=\"convocatries-dogv-modificacions-i-tancament-de-les-lnies-tab\" aria-expanded=\"false\">\n                            \n                            \n                            \n                                                            <span class=\"eael-tab-title  title-after-icon\">Convocat\u00f2ries DOGV, modificacions i tancament de les L\u00ednies<\/span>                                                    <\/li>\n                                    <\/ul>\n            <\/div>\n            \n            <div class=\"eael-tabs-content\">\n\t\t        \n                    <div id=\"annexos-tab\" class=\"clearfix eael-tab-content-item active-default\" data-title-link=\"annexos-tab\">\n\t\t\t\t        \t\t\t\t\t        <p><span style=\"color: #e21735; font-weight: bold;\">\u2013 <\/span><a href=\"https:\/\/prestamos.ivf.es\/wp-content\/uploads\/2026\/02\/linea_bonificada_ivf_pyme_inversion_2026_v01.zip\" target=\"_blank\" rel=\"noopener\">L\u00ednia IVF PIME INVERSI\u00d3 2026<\/a><\/p><p><span style=\"color: #e21735; font-weight: bold;\">\u2013 <\/span><a href=\"https:\/\/prestamos.ivf.es\/wp-content\/uploads\/2026\/02\/Linea-Labora-Formacion-2026_v01.zip\" target=\"_blank\" rel=\"noopener\">L\u00ednia Finan\u00e7ament Pr\u00e9stec IVF Labora Formaci\u00f3 2026<\/a><\/p><p><span style=\"color: #e21735; font-weight: bold;\">\u2013 <\/span><a href=\"https:\/\/prestamos.ivf.es\/wp-content\/uploads\/2026\/02\/Linea-social-2026_v01-1.zip\" target=\"_blank\" rel=\"noopener\">L\u00ednia Pr\u00e9stec IVF Entitats Socials - 2026<\/a><\/p><p><span style=\"color: #e21735; font-weight: bold;\">\u2013 <\/span><a href=\"https:\/\/prestamos.ivf.es\/wp-content\/uploads\/2026\/03\/linea_bonificada_ivf_industria_agroalimentaria_v01_2026.zip\" target=\"_blank\" rel=\"noopener\">L\u00ednia de Finan\u00e7ament Bonificat IVF Ind\u00fastria Agroaliment\u00e0ria 2026<\/a><\/p><p><span style=\"color: #e21735; font-weight: bold;\">\u2013<\/span><a href=\"https:\/\/prestamos.ivf.es\/wp-content\/uploads\/2026\/03\/Linea_Dana_2026_v01.zip\" target=\"_blank\" rel=\"noopener\">L\u00ednia Finan\u00e7ament IVF DANA<\/a><\/p><p><span style=\"color: #e21735; font-weight: bold;\">\u2013<\/span><a href=\"\/wp-content\/uploads\/2025\/10\/linea_general_ivf_v14_vlc.zip\" target=\"_blank\" rel=\"noopener\"> L\u00ednia Finan\u00e7ament GENERAL DE L\u2019IVF<\/a><\/p><p><span style=\"color: #e21735; font-weight: bold;\">\u2013 <\/span><a href=\"\/wp-content\/uploads\/2024\/04\/Prestamos_Participativos-IVF-en-coinversion_v4-1.zip\" target=\"_blank\" rel=\"noopener\">L\u00ednia Pr\u00e9stecs Participatius IVF en coinversi\u00f3<\/a><\/p><p><span style=\"color: #e21735; font-weight: bold;\">\u2013 <\/span><a href=\"\/wp-content\/uploads\/2024\/04\/Linea-prestamos-subordinados-1.zip\" target=\"_blank\" rel=\"noopener\">L\u00ednia Pr\u00e9stec Subordinats IVF - FEDER<\/a><\/p><p><span style=\"color: #e21735; font-weight: bold;\">\u2013 <\/span><a href=\"\/wp-content\/uploads\/2026\/01\/garantias_viviendas_v5_val.zip\" target=\"_blank\" rel=\"noopener\">Programa de Garanties IVF per a la compra de Vivenda<br \/><\/a><\/p>\t\t\t\t                            <\/div>\n\t\t        \n                    <div id=\"documents-formalitzaci-i-desemborsament-tab\" class=\"clearfix eael-tab-content-item inactive\" data-title-link=\"documents-formalitzaci-i-desemborsament-tab\">\n\t\t\t\t        \t\t\t\t\t        <p><span style=\"color: #e21735; font-weight: bold;\">\u2013<\/span><a href=\"\/wp-content\/uploads\/2023\/06\/model-certificat-bancari-compte-iban.doc\" target=\"_blank\" rel=\"noopener\"> Model Certificat bancari compte IBAN<\/a><br \/><span style=\"color: #e21735; font-weight: bold;\">\u2013<\/span><a href=\"\/wp-content\/uploads\/2023\/06\/07564-ORDEN-DOMICILIACION-SEPA.pdf\" target=\"_blank\" rel=\"noopener\"> Ordre domiciliaci\u00f3 SEPA<\/a><br \/><span style=\"color: #e21735; font-weight: bold;\">\u2013<\/span><a href=\"\/wp-content\/uploads\/2024\/10\/SIMULADORES-JUSTIFICACION-DESEMBOLSOS_v02.zip\" target=\"_blank\" rel=\"noopener\"> Simuladors per a la justificaci\u00f3 del circulant<\/a><br \/><span style=\"color: #e21735; font-weight: bold;\">\u2013<\/span><a href=\"\/wp-content\/uploads\/2023\/06\/modelo-solicitud-desembolso_ivf_val.docx\" target=\"_blank\" rel=\"noopener\"> Model sol\u00b7licitud desemborssament IVF<\/a><a href=\"\/wp-content\/uploads\/2023\/06\/modelo-solicitud-desembolso_ivf_val.docx\" target=\"_blank\" rel=\"noopener\"><br \/><span style=\"color: #e21735; font-weight: bold;\">\u2013 <\/span><\/a><a href=\"\/wp-content\/uploads\/2023\/09\/PLANES-DE-CONTROL.zip\" target=\"_blank\" rel=\"noopener\">Plans de control<\/a><\/p>\t\t\t\t                            <\/div>\n\t\t        \n                    <div id=\"convocatries-dogv-modificacions-i-tancament-de-les-lnies-tab\" class=\"clearfix eael-tab-content-item inactive\" data-title-link=\"convocatries-dogv-modificacions-i-tancament-de-les-lnies-tab\">\n\t\t\t\t        \t\t\t\t\t        <p><span style=\"color: #e21735; font-weight: bold;\">\u2013<\/span><a href=\"https:\/\/prestamos.ivf.es\/wp-content\/uploads\/2026\/02\/Convocatoria-DOGV-Linea-Inversion-Pyme-2026_valenciano.pdf\" target=\"_blank\" rel=\"noopener\"> L\u00ednia IVF PIME INVERSI\u00d3 2026<\/a><\/p><p><span style=\"color: #e21735; font-weight: bold;\">\u2013<\/span><a href=\"https:\/\/prestamos.ivf.es\/wp-content\/uploads\/2026\/02\/00_convocatoria-Linea-Labora-Formacion-vlc.pdf\" target=\"_blank\" rel=\"noopener\"> L\u00ednia Finan\u00e7ament IVF Labora Formaci\u00f3 2026<\/a><\/p><p><span style=\"color: #e21735; font-weight: bold;\">\u2013<\/span><a href=\"https:\/\/prestamos.ivf.es\/wp-content\/uploads\/2026\/02\/00_convocatoria-vlc-1.pdf\" target=\"_blank\" rel=\"noopener\"> L\u00ednia IVF Liquiditat Entitats Socials - 2026<\/a><\/p><p><span style=\"color: #e21735; font-weight: bold;\">\u2013<\/span><a href=\"\/wp-content\/uploads\/2026\/01\/2025_52043_va.pdf\" target=\"_blank\" rel=\"noopener\"> Programa de Garanties IVF per a la compra de Vivienda - 2026<\/a><\/p><p><span style=\"color: #e21735; font-weight: bold;\">\u2013<\/span><a href=\"https:\/\/prestamos.ivf.es\/wp-content\/uploads\/2026\/03\/00_convocatoria_vlc_agroalimentaria_2026.pdf\" target=\"_blank\" rel=\"noopener\"> L\u00ednia de Finan\u00e7ament Bonificat IVF Ind\u00fastria Agroaliment\u00e0ria 2026<\/a><\/p><p><span style=\"color: #e21735; font-weight: bold;\">\u2013<\/span><a href=\"https:\/\/prestamos.ivf.es\/wp-content\/uploads\/2026\/03\/00_convocatoria_vlc_linea_dana_2026.pdf\" target=\"_blank\" rel=\"noopener\">L\u00ednia Recuperaci\u00f3 i Reactivaci\u00f3 DANA<\/a><\/p><p><span style=\"color: #e21735; font-weight: bold;\">\u2013<\/span><a href=\"\/wp-content\/uploads\/2025\/01\/linea_general_ivf_2025_v01_vlc.zip\" target=\"_blank\" rel=\"noopener\"> L\u00ednia Finan\u00e7ament GENERAL DE L\u2019IVF 2025<\/a><\/p><p><span style=\"color: #e21735; font-weight: bold;\">\u2013<\/span><a href=\"\/wp-content\/uploads\/2024\/01\/docs_reactiva_FEDER_v6_va.zip\" target=\"_blank\" rel=\"noopener\"> L\u00ednia Finan\u00e7ament REACTIVA FEDER<\/a><\/p><p><span style=\"color: #e21735; font-weight: bold;\">\u2013<\/span><a href=\"\/wp-content\/uploads\/2024\/01\/docs_IVF_Inverteix_GranEmpresa_Industrial.zip\" target=\"_blank\" rel=\"noopener\"> L\u00ednia bonificada IVF Inverteix Gran Empresa Industrial<\/a><\/p><p><span style=\"color: #e21735; font-weight: bold;\">\u2013<\/span><a href=\"\/wp-content\/uploads\/2024\/03\/Publicacion-DOGV-20240327.pdf\" target=\"_blank\" rel=\"noopener\"> L\u00ednia Pr\u00e9stecs Subordinats IVF - FEDER<\/a><\/p><p><span style=\"color: #e21735; font-weight: bold;\">\u2013<\/span><a href=\"\/wp-content\/uploads\/2024\/03\/Convocatoria-DOGV.pdf\" target=\"_blank\" rel=\"noopener\"> L\u00ednea Pr\u00e9stecs Participatius en Coinversi\u00f3 - FEDER<\/a><\/p><p><span style=\"color: #e21735; font-weight: bold;\">\u2013<\/span><a href=\"\/wp-content\/uploads\/2025\/07\/linea_ivf_dana_v03_val.zip\" target=\"_blank\" rel=\"noopener\">L\u00ednia Finan\u00e7ament IVF DANA<\/a> -TANCADA<\/p><p><span style=\"color: #e21735; font-weight: bold;\">\u2013<\/span><a href=\"\/wp-content\/uploads\/2025\/08\/00_Convocatoria-Linea-IVF-Industria-Agroalimentaria-vlc.pdf\" target=\"_blank\" rel=\"noopener\"> L\u00ednia de Finan\u00e7ament Bonificat IVF Ind\u00fastria Agroaliment\u00e0ria 2025<\/a> - TANCADA<\/p><p><span style=\"color: #e21735; font-weight: bold;\">\u2013<\/span><a href=\"\/wp-content\/uploads\/2025\/09\/00_convocatoria_vlc.pdf\" target=\"_blank\" rel=\"noopener\"> L\u00ednia Finan\u00e7ament IVF PIME INVERSI\u00d3 2025<\/a> -TANCADA<\/p><p><span style=\"color: #e21735; font-weight: bold;\">\u2013<\/span><a href=\"\/wp-content\/uploads\/2024\/06\/RESOLUCION-PROGRAMA-DE-GARANTIAS.pdf\" target=\"_blank\" rel=\"noopener\"> Programa de Garanties IVF per a la compra de Vivienda - 2025<\/a> - TANCADA<\/p><p><span style=\"color: #e21735; font-weight: bold;\">\u2013<\/span><a href=\"\/wp-content\/uploads\/2025\/02\/00_Linea-Labora-Formacion-2025.pdf\" target=\"_blank\" rel=\"noopener\"> L\u00ednia Finan\u00e7ament IVF Labora Formaci\u00f3 2025<\/a> - TANCADA<\/p><p><span style=\"color: #e21735; font-weight: bold;\">\u2013<\/span><a href=\"\/wp-content\/uploads\/2023\/11\/00_Convocatoria_LineaParticipativos_20220720.pdf\" target=\"_blank\" rel=\"noopener\"> L\u00ednia de Pr\u00e9stecs Participatius en Coinversi\u00f3 amb Inversors Privats<\/a> - TANCADA<\/p><p><span style=\"color: #e21735; font-weight: bold;\">\u2013<\/span><a href=\"\/wp-content\/uploads\/2024\/07\/docs_IVF_Grandes_Distribuidores_Productos_Agricolas02-1.zip\" target=\"_blank\" rel=\"noopener\"> L\u00ednia bonificada IVF Grans Distribu\u00efdors de productes agr\u00edcoles<\/a>\u2013 TANCADA<\/p><p><span style=\"color: #e21735; font-weight: bold;\">\u2013<\/span><a href=\"\/wp-content\/uploads\/2025\/02\/00_Convocatoria-Linea-Social-2025-vlc.pdf\" target=\"_blank\" rel=\"noopener\"> L\u00ednia IVF Liquiditat Entitats Socials - 2025<\/a> \u2013 TANCADA<\/p><p><span style=\"color: #e21735; font-weight: bold;\">\u2013<\/span><a href=\"\/wp-content\/uploads\/2024\/05\/docs_linea_liquidez_entidade_sociales_2024_v01.zip\" target=\"_blank\" rel=\"noopener\"> L\u00ednia IVF Liquiditat Entitats Socials - 2024<\/a> \u2013 TANCADA<\/p><p><span style=\"color: #e21735; font-weight: bold;\">\u2013<\/span><a href=\"\/wp-content\/uploads\/2023\/07\/docs_Linea_IVF_Liquidez_Entidades_Sociales-1.zip\" target=\"_blank\" rel=\"noopener\"> L\u00ednia IVF Liquiditat Entitats Socials - 2023<\/a> - TANCADA<\/p><p><span style=\"color: #e21735; font-weight: bold;\">\u2013<\/span><a href=\"\/wp-content\/uploads\/2024\/07\/docs_reactiva_IVF_02_val.zip\" target=\"_blank\" rel=\"noopener\"> L\u00ednia Finan\u00e7ament REACTIVA IVF<\/a> \u2013 TANCADA<\/p><p><span style=\"color: #e21735; font-weight: bold;\">\u2013<\/span><a href=\"\/wp-content\/uploads\/2024\/07\/docs_IVF_Invierte_Pyme_ReactEUFEDER02_val.zip\" target=\"_blank\" rel=\"noopener\"> L\u00ednia bonificada IVF Inverteix Pime React-EU FEDER<\/a> \u2013 TANCADA<\/p><p><span style=\"color: #e21735; font-weight: bold;\">\u2013<\/span><a href=\"\/wp-content\/uploads\/2024\/07\/docs_IVF_AFIN_Liquidez_Pyme_Autonomo03_val.zip\" target=\"_blank\" rel=\"noopener\"> L\u00ednia bonificada IVF AFI \u2013 Liquiditat Pime &amp; Aut\u00f2nom<\/a> \u2013 TANCADA<\/p><p><span style=\"color: #e21735; font-weight: bold;\">\u2013<\/span><a href=\"\/wp-content\/uploads\/2024\/07\/docs_IVF_AFIN_Invierte_Gran_Empresa_Turistica03-1.zip\" target=\"_blank\" rel=\"noopener\"> L\u00ednia bonificada IVF-AFI Inverteix Gran Empresa Tur\u00edstica<\/a> \u2013 TANCADA<\/p><p><span style=\"color: #e21735; font-weight: bold;\">\u2013<\/span><a href=\"https:\/\/prestamos.ivf.es\/wp-content\/uploads\/2022\/05\/docs_IVF_RESISTIR_ReactEU_FEDER_v2.zip\" target=\"_blank\" rel=\"noopener\"> L\u00ednia finan\u00e7ament bonificat IVF Resistir \u2013 ReactEU FEDER<\/a> \u2013 TANCADA<\/p><p><span style=\"color: #e21735; font-weight: bold;\">\u2013<\/span><a href=\"https:\/\/prestamos.ivf.es\/wp-content\/uploads\/2022\/05\/docs_IVF_Resistir_v2.zip\" target=\"_blank\" rel=\"noopener\"> L\u00ednia finan\u00e7ament bonificat IVF Resistir<\/a> \u2013 TANCADA<\/p><p><span style=\"color: #e21735; font-weight: bold;\">\u2013<\/span><a href=\"https:\/\/prestamos.ivf.es\/wp-content\/uploads\/2022\/05\/docs_IVF_Renaixer_v2.zip\" target=\"_blank\" rel=\"noopener\"> L\u00ednia finan\u00e7ament bonificat IVF Ren\u00e0ixer<\/a> \u2013 TANCADA<\/p><p><span style=\"color: #e21735; font-weight: bold;\">\u2013<\/span><a href=\"https:\/\/prestamos.ivf.es\/wp-content\/uploads\/2022\/03\/docs_IVF_Covid19.zip\" target=\"_blank\" rel=\"noopener\"> L\u00ednia finan\u00e7ament bonificat IVF COVID-19<\/a> \u2013 TANCADA<\/p><p><span style=\"color: #e21735; font-weight: bold;\">\u2013<\/span><a href=\"\/wp-content\/uploads\/2024\/07\/docs_afin_energeticos_01_val.zip\" target=\"_blank\" rel=\"noopener\"> L\u00ednia Finan\u00e7ament Bonificat IVF AFI Productes Energ\u00e9tics<\/a> \u2013 TANCADA<\/p><p><span style=\"color: #e21735; font-weight: bold;\">\u2013<\/span><a href=\"\/wp-content\/uploads\/2024\/07\/docs_reactiva_FEDER_v7_val.zip\" target=\"_blank\" rel=\"noopener\">L\u00ednia Finan\u00e7ament REACTIVA FEDER<\/a>\u2013 TANCADA<\/p><p><span style=\"color: #e21735; font-weight: bold;\">\u2013<\/span><span style=\"color: #e21735;\"><a href=\"\/wp-content\/uploads\/2024\/07\/docs_IVF_Invierte_GranEmpresa_Industrial_02_val.zip\" target=\"_blank\" rel=\"noopener\">L\u00ednia bonificada IVF Inverteix Gran Empresa Industrial<\/a><\/span>\u2013 TANCADA<\/p><p><span style=\"color: #e21735; font-weight: bold;\">\u2013<\/span><a href=\"\/wp-content\/uploads\/2025\/02\/doc_linea_generalIVF_vlc_03.zip\" target=\"_blank\" rel=\"noopener\"> L\u00ednia Finan\u00e7ament GENERAL DE L\u2019IVF 2024<\/a>- TANCADA<\/p><p><span style=\"color: #e21735; font-weight: bold;\">\u2013<\/span><a href=\"\/wp-content\/uploads\/2024\/04\/Publicacion-DOGV-20240411.pdf\" target=\"_blank\" rel=\"noopener\"> L\u00ednia Finan\u00e7ament IVF Labora Formaci\u00f3 2024<\/a> - TANCADA<\/p>\t\t\t\t                            <\/div>\n\t\t                    <\/div>\n        <\/div>\n\t\t<\/div>\n\t\t\t\t<\/div>\n\t\t\t\t\t<\/div>\n\t\t<\/div>\n\t\t\t\t\t\t\t<\/div>\n\t\t<\/section>\n\t\t\t\t\t\t\t<\/div>\n\t\t","protected":false},"excerpt":{"rendered":"<p>Desc\u00e0rregues Annexos Documents formalitzaci\u00f3 i desemborsament Convocat\u00f2ries DOGV, modificacions i tancament de les L\u00ednies \u2013 L\u00ednia IVF PIME INVERSI\u00d3 2026 \u2013 L\u00ednia Finan\u00e7ament Pr\u00e9stec IVF&hellip;<\/p>\n","protected":false},"author":1,"featured_media":0,"parent":0,"menu_order":0,"comment_status":"closed","ping_status":"closed","template":"","meta":{"footnotes":""},"class_list":["post-865","page","type-page","status-publish","hentry"],"yoast_head":"<!-- This site is optimized with the Yoast SEO plugin v18.0 - https:\/\/yoast.com\/wordpress\/plugins\/seo\/ -->\n<title>Desc\u00e0rregues - IVF<\/title>\n<meta name=\"robots\" content=\"index, follow, max-snippet:-1, max-image-preview:large, max-video-preview:-1\" \/>\n<link rel=\"canonical\" href=\"https:\/\/prestamos.ivf.es\/va\/descarregues\" \/>\n<meta property=\"og:locale\" content=\"en_US\" \/>\n<meta property=\"og:type\" content=\"article\" \/>\n<meta property=\"og:title\" content=\"Desc\u00e0rregues - IVF\" \/>\n<meta property=\"og:description\" content=\"Desc\u00e0rregues Annexos Documents formalitzaci\u00f3 i desemborsament Convocat\u00f2ries DOGV, modificacions i tancament de les L\u00ednies \u2013 L\u00ednia IVF PIME INVERSI\u00d3 2026 \u2013 L\u00ednia Finan\u00e7ament Pr\u00e9stec IVF&hellip;\" \/>\n<meta property=\"og:url\" content=\"https:\/\/prestamos.ivf.es\/va\/descarregues\" \/>\n<meta property=\"og:site_name\" content=\"IVF\" \/>\n<meta property=\"article:modified_time\" content=\"2026-03-04T12:19:04+00:00\" \/>\n<meta name=\"twitter:card\" content=\"summary_large_image\" \/>\n<meta name=\"twitter:label1\" content=\"Est. reading time\" \/>\n\t<meta name=\"twitter:data1\" content=\"1 minute\" \/>\n<script type=\"application\/ld+json\" class=\"yoast-schema-graph\">{\"@context\":\"https:\/\/schema.org\",\"@graph\":[{\"@type\":\"WebSite\",\"@id\":\"https:\/\/prestamos.ivf.es\/va\/#website\",\"url\":\"https:\/\/prestamos.ivf.es\/va\/\",\"name\":\"IVF\",\"description\":\"IVF, Nuestro \u00fanico inter\u00e9s eres t\u00fa\",\"potentialAction\":[{\"@type\":\"SearchAction\",\"target\":{\"@type\":\"EntryPoint\",\"urlTemplate\":\"https:\/\/prestamos.ivf.es\/va\/?s={search_term_string}\"},\"query-input\":\"required name=search_term_string\"}],\"inLanguage\":\"va-ES\"},{\"@type\":\"WebPage\",\"@id\":\"https:\/\/prestamos.ivf.es\/va\/descarregues#webpage\",\"url\":\"https:\/\/prestamos.ivf.es\/va\/descarregues\",\"name\":\"Desc\u00e0rregues - IVF\",\"isPartOf\":{\"@id\":\"https:\/\/prestamos.ivf.es\/va\/#website\"},\"datePublished\":\"2023-03-22T10:47:24+00:00\",\"dateModified\":\"2026-03-04T12:19:04+00:00\",\"breadcrumb\":{\"@id\":\"https:\/\/prestamos.ivf.es\/va\/descarregues#breadcrumb\"},\"inLanguage\":\"va-ES\",\"potentialAction\":[{\"@type\":\"ReadAction\",\"target\":[\"https:\/\/prestamos.ivf.es\/va\/descarregues\"]}]},{\"@type\":\"BreadcrumbList\",\"@id\":\"https:\/\/prestamos.ivf.es\/va\/descarregues#breadcrumb\",\"itemListElement\":[{\"@type\":\"ListItem\",\"position\":1,\"name\":\"Portada\",\"item\":\"https:\/\/prestamos.ivf.es\/va\"},{\"@type\":\"ListItem\",\"position\":2,\"name\":\"Desc\u00e0rregues\"}]}]}<\/script>\n<!-- \/ Yoast SEO plugin. -->","yoast_head_json":{"title":"Desc\u00e0rregues - IVF","robots":{"index":"index","follow":"follow","max-snippet":"max-snippet:-1","max-image-preview":"max-image-preview:large","max-video-preview":"max-video-preview:-1"},"canonical":"https:\/\/prestamos.ivf.es\/va\/descarregues","og_locale":"en_US","og_type":"article","og_title":"Desc\u00e0rregues - IVF","og_description":"Desc\u00e0rregues Annexos Documents formalitzaci\u00f3 i desemborsament Convocat\u00f2ries DOGV, modificacions i tancament de les L\u00ednies \u2013 L\u00ednia IVF PIME INVERSI\u00d3 2026 \u2013 L\u00ednia Finan\u00e7ament Pr\u00e9stec IVF&hellip;","og_url":"https:\/\/prestamos.ivf.es\/va\/descarregues","og_site_name":"IVF","article_modified_time":"2026-03-04T12:19:04+00:00","twitter_card":"summary_large_image","twitter_misc":{"Est. reading time":"1 minute"},"schema":{"@context":"https:\/\/schema.org","@graph":[{"@type":"WebSite","@id":"https:\/\/prestamos.ivf.es\/va\/#website","url":"https:\/\/prestamos.ivf.es\/va\/","name":"IVF","description":"IVF, Nuestro \u00fanico inter\u00e9s eres t\u00fa","potentialAction":[{"@type":"SearchAction","target":{"@type":"EntryPoint","urlTemplate":"https:\/\/prestamos.ivf.es\/va\/?s={search_term_string}"},"query-input":"required name=search_term_string"}],"inLanguage":"va-ES"},{"@type":"WebPage","@id":"https:\/\/prestamos.ivf.es\/va\/descarregues#webpage","url":"https:\/\/prestamos.ivf.es\/va\/descarregues","name":"Desc\u00e0rregues - IVF","isPartOf":{"@id":"https:\/\/prestamos.ivf.es\/va\/#website"},"datePublished":"2023-03-22T10:47:24+00:00","dateModified":"2026-03-04T12:19:04+00:00","breadcrumb":{"@id":"https:\/\/prestamos.ivf.es\/va\/descarregues#breadcrumb"},"inLanguage":"va-ES","potentialAction":[{"@type":"ReadAction","target":["https:\/\/prestamos.ivf.es\/va\/descarregues"]}]},{"@type":"BreadcrumbList","@id":"https:\/\/prestamos.ivf.es\/va\/descarregues#breadcrumb","itemListElement":[{"@type":"ListItem","position":1,"name":"Portada","item":"https:\/\/prestamos.ivf.es\/va"},{"@type":"ListItem","position":2,"name":"Desc\u00e0rregues"}]}]}},"_links":{"self":[{"href":"https:\/\/prestamos.ivf.es\/va\/wp-json\/wp\/v2\/pages\/865","targetHints":{"allow":["GET"]}}],"collection":[{"href":"https:\/\/prestamos.ivf.es\/va\/wp-json\/wp\/v2\/pages"}],"about":[{"href":"https:\/\/prestamos.ivf.es\/va\/wp-json\/wp\/v2\/types\/page"}],"author":[{"embeddable":true,"href":"https:\/\/prestamos.ivf.es\/va\/wp-json\/wp\/v2\/users\/1"}],"replies":[{"embeddable":true,"href":"https:\/\/prestamos.ivf.es\/va\/wp-json\/wp\/v2\/comments?post=865"}],"version-history":[{"count":470,"href":"https:\/\/prestamos.ivf.es\/va\/wp-json\/wp\/v2\/pages\/865\/revisions"}],"predecessor-version":[{"id":7120,"href":"https:\/\/prestamos.ivf.es\/va\/wp-json\/wp\/v2\/pages\/865\/revisions\/7120"}],"wp:attachment":[{"href":"https:\/\/prestamos.ivf.es\/va\/wp-json\/wp\/v2\/media?parent=865"}],"curies":[{"name":"wp","href":"https:\/\/api.w.org\/{rel}","templated":true}]}}