{"id":848,"date":"2023-03-22T10:46:06","date_gmt":"2023-03-22T10:46:06","guid":{"rendered":"https:\/\/prestamos.premm.es\/?page_id=848"},"modified":"2023-10-16T06:34:51","modified_gmt":"2023-10-16T06:34:51","slug":"som-ivf","status":"publish","type":"page","link":"https:\/\/prestamos.ivf.es\/va\/som-ivf","title":{"rendered":"Som IVF"},"content":{"rendered":"\t\t<div data-elementor-type=\"wp-page\" data-elementor-id=\"848\" class=\"elementor elementor-848\">\n\t\t\t\t\t\t\t\t\t<section class=\"elementor-section elementor-top-section elementor-element elementor-element-113ad20 elementor-section-full_width elementor-section-height-min-height elementor-section-stretched cabecera-top elementor-section-height-default elementor-section-items-middle\" data-id=\"113ad20\" data-element_type=\"section\" data-settings=\"{&quot;stretch_section&quot;:&quot;section-stretched&quot;,&quot;background_background&quot;:&quot;classic&quot;}\">\n\t\t\t\t\t\t\t<div class=\"elementor-background-overlay\"><\/div>\n\t\t\t\t\t\t\t<div class=\"elementor-container elementor-column-gap-default\">\n\t\t\t\t\t<div class=\"elementor-column elementor-col-100 elementor-top-column elementor-element elementor-element-673d956\" data-id=\"673d956\" data-element_type=\"column\">\n\t\t\t<div class=\"elementor-widget-wrap elementor-element-populated\">\n\t\t\t\t\t\t\t\t<div class=\"elementor-element elementor-element-332541b2 hola elementor-widget elementor-widget-heading\" data-id=\"332541b2\" data-element_type=\"widget\" data-widget_type=\"heading.default\">\n\t\t\t\t<div class=\"elementor-widget-container\">\n\t\t\t<style>\/*! elementor - v3.14.0 - 26-06-2023 *\/\n.elementor-heading-title{padding:0;margin:0;line-height:1}.elementor-widget-heading .elementor-heading-title[class*=elementor-size-]>a{color:inherit;font-size:inherit;line-height:inherit}.elementor-widget-heading .elementor-heading-title.elementor-size-small{font-size:15px}.elementor-widget-heading .elementor-heading-title.elementor-size-medium{font-size:19px}.elementor-widget-heading .elementor-heading-title.elementor-size-large{font-size:29px}.elementor-widget-heading .elementor-heading-title.elementor-size-xl{font-size:39px}.elementor-widget-heading .elementor-heading-title.elementor-size-xxl{font-size:59px}<\/style><h1 class=\"elementor-heading-title elementor-size-default\">Som IVF<\/h1>\t\t<\/div>\n\t\t\t\t<\/div>\n\t\t\t\t\t<\/div>\n\t\t<\/div>\n\t\t\t\t\t\t\t<\/div>\n\t\t<\/section>\n\t\t\t\t<section class=\"elementor-section elementor-top-section elementor-element elementor-element-f55f5fb elementor-section-stretched elementor-section-boxed elementor-section-height-default elementor-section-height-default\" data-id=\"f55f5fb\" data-element_type=\"section\" data-settings=\"{&quot;stretch_section&quot;:&quot;section-stretched&quot;}\">\n\t\t\t\t\t\t<div class=\"elementor-container elementor-column-gap-default\">\n\t\t\t\t\t<div class=\"elementor-column elementor-col-66 elementor-top-column elementor-element elementor-element-f0d6de6\" data-id=\"f0d6de6\" data-element_type=\"column\">\n\t\t\t<div class=\"elementor-widget-wrap elementor-element-populated\">\n\t\t\t\t\t\t\t\t<div class=\"elementor-element elementor-element-4be0f5c elementor-widget elementor-widget-heading\" data-id=\"4be0f5c\" data-element_type=\"widget\" data-widget_type=\"heading.default\">\n\t\t\t\t<div class=\"elementor-widget-container\">\n\t\t\t<h2 class=\"elementor-heading-title elementor-size-default\">Institut Valenci\u00e0 de Finances<\/h2>\t\t<\/div>\n\t\t\t\t<\/div>\n\t\t\t\t<div class=\"elementor-element elementor-element-84f7098 elementor-widget elementor-widget-text-editor\" data-id=\"84f7098\" data-element_type=\"widget\" data-widget_type=\"text-editor.default\">\n\t\t\t\t<div class=\"elementor-widget-container\">\n\t\t\t<style>\/*! elementor - v3.14.0 - 26-06-2023 *\/\n.elementor-widget-text-editor.elementor-drop-cap-view-stacked .elementor-drop-cap{background-color:#69727d;color:#fff}.elementor-widget-text-editor.elementor-drop-cap-view-framed .elementor-drop-cap{color:#69727d;border:3px solid;background-color:transparent}.elementor-widget-text-editor:not(.elementor-drop-cap-view-default) .elementor-drop-cap{margin-top:8px}.elementor-widget-text-editor:not(.elementor-drop-cap-view-default) .elementor-drop-cap-letter{width:1em;height:1em}.elementor-widget-text-editor .elementor-drop-cap{float:left;text-align:center;line-height:1;font-size:50px}.elementor-widget-text-editor .elementor-drop-cap-letter{display:inline-block}<\/style>\t\t\t\t<div class=\"grve-element grve-text\"><p>L&#8217;Institut Valenci\u00e0 de Finances \u00e9s un banc promocional de titularitat p\u00fablica, que actua de forma complement\u00e0ria al sistema bancari tradicional per injectar liquiditat al teixit productiu de la Comunitat Valenciana, atorgant finan\u00e7ament a projectes considerats estrat\u00e8gics per a l&#8217;economia valenciana.<\/p><p>Per aix\u00f2, l&#8217;IVF compta amb una variada cartera de productes financers en la qual persones aut\u00f2nomes, petites i mitjanes empreses i grans empreses de la Comunitat Valenciana poden trobar un producte financer que cobrisca les necessitats espec\u00edfiques de finan\u00e7ament.<\/p><p>Som el principal instrument de cr\u00e8dit p\u00fablic del govern valenci\u00e0 i la nostra missi\u00f3 \u00e9s donar resposta, des del punt de vista financer, a les pol\u00edtiques de promoci\u00f3 econ\u00f2mica del Consell i desenvolupar a cada moment els instruments financers necessaris a les diferents conjuntures economies travessades, actuant com instrument antic\u00edclic i prestant especial atenci\u00f3 a l&#8217;atracci\u00f3 i execuci\u00f3 de fons europeus, i el finan\u00e7ament de projectes diferencials i estrat\u00e8gics per a la Comunitat Valenciana.<\/p><p>A m\u00e9s, cal destacar el paper de l&#8217;IVF com a instrument tractor d&#8217;inversions desenvolupades a la Comunitat, mitjan\u00e7ant la seva participaci\u00f3 en Fons de Capital Risc, cosa que afavoreix el creixement d&#8217;inversions en empreses valencianes atraient capital local i for\u00e0 a aquest tipus de finan\u00e7ament alternatiu banc\u00e0ria.<\/p><\/div>\t\t\t\t\t\t<\/div>\n\t\t\t\t<\/div>\n\t\t\t\t\t<\/div>\n\t\t<\/div>\n\t\t\t\t<div class=\"elementor-column elementor-col-33 elementor-top-column elementor-element elementor-element-23981d9\" data-id=\"23981d9\" data-element_type=\"column\">\n\t\t\t<div class=\"elementor-widget-wrap elementor-element-populated\">\n\t\t\t\t\t\t\t\t<div class=\"elementor-element elementor-element-e5eca0a elementor-widget elementor-widget-heading\" data-id=\"e5eca0a\" data-element_type=\"widget\" data-widget_type=\"heading.default\">\n\t\t\t\t<div class=\"elementor-widget-container\">\n\t\t\t<h3 class=\"elementor-heading-title elementor-size-default\">Informaci\u00f3 corporativa IVF<\/h3>\t\t<\/div>\n\t\t\t\t<\/div>\n\t\t\t\t<div class=\"elementor-element elementor-element-d3f754f elementor-align-center elementor-widget elementor-widget-button\" data-id=\"d3f754f\" data-element_type=\"widget\" data-widget_type=\"button.default\">\n\t\t\t\t<div class=\"elementor-widget-container\">\n\t\t\t\t\t<div class=\"elementor-button-wrapper\">\n\t\t\t<a class=\"elementor-button elementor-button-link elementor-size-sm\" href=\"http:\/\/www.ivf.gva.es\/es\/\" target=\"_blank\">\n\t\t\t\t\t\t<span class=\"elementor-button-content-wrapper\">\n\t\t\t\t\t\t<span class=\"elementor-button-text\">Coneix-nos<\/span>\n\t\t<\/span>\n\t\t\t\t\t<\/a>\n\t\t<\/div>\n\t\t\t\t<\/div>\n\t\t\t\t<\/div>\n\t\t\t\t<div class=\"elementor-element elementor-element-8a8c55d elementor-widget elementor-widget-heading\" data-id=\"8a8c55d\" data-element_type=\"widget\" data-widget_type=\"heading.default\">\n\t\t\t\t<div class=\"elementor-widget-container\">\n\t\t\t<h3 class=\"elementor-heading-title elementor-size-default\">Descobreix quina \u00e9s la teua l\u00ednia de finan\u00e7ament<\/h3>\t\t<\/div>\n\t\t\t\t<\/div>\n\t\t\t\t<div class=\"elementor-element elementor-element-8929348 elementor-align-center elementor-widget elementor-widget-button\" data-id=\"8929348\" data-element_type=\"widget\" data-widget_type=\"button.default\">\n\t\t\t\t<div class=\"elementor-widget-container\">\n\t\t\t\t\t<div class=\"elementor-button-wrapper\">\n\t\t\t<a class=\"elementor-button elementor-button-link elementor-size-sm\" href=\"\/va\/prestamos\">\n\t\t\t\t\t\t<span class=\"elementor-button-content-wrapper\">\n\t\t\t\t\t\t<span class=\"elementor-button-text\">Vegeu l\u00ednies<\/span>\n\t\t<\/span>\n\t\t\t\t\t<\/a>\n\t\t<\/div>\n\t\t\t\t<\/div>\n\t\t\t\t<\/div>\n\t\t\t\t\t<\/div>\n\t\t<\/div>\n\t\t\t\t\t\t\t<\/div>\n\t\t<\/section>\n\t\t\t\t<section class=\"elementor-section elementor-top-section elementor-element elementor-element-c017506 elementor-section-stretched elementor-section-content-middle elementor-section-boxed elementor-section-height-default elementor-section-height-default\" data-id=\"c017506\" data-element_type=\"section\" data-settings=\"{&quot;stretch_section&quot;:&quot;section-stretched&quot;}\">\n\t\t\t\t\t\t<div class=\"elementor-container elementor-column-gap-default\">\n\t\t\t\t\t<div class=\"elementor-column elementor-col-33 elementor-top-column elementor-element elementor-element-5e3c075\" data-id=\"5e3c075\" data-element_type=\"column\">\n\t\t\t<div class=\"elementor-widget-wrap elementor-element-populated\">\n\t\t\t\t\t\t\t\t<div class=\"elementor-element elementor-element-185c139 elementor-widget elementor-widget-image\" data-id=\"185c139\" data-element_type=\"widget\" data-widget_type=\"image.default\">\n\t\t\t\t<div class=\"elementor-widget-container\">\n\t\t\t<style>\/*! elementor - v3.14.0 - 26-06-2023 *\/\n.elementor-widget-image{text-align:center}.elementor-widget-image a{display:inline-block}.elementor-widget-image a img[src$=\".svg\"]{width:48px}.elementor-widget-image img{vertical-align:middle;display:inline-block}<\/style>\t\t\t\t\t\t\t\t\t\t\t\t<img loading=\"lazy\" decoding=\"async\" width=\"768\" height=\"1024\" src=\"https:\/\/prestamos.ivf.es\/wp-content\/uploads\/2023\/05\/sede-768x1024.jpg\" class=\"attachment-large size-large wp-image-823\" alt=\"\" srcset=\"https:\/\/prestamos.ivf.es\/wp-content\/uploads\/2023\/05\/sede-768x1024.jpg 768w, https:\/\/prestamos.ivf.es\/wp-content\/uploads\/2023\/05\/sede-225x300.jpg 225w, https:\/\/prestamos.ivf.es\/wp-content\/uploads\/2023\/05\/sede-1152x1536.jpg 1152w, https:\/\/prestamos.ivf.es\/wp-content\/uploads\/2023\/05\/sede.jpg 1200w\" sizes=\"auto, (max-width: 768px) 100vw, 768px\" \/>\t\t\t\t\t\t\t\t\t\t\t\t\t\t\t<\/div>\n\t\t\t\t<\/div>\n\t\t\t\t\t<\/div>\n\t\t<\/div>\n\t\t\t\t<div class=\"elementor-column elementor-col-66 elementor-top-column elementor-element elementor-element-bf98f20\" data-id=\"bf98f20\" data-element_type=\"column\">\n\t\t\t<div class=\"elementor-widget-wrap elementor-element-populated\">\n\t\t\t\t\t\t\t\t<div class=\"elementor-element elementor-element-4d8f8c6 elementor-widget elementor-widget-heading\" data-id=\"4d8f8c6\" data-element_type=\"widget\" data-widget_type=\"heading.default\">\n\t\t\t\t<div class=\"elementor-widget-container\">\n\t\t\t<h2 class=\"elementor-heading-title elementor-size-default\">La nostra seu\n<\/h2>\t\t<\/div>\n\t\t\t\t<\/div>\n\t\t\t\t<div class=\"elementor-element elementor-element-bc3f349 elementor-widget elementor-widget-text-editor\" data-id=\"bc3f349\" data-element_type=\"widget\" data-widget_type=\"text-editor.default\">\n\t\t\t\t<div class=\"elementor-widget-container\">\n\t\t\t\t\t\t\t<div class=\"grve-element grve-text\">\n<p style=\"text-align: right;\">El\u00a0<strong>Palau de los Bo\u00efl d\u00b4Aren\u00f3s<\/strong>\u00a0va pert\u00e0nyer en origen a la fam\u00edlia Bo\u00efl i Vives de Ca\u00f1am\u00e1s, barons de B\u00e9tera, com demostra l\u2019escut d\u2019armes de la porta. Al llarg de la seua hist\u00f2ria ha experimentat nombroses reformes. La primera reforma significativa, en el segle XVIII, va al\u00e7ar la fa\u00e7ana i va estructurar l\u2019immoble en les tradicionals quatre altures. Altres posteriors van introduir modificacions en la seua estructura i van transformar la fa\u00e7ana principal per a homogene\u00eftzar-la. En 1854 va passar a ser propietat de Vicente Das\u00ed i Lluesma, marqu\u00e9s de Dos Aig\u00fces. En 1976 la Comissi\u00f3 del Patrimoni Art\u00edstic de Val\u00e8ncia va impedir la seua demolici\u00f3, declarant-se a l\u2019any seg\u00fcent monument art\u00edstic. Despr\u00e9s de la seua rehabilitaci\u00f3 en 1980 i la signatura d\u2019un acord de cessi\u00f3, l\u2019immoble va passar a albergar la Borsa de Val\u00e8ncia, entitat que es va traslladar al setembre de 2021 quan la Generalitat recupera novament aquest edifici per a convertir-lo en la nova seu de l\u2019Institut Valenci\u00e0 de Finances<\/p>\n\n<\/div>\t\t\t\t\t\t<\/div>\n\t\t\t\t<\/div>\n\t\t\t\t\t<\/div>\n\t\t<\/div>\n\t\t\t\t\t\t\t<\/div>\n\t\t<\/section>\n\t\t\t\t\t\t\t<\/div>\n\t\t","protected":false},"excerpt":{"rendered":"<p>Som IVF Institut Valenci\u00e0 de Finances L&#8217;Institut Valenci\u00e0 de Finances \u00e9s un banc promocional de titularitat p\u00fablica, que actua de forma complement\u00e0ria al sistema bancari&hellip;<\/p>\n","protected":false},"author":1,"featured_media":0,"parent":0,"menu_order":0,"comment_status":"closed","ping_status":"closed","template":"","meta":{"footnotes":""},"class_list":["post-848","page","type-page","status-publish","hentry"],"yoast_head":"<!-- This site is optimized with the Yoast SEO plugin v18.0 - https:\/\/yoast.com\/wordpress\/plugins\/seo\/ -->\n<title>Som IVF - IVF<\/title>\n<meta name=\"robots\" content=\"index, follow, max-snippet:-1, max-image-preview:large, max-video-preview:-1\" \/>\n<link rel=\"canonical\" href=\"https:\/\/prestamos.ivf.es\/va\/som-ivf\" \/>\n<meta property=\"og:locale\" content=\"en_US\" \/>\n<meta property=\"og:type\" content=\"article\" \/>\n<meta property=\"og:title\" content=\"Som IVF - IVF\" \/>\n<meta property=\"og:description\" content=\"Som IVF Institut Valenci\u00e0 de Finances L&#8217;Institut Valenci\u00e0 de Finances \u00e9s un banc promocional de titularitat p\u00fablica, que actua de forma complement\u00e0ria al sistema bancari&hellip;\" \/>\n<meta property=\"og:url\" content=\"https:\/\/prestamos.ivf.es\/va\/som-ivf\" \/>\n<meta property=\"og:site_name\" content=\"IVF\" \/>\n<meta property=\"article:modified_time\" content=\"2023-10-16T06:34:51+00:00\" \/>\n<meta property=\"og:image\" content=\"https:\/\/prestamos.ivf.es\/wp-content\/uploads\/2023\/05\/sede-768x1024.jpg\" \/>\n<meta name=\"twitter:card\" content=\"summary_large_image\" \/>\n<meta name=\"twitter:label1\" content=\"Est. reading time\" \/>\n\t<meta name=\"twitter:data1\" content=\"2 minutes\" \/>\n<script type=\"application\/ld+json\" class=\"yoast-schema-graph\">{\"@context\":\"https:\/\/schema.org\",\"@graph\":[{\"@type\":\"WebSite\",\"@id\":\"https:\/\/prestamos.ivf.es\/va\/#website\",\"url\":\"https:\/\/prestamos.ivf.es\/va\/\",\"name\":\"IVF\",\"description\":\"IVF, Nuestro \u00fanico inter\u00e9s eres t\u00fa\",\"potentialAction\":[{\"@type\":\"SearchAction\",\"target\":{\"@type\":\"EntryPoint\",\"urlTemplate\":\"https:\/\/prestamos.ivf.es\/va\/?s={search_term_string}\"},\"query-input\":\"required name=search_term_string\"}],\"inLanguage\":\"va-ES\"},{\"@type\":\"ImageObject\",\"@id\":\"https:\/\/prestamos.ivf.es\/va\/som-ivf#primaryimage\",\"inLanguage\":\"va-ES\",\"url\":\"https:\/\/prestamos.ivf.es\/wp-content\/uploads\/2023\/05\/sede.jpg\",\"contentUrl\":\"https:\/\/prestamos.ivf.es\/wp-content\/uploads\/2023\/05\/sede.jpg\",\"width\":1200,\"height\":1600},{\"@type\":\"WebPage\",\"@id\":\"https:\/\/prestamos.ivf.es\/va\/som-ivf#webpage\",\"url\":\"https:\/\/prestamos.ivf.es\/va\/som-ivf\",\"name\":\"Som IVF - IVF\",\"isPartOf\":{\"@id\":\"https:\/\/prestamos.ivf.es\/va\/#website\"},\"primaryImageOfPage\":{\"@id\":\"https:\/\/prestamos.ivf.es\/va\/som-ivf#primaryimage\"},\"datePublished\":\"2023-03-22T10:46:06+00:00\",\"dateModified\":\"2023-10-16T06:34:51+00:00\",\"breadcrumb\":{\"@id\":\"https:\/\/prestamos.ivf.es\/va\/som-ivf#breadcrumb\"},\"inLanguage\":\"va-ES\",\"potentialAction\":[{\"@type\":\"ReadAction\",\"target\":[\"https:\/\/prestamos.ivf.es\/va\/som-ivf\"]}]},{\"@type\":\"BreadcrumbList\",\"@id\":\"https:\/\/prestamos.ivf.es\/va\/som-ivf#breadcrumb\",\"itemListElement\":[{\"@type\":\"ListItem\",\"position\":1,\"name\":\"Portada\",\"item\":\"https:\/\/prestamos.ivf.es\/va\"},{\"@type\":\"ListItem\",\"position\":2,\"name\":\"Som IVF\"}]}]}<\/script>\n<!-- \/ Yoast SEO plugin. -->","yoast_head_json":{"title":"Som IVF - IVF","robots":{"index":"index","follow":"follow","max-snippet":"max-snippet:-1","max-image-preview":"max-image-preview:large","max-video-preview":"max-video-preview:-1"},"canonical":"https:\/\/prestamos.ivf.es\/va\/som-ivf","og_locale":"en_US","og_type":"article","og_title":"Som IVF - IVF","og_description":"Som IVF Institut Valenci\u00e0 de Finances L&#8217;Institut Valenci\u00e0 de Finances \u00e9s un banc promocional de titularitat p\u00fablica, que actua de forma complement\u00e0ria al sistema bancari&hellip;","og_url":"https:\/\/prestamos.ivf.es\/va\/som-ivf","og_site_name":"IVF","article_modified_time":"2023-10-16T06:34:51+00:00","og_image":[{"url":"https:\/\/prestamos.ivf.es\/wp-content\/uploads\/2023\/05\/sede-768x1024.jpg"}],"twitter_card":"summary_large_image","twitter_misc":{"Est. reading time":"2 minutes"},"schema":{"@context":"https:\/\/schema.org","@graph":[{"@type":"WebSite","@id":"https:\/\/prestamos.ivf.es\/va\/#website","url":"https:\/\/prestamos.ivf.es\/va\/","name":"IVF","description":"IVF, Nuestro \u00fanico inter\u00e9s eres t\u00fa","potentialAction":[{"@type":"SearchAction","target":{"@type":"EntryPoint","urlTemplate":"https:\/\/prestamos.ivf.es\/va\/?s={search_term_string}"},"query-input":"required name=search_term_string"}],"inLanguage":"va-ES"},{"@type":"ImageObject","@id":"https:\/\/prestamos.ivf.es\/va\/som-ivf#primaryimage","inLanguage":"va-ES","url":"https:\/\/prestamos.ivf.es\/wp-content\/uploads\/2023\/05\/sede.jpg","contentUrl":"https:\/\/prestamos.ivf.es\/wp-content\/uploads\/2023\/05\/sede.jpg","width":1200,"height":1600},{"@type":"WebPage","@id":"https:\/\/prestamos.ivf.es\/va\/som-ivf#webpage","url":"https:\/\/prestamos.ivf.es\/va\/som-ivf","name":"Som IVF - IVF","isPartOf":{"@id":"https:\/\/prestamos.ivf.es\/va\/#website"},"primaryImageOfPage":{"@id":"https:\/\/prestamos.ivf.es\/va\/som-ivf#primaryimage"},"datePublished":"2023-03-22T10:46:06+00:00","dateModified":"2023-10-16T06:34:51+00:00","breadcrumb":{"@id":"https:\/\/prestamos.ivf.es\/va\/som-ivf#breadcrumb"},"inLanguage":"va-ES","potentialAction":[{"@type":"ReadAction","target":["https:\/\/prestamos.ivf.es\/va\/som-ivf"]}]},{"@type":"BreadcrumbList","@id":"https:\/\/prestamos.ivf.es\/va\/som-ivf#breadcrumb","itemListElement":[{"@type":"ListItem","position":1,"name":"Portada","item":"https:\/\/prestamos.ivf.es\/va"},{"@type":"ListItem","position":2,"name":"Som IVF"}]}]}},"_links":{"self":[{"href":"https:\/\/prestamos.ivf.es\/va\/wp-json\/wp\/v2\/pages\/848","targetHints":{"allow":["GET"]}}],"collection":[{"href":"https:\/\/prestamos.ivf.es\/va\/wp-json\/wp\/v2\/pages"}],"about":[{"href":"https:\/\/prestamos.ivf.es\/va\/wp-json\/wp\/v2\/types\/page"}],"author":[{"embeddable":true,"href":"https:\/\/prestamos.ivf.es\/va\/wp-json\/wp\/v2\/users\/1"}],"replies":[{"embeddable":true,"href":"https:\/\/prestamos.ivf.es\/va\/wp-json\/wp\/v2\/comments?post=848"}],"version-history":[{"count":39,"href":"https:\/\/prestamos.ivf.es\/va\/wp-json\/wp\/v2\/pages\/848\/revisions"}],"predecessor-version":[{"id":3190,"href":"https:\/\/prestamos.ivf.es\/va\/wp-json\/wp\/v2\/pages\/848\/revisions\/3190"}],"wp:attachment":[{"href":"https:\/\/prestamos.ivf.es\/va\/wp-json\/wp\/v2\/media?parent=848"}],"curies":[{"name":"wp","href":"https:\/\/api.w.org\/{rel}","templated":true}]}}