{"id":6334,"date":"2025-07-09T10:32:59","date_gmt":"2025-07-09T10:32:59","guid":{"rendered":"https:\/\/prestamos.ivf.es\/?page_id=6334"},"modified":"2026-02-27T09:45:39","modified_gmt":"2026-02-27T09:45:39","slug":"linia-bonificada-ivf-pyme-inversio-2026","status":"publish","type":"page","link":"https:\/\/prestamos.ivf.es\/va\/prestecs\/linia-bonificada-ivf-pyme-inversio-2026","title":{"rendered":"L\u00ednia Bonificada IVF Pyme Inversi\u00f3 2026"},"content":{"rendered":"\t\t<div data-elementor-type=\"wp-page\" data-elementor-id=\"6334\" class=\"elementor elementor-6334\">\n\t\t\t\t\t\t\t\t\t<section class=\"elementor-section elementor-top-section elementor-element elementor-element-3321343d elementor-section-height-min-height elementor-section-stretched cabecera-top elementor-section-boxed elementor-section-height-default elementor-section-items-middle\" data-id=\"3321343d\" data-element_type=\"section\" data-settings=\"{&quot;stretch_section&quot;:&quot;section-stretched&quot;,&quot;background_background&quot;:&quot;classic&quot;}\">\n\t\t\t\t\t\t\t<div class=\"elementor-background-overlay\"><\/div>\n\t\t\t\t\t\t\t<div class=\"elementor-container elementor-column-gap-default\">\n\t\t\t\t\t<div class=\"elementor-column elementor-col-50 elementor-top-column elementor-element elementor-element-4ea1eb14\" data-id=\"4ea1eb14\" data-element_type=\"column\">\n\t\t\t<div class=\"elementor-widget-wrap elementor-element-populated\">\n\t\t\t\t\t\t\t\t<div class=\"elementor-element elementor-element-5e55105b hola elementor-widget elementor-widget-heading\" data-id=\"5e55105b\" data-element_type=\"widget\" data-widget_type=\"heading.default\">\n\t\t\t\t<div class=\"elementor-widget-container\">\n\t\t\t<style>\/*! elementor - v3.14.0 - 26-06-2023 *\/\n.elementor-heading-title{padding:0;margin:0;line-height:1}.elementor-widget-heading .elementor-heading-title[class*=elementor-size-]>a{color:inherit;font-size:inherit;line-height:inherit}.elementor-widget-heading .elementor-heading-title.elementor-size-small{font-size:15px}.elementor-widget-heading .elementor-heading-title.elementor-size-medium{font-size:19px}.elementor-widget-heading .elementor-heading-title.elementor-size-large{font-size:29px}.elementor-widget-heading .elementor-heading-title.elementor-size-xl{font-size:39px}.elementor-widget-heading .elementor-heading-title.elementor-size-xxl{font-size:59px}<\/style><h1 class=\"elementor-heading-title elementor-size-default\">L\u00ednia Finan\u00e7ament IVF PIME INVERSI\u00d3 2026<\/h1>\t\t<\/div>\n\t\t\t\t<\/div>\n\t\t\t\t<div class=\"elementor-element elementor-element-4f67172 elementor-widget elementor-widget-heading\" data-id=\"4f67172\" data-element_type=\"widget\" data-widget_type=\"heading.default\">\n\t\t\t\t<div class=\"elementor-widget-container\">\n\t\t\t<h4 class=\"elementor-heading-title elementor-size-default\">Pr\u00e9stecs de fins a 2.000.000 d'euros per a petites i mitjanes empreses que duguin a terme projectes d'inversi\u00f3 en actius fixos.<\/h4>\t\t<\/div>\n\t\t\t\t<\/div>\n\t\t\t\t<section class=\"elementor-section elementor-inner-section elementor-element elementor-element-f2a48e8 elementor-section-boxed elementor-section-height-default elementor-section-height-default\" data-id=\"f2a48e8\" data-element_type=\"section\">\n\t\t\t\t\t\t<div class=\"elementor-container elementor-column-gap-default\">\n\t\t\t\t\t<div class=\"elementor-column elementor-col-50 elementor-inner-column elementor-element elementor-element-89b030a\" data-id=\"89b030a\" data-element_type=\"column\">\n\t\t\t<div class=\"elementor-widget-wrap elementor-element-populated\">\n\t\t\t\t\t\t\t\t<div class=\"elementor-element elementor-element-581f0af elementor-widget__width-initial elementor-widget elementor-widget-button\" data-id=\"581f0af\" data-element_type=\"widget\" data-widget_type=\"button.default\">\n\t\t\t\t<div class=\"elementor-widget-container\">\n\t\t\t\t\t<div class=\"elementor-button-wrapper\">\n\t\t\t<a class=\"elementor-button elementor-button-link elementor-size-sm\" href=\"https:\/\/prestamos.ivf.es\/wp-content\/uploads\/2026\/02\/Convocatoria-DOGV-Linea-Inversion-Pyme-2026_valenciano.pdf\" target=\"_blank\">\n\t\t\t\t\t\t<span class=\"elementor-button-content-wrapper\">\n\t\t\t\t\t\t<span class=\"elementor-button-text\">BASES CONVOCAT\u00d2RIA<\/span>\n\t\t<\/span>\n\t\t\t\t\t<\/a>\n\t\t<\/div>\n\t\t\t\t<\/div>\n\t\t\t\t<\/div>\n\t\t\t\t\t<\/div>\n\t\t<\/div>\n\t\t\t\t<div class=\"elementor-column elementor-col-50 elementor-inner-column elementor-element elementor-element-d50686b\" data-id=\"d50686b\" data-element_type=\"column\">\n\t\t\t<div class=\"elementor-widget-wrap elementor-element-populated\">\n\t\t\t\t\t\t\t\t<div class=\"elementor-element elementor-element-2dac503 elementor-widget__width-initial elementor-widget elementor-widget-button\" data-id=\"2dac503\" data-element_type=\"widget\" data-widget_type=\"button.default\">\n\t\t\t\t<div class=\"elementor-widget-container\">\n\t\t\t\t\t<div class=\"elementor-button-wrapper\">\n\t\t\t<a class=\"elementor-button elementor-button-link elementor-size-sm\" href=\"https:\/\/sede.ivf.es\/procedures\/0b0d88ce-ba9b-476a-a8a1-30f53033daeb?action=online\" target=\"_blank\">\n\t\t\t\t\t\t<span class=\"elementor-button-content-wrapper\">\n\t\t\t\t\t\t<span class=\"elementor-button-text\">SOL\u00b7ICITAR<\/span>\n\t\t<\/span>\n\t\t\t\t\t<\/a>\n\t\t<\/div>\n\t\t\t\t<\/div>\n\t\t\t\t<\/div>\n\t\t\t\t\t<\/div>\n\t\t<\/div>\n\t\t\t\t\t\t\t<\/div>\n\t\t<\/section>\n\t\t\t\t\t<\/div>\n\t\t<\/div>\n\t\t\t\t<div class=\"elementor-column elementor-col-50 elementor-top-column elementor-element elementor-element-1393229\" data-id=\"1393229\" data-element_type=\"column\">\n\t\t\t<div class=\"elementor-widget-wrap\">\n\t\t\t\t\t\t\t\t\t<\/div>\n\t\t<\/div>\n\t\t\t\t\t\t\t<\/div>\n\t\t<\/section>\n\t\t\t\t<section class=\"elementor-section elementor-top-section elementor-element elementor-element-0c4a25a elementor-section-stretched elementor-section-boxed elementor-section-height-default elementor-section-height-default\" data-id=\"0c4a25a\" data-element_type=\"section\" data-settings=\"{&quot;stretch_section&quot;:&quot;section-stretched&quot;}\">\n\t\t\t\t\t\t<div class=\"elementor-container elementor-column-gap-default\">\n\t\t\t\t\t<div class=\"elementor-column elementor-col-100 elementor-top-column elementor-element elementor-element-130f6ff\" data-id=\"130f6ff\" data-element_type=\"column\">\n\t\t\t<div class=\"elementor-widget-wrap elementor-element-populated\">\n\t\t\t\t\t\t\t\t<div class=\"elementor-element elementor-element-d64932c elementor-widget elementor-widget-eael-adv-tabs\" data-id=\"d64932c\" data-element_type=\"widget\" data-widget_type=\"eael-adv-tabs.default\">\n\t\t\t\t<div class=\"elementor-widget-container\">\n\t\t\t        <div id=\"eael-advance-tabs-d64932c\" class=\"eael-advance-tabs eael-tabs-horizontal eael-tab-auto-active \" data-tabid=\"d64932c\">\n            <div class=\"eael-tabs-nav\">\n                <ul class=\"\">\n                                            <li id=\"beneficiaris\" class=\"active-default eael-tab-item-trigger\" aria-selected=\"true\" data-tab=\"1\" role=\"tab\" tabindex=\"0\" aria-controls=\"beneficiaris-tab\" aria-expanded=\"false\">\n                            \n                            \n                            \n                                                            <span class=\"eael-tab-title  title-after-icon\">Beneficiaris<\/span>                                                    <\/li>\n                                            <li id=\"condicions\" class=\"inactive eael-tab-item-trigger\" aria-selected=\"false\" data-tab=\"2\" role=\"tab\" tabindex=\"-1\" aria-controls=\"condicions-tab\" aria-expanded=\"false\">\n                            \n                            \n                            \n                                                            <span class=\"eael-tab-title  title-after-icon\">Condicions<\/span>                                                    <\/li>\n                                            <li id=\"requisits\" class=\"inactive eael-tab-item-trigger\" aria-selected=\"false\" data-tab=\"3\" role=\"tab\" tabindex=\"-1\" aria-controls=\"requisits-tab\" aria-expanded=\"false\">\n                            \n                            \n                            \n                                                            <span class=\"eael-tab-title  title-after-icon\">Requisits<\/span>                                                    <\/li>\n                                            <li id=\"gastos-finanables-elegibles\" class=\"inactive eael-tab-item-trigger\" aria-selected=\"false\" data-tab=\"4\" role=\"tab\" tabindex=\"-1\" aria-controls=\"gastos-finanables-elegibles-tab\" aria-expanded=\"false\">\n                            \n                            \n                            \n                                                            <span class=\"eael-tab-title  title-after-icon\">Gastos finan\u00e7ables elegibles<\/span>                                                    <\/li>\n                                    <\/ul>\n            <\/div>\n            \n            <div class=\"eael-tabs-content\">\n\t\t        \n                    <div id=\"beneficiaris-tab\" class=\"clearfix eael-tab-content-item active-default\" data-title-link=\"beneficiaris-tab\">\n\t\t\t\t        \t\t\t\t\t        <ul class=\"pesta\u00f1as-linea\"><li>Projectes empresarials desenrotllats per Pimes la finalitat de les quals siga la inversi\u00f3 en actius fixos.<\/li><\/ul><p>* Consultar les bases completes en la convocat\u00f2ria<\/p>\t\t\t\t                            <\/div>\n\t\t        \n                    <div id=\"condicions-tab\" class=\"clearfix eael-tab-content-item inactive\" data-title-link=\"condicions-tab\">\n\t\t\t\t        \t\t\t\t\t        <ul class=\"pesta\u00f1as-linea\"><li>Import m\u00ednim de 200.000 euros i m\u00e0xim de 2.000.000 euros (l'import m\u00e0xim es determinar\u00e0 atenent el volum de negoci que acredite el sol\u00b7licitant).<\/li><\/ul><ul class=\"pesta\u00f1as-linea\"><li>Terminis: de 4 a 10 anys (possibilitat de car\u00e8ncia fins a 3 anys.<\/li><li>Tipus d'inter\u00e9s fix del 1,75% (sobre el tipus d'inter\u00e9s que correspondria aplicar en funci\u00f3 de la qualificaci\u00f3 credit\u00edcia del sol\u00b7licitant, s'aplicar\u00e0 una bonificaci\u00f3 de manera que el tipus a pagar ser\u00e0 un tipus fix del 1,75%).<\/li><\/ul><ul class=\"pesta\u00f1as-linea\"><li>Comissions: No s'aplicaran comissions d'obertura ni per cancel\u00b7laci\u00f3 anticipada.<\/li><\/ul><p>* Consultar les bases completes en la convocat\u00f2ria<\/p>\t\t\t\t                            <\/div>\n\t\t        \n                    <div id=\"requisits-tab\" class=\"clearfix eael-tab-content-item inactive\" data-title-link=\"requisits-tab\">\n\t\t\t\t        \t\t\t\t\t        <div class=\"grve-element grve-text\"><p>Els beneficiaris han de complir els seg\u00fcents requisits, entre altres*:<\/p><\/div><div class=\"grve-element grve-list grve-list-check \"><ul class=\"pesta\u00f1as-linea\"><li>Ser xicoteta o mitjana empresa.<\/li><li>Tenir, almenys, un establiment o sucursal radicat en la Comunitat Valenciana o, sense tindre\u2019l, el projecte presentat per al seu finan\u00e7ament de conformitat amb la present convocat\u00f2ria es destina a instal\u00b7lar el seu primer establiment o sucursal en la Comunitat Valenciana.<\/li><li>Haur\u00e0 d\u2019acreditar en el moment de la sol\u00b7licitud una antiguitat m\u00ednima de dos anys i comptar com a m\u00ednim amb un empleat o un treballador aut\u00f2nom societari. Este requisit no ser\u00e0 aplicable quan el projecte presentat per al seu finan\u00e7ament tinga per objecte la implantaci\u00f3 d\u2019una persona jur\u00eddica de nova creaci\u00f3 el domicili social de la qual vaja a situar-se en la Comunitat Valenciana.<\/li><li>Estar en disposici\u00f3 de comptar amb totes les llic\u00e8ncies, autoritzacions i permisos necessaris per a l'execuci\u00f3 del projecte i complir la normativa nacional i comunit\u00e0ria que resulte aplicable, en particular, en mat\u00e8ria de compet\u00e8ncia, contractaci\u00f3 del sector p\u00fablic i medi ambient.<\/li><li>Estar al corrent de compliment de les obligacions tribut\u00e0ries davant l'Estat i la Generalitat, aix\u00ed com de les obligacions davant la Seguretat Social.<\/li><li>No estar subjecte a una orde de recuperaci\u00f3 pendent, despr\u00e9s d'una decisi\u00f3 de la Comissi\u00f3 Europea declarant una ajuda il\u00b7legal i incompatible amb el mercat com\u00fa.<\/li><li>No encontrarse en ninguna de las circunstancias previstas en el art\u00edculo 13 de la Ley 38\/2003, de 17 de noviembre, General de Subvenciones.<\/li><li>El beneficiari no pot estar afectat per qualsevol de les situacions seg\u00fcents:<br \/><ul class=\"pesta\u00f1as-linea\"><li>Incid\u00e8ncies amb entitats financeres en CIRBE i\/o en registres d\u2019impagats.<\/li><li>Fons propis negatius a data de l\u2019\u00faltim tancament comptable (llevat que el sol\u00b7licitant puga acreditar que la referida situaci\u00f3 de desequilibri patrimonial ha sigut esmenada a la data de presentaci\u00f3 de la sol\u00b7licitud de finan\u00e7ament).<\/li><li>P\u00e8rdues continuades en els \u00faltims dos exercicis (llevat que l\u2019operaci\u00f3 dispose o estiga en disposici\u00f3 d\u2019obtindre un aval d\u2019AFIN-SGR pel 100 % del valor nominal i els interessos ordinaris).<\/li><\/ul><\/li><\/ul><p>* Consultar les bases completes en la convocat\u00f2ria<\/p><\/div>\t\t\t\t                            <\/div>\n\t\t        \n                    <div id=\"gastos-finanables-elegibles-tab\" class=\"clearfix eael-tab-content-item inactive\" data-title-link=\"gastos-finanables-elegibles-tab\">\n\t\t\t\t        \t\t\t\t\t        <div class=\"grve-element grve-text\"><p>Com a inversions en actius fixos, seran gastos finan\u00e7ables:<\/p><\/div><div class=\"grve-element grve-list grve-list-check \"><ul class=\"pesta\u00f1as-linea\"><li>Adquisici\u00f3 i condicionament de terrenys, per a la seua utilitzaci\u00f3 en la producci\u00f3 dels b\u00e9ns i servicis que constitu\u00efxen l'activitat principal de la PIME fins al 20% del valor nominal del pr\u00e9stec.<\/li><li>Adquisici\u00f3, rehabilitaci\u00f3, reforma i construcci\u00f3 de naus, locals comercials, instal\u00b7lacions i altres immobles, per al desenrotllament de l'activitat de la PIME.<\/li><li>Construcci\u00f3 d'instal\u00b7lacions d'energia renovable, tant si el seu dest\u00ed \u00e9s l'autoconsum com l'abocament a xarxa, sempre que els projectes no superen una pot\u00e8ncia de 30 MWp.<\/li><li>Adquisici\u00f3 d'equipament vinculat a les tecnologies de la informaci\u00f3 i la comunicaci\u00f3.<\/li><li>Maquin\u00e0ria, ferramentes, motles o utillatge.<\/li><li>Mobiliari.<\/li><li>Vehicles industrials i elements de transport afectes a l'explotaci\u00f3<\/li><li>Actius intangibles, com els gastos d'investigaci\u00f3 i desenrotllament, la propietat industrial, els drets de trasp\u00e0s o les aplicacions inform\u00e0tiques.<\/li><li>Adquisici\u00f3 de participacions empresarials a fi d'ampliar la capacitat productiva de l'empresa, millorar les condicions d'acc\u00e9s al finan\u00e7ament, o assegurar el subministrament d'inputs clau per al proc\u00e9s productiu de l'empresa.<\/li><\/ul><\/div><div class=\"grve-element grve-text\"><p>* Consultar les bases completes en la convocat\u00f2ria<\/p><\/div>\t\t\t\t                            <\/div>\n\t\t                    <\/div>\n        <\/div>\n\t\t<\/div>\n\t\t\t\t<\/div>\n\t\t\t\t\t<\/div>\n\t\t<\/div>\n\t\t\t\t\t\t\t<\/div>\n\t\t<\/section>\n\t\t\t\t\t\t\t<\/div>\n\t\t","protected":false},"excerpt":{"rendered":"<p>L\u00ednia Finan\u00e7ament IVF PIME INVERSI\u00d3 2026 Pr\u00e9stecs de fins a 2.000.000 d&#8217;euros per a petites i mitjanes empreses que duguin a terme projectes d&#8217;inversi\u00f3 en&hellip;<\/p>\n","protected":false},"author":1,"featured_media":0,"parent":986,"menu_order":0,"comment_status":"closed","ping_status":"closed","template":"","meta":{"footnotes":""},"class_list":["post-6334","page","type-page","status-publish","hentry"],"yoast_head":"<!-- This site is optimized with the Yoast SEO plugin v18.0 - https:\/\/yoast.com\/wordpress\/plugins\/seo\/ -->\n<title>L\u00ednia Bonificada IVF Pyme Inversi\u00f3 2026 - IVF<\/title>\n<meta name=\"robots\" content=\"index, follow, max-snippet:-1, max-image-preview:large, max-video-preview:-1\" \/>\n<link rel=\"canonical\" href=\"https:\/\/prestamos.ivf.es\/va\/prestecs\/linia-bonificada-ivf-pyme-inversio-2026\" \/>\n<meta property=\"og:locale\" content=\"en_US\" \/>\n<meta property=\"og:type\" content=\"article\" \/>\n<meta property=\"og:title\" content=\"L\u00ednia Bonificada IVF Pyme Inversi\u00f3 2026 - IVF\" \/>\n<meta property=\"og:description\" content=\"L\u00ednia Finan\u00e7ament IVF PIME INVERSI\u00d3 2026 Pr\u00e9stecs de fins a 2.000.000 d&#8217;euros per a petites i mitjanes empreses que duguin a terme projectes d&#8217;inversi\u00f3 en&hellip;\" \/>\n<meta property=\"og:url\" content=\"https:\/\/prestamos.ivf.es\/va\/prestecs\/linia-bonificada-ivf-pyme-inversio-2026\" \/>\n<meta property=\"og:site_name\" content=\"IVF\" \/>\n<meta property=\"article:modified_time\" content=\"2026-02-27T09:45:39+00:00\" \/>\n<meta name=\"twitter:card\" content=\"summary_large_image\" \/>\n<meta name=\"twitter:label1\" content=\"Est. reading time\" \/>\n\t<meta name=\"twitter:data1\" content=\"3 minutes\" \/>\n<script type=\"application\/ld+json\" class=\"yoast-schema-graph\">{\"@context\":\"https:\/\/schema.org\",\"@graph\":[{\"@type\":\"WebSite\",\"@id\":\"https:\/\/prestamos.ivf.es\/va\/#website\",\"url\":\"https:\/\/prestamos.ivf.es\/va\/\",\"name\":\"IVF\",\"description\":\"IVF, Nuestro \u00fanico inter\u00e9s eres t\u00fa\",\"potentialAction\":[{\"@type\":\"SearchAction\",\"target\":{\"@type\":\"EntryPoint\",\"urlTemplate\":\"https:\/\/prestamos.ivf.es\/va\/?s={search_term_string}\"},\"query-input\":\"required name=search_term_string\"}],\"inLanguage\":\"va-ES\"},{\"@type\":\"WebPage\",\"@id\":\"https:\/\/prestamos.ivf.es\/va\/prestecs\/linia-bonificada-ivf-pyme-inversio-2026#webpage\",\"url\":\"https:\/\/prestamos.ivf.es\/va\/prestecs\/linia-bonificada-ivf-pyme-inversio-2026\",\"name\":\"L\u00ednia Bonificada IVF Pyme Inversi\u00f3 2026 - IVF\",\"isPartOf\":{\"@id\":\"https:\/\/prestamos.ivf.es\/va\/#website\"},\"datePublished\":\"2025-07-09T10:32:59+00:00\",\"dateModified\":\"2026-02-27T09:45:39+00:00\",\"breadcrumb\":{\"@id\":\"https:\/\/prestamos.ivf.es\/va\/prestecs\/linia-bonificada-ivf-pyme-inversio-2026#breadcrumb\"},\"inLanguage\":\"va-ES\",\"potentialAction\":[{\"@type\":\"ReadAction\",\"target\":[\"https:\/\/prestamos.ivf.es\/va\/prestecs\/linia-bonificada-ivf-pyme-inversio-2026\"]}]},{\"@type\":\"BreadcrumbList\",\"@id\":\"https:\/\/prestamos.ivf.es\/va\/prestecs\/linia-bonificada-ivf-pyme-inversio-2026#breadcrumb\",\"itemListElement\":[{\"@type\":\"ListItem\",\"position\":1,\"name\":\"Portada\",\"item\":\"https:\/\/prestamos.ivf.es\/va\"},{\"@type\":\"ListItem\",\"position\":2,\"name\":\"Pr\u00e9stecs\",\"item\":\"https:\/\/prestamos.ivf.es\/va\/prestamos\"},{\"@type\":\"ListItem\",\"position\":3,\"name\":\"L\u00ednia Bonificada IVF Pyme Inversi\u00f3 2026\"}]}]}<\/script>\n<!-- \/ Yoast SEO plugin. -->","yoast_head_json":{"title":"L\u00ednia Bonificada IVF Pyme Inversi\u00f3 2026 - IVF","robots":{"index":"index","follow":"follow","max-snippet":"max-snippet:-1","max-image-preview":"max-image-preview:large","max-video-preview":"max-video-preview:-1"},"canonical":"https:\/\/prestamos.ivf.es\/va\/prestecs\/linia-bonificada-ivf-pyme-inversio-2026","og_locale":"en_US","og_type":"article","og_title":"L\u00ednia Bonificada IVF Pyme Inversi\u00f3 2026 - IVF","og_description":"L\u00ednia Finan\u00e7ament IVF PIME INVERSI\u00d3 2026 Pr\u00e9stecs de fins a 2.000.000 d&#8217;euros per a petites i mitjanes empreses que duguin a terme projectes d&#8217;inversi\u00f3 en&hellip;","og_url":"https:\/\/prestamos.ivf.es\/va\/prestecs\/linia-bonificada-ivf-pyme-inversio-2026","og_site_name":"IVF","article_modified_time":"2026-02-27T09:45:39+00:00","twitter_card":"summary_large_image","twitter_misc":{"Est. reading time":"3 minutes"},"schema":{"@context":"https:\/\/schema.org","@graph":[{"@type":"WebSite","@id":"https:\/\/prestamos.ivf.es\/va\/#website","url":"https:\/\/prestamos.ivf.es\/va\/","name":"IVF","description":"IVF, Nuestro \u00fanico inter\u00e9s eres t\u00fa","potentialAction":[{"@type":"SearchAction","target":{"@type":"EntryPoint","urlTemplate":"https:\/\/prestamos.ivf.es\/va\/?s={search_term_string}"},"query-input":"required name=search_term_string"}],"inLanguage":"va-ES"},{"@type":"WebPage","@id":"https:\/\/prestamos.ivf.es\/va\/prestecs\/linia-bonificada-ivf-pyme-inversio-2026#webpage","url":"https:\/\/prestamos.ivf.es\/va\/prestecs\/linia-bonificada-ivf-pyme-inversio-2026","name":"L\u00ednia Bonificada IVF Pyme Inversi\u00f3 2026 - IVF","isPartOf":{"@id":"https:\/\/prestamos.ivf.es\/va\/#website"},"datePublished":"2025-07-09T10:32:59+00:00","dateModified":"2026-02-27T09:45:39+00:00","breadcrumb":{"@id":"https:\/\/prestamos.ivf.es\/va\/prestecs\/linia-bonificada-ivf-pyme-inversio-2026#breadcrumb"},"inLanguage":"va-ES","potentialAction":[{"@type":"ReadAction","target":["https:\/\/prestamos.ivf.es\/va\/prestecs\/linia-bonificada-ivf-pyme-inversio-2026"]}]},{"@type":"BreadcrumbList","@id":"https:\/\/prestamos.ivf.es\/va\/prestecs\/linia-bonificada-ivf-pyme-inversio-2026#breadcrumb","itemListElement":[{"@type":"ListItem","position":1,"name":"Portada","item":"https:\/\/prestamos.ivf.es\/va"},{"@type":"ListItem","position":2,"name":"Pr\u00e9stecs","item":"https:\/\/prestamos.ivf.es\/va\/prestamos"},{"@type":"ListItem","position":3,"name":"L\u00ednia Bonificada IVF Pyme Inversi\u00f3 2026"}]}]}},"_links":{"self":[{"href":"https:\/\/prestamos.ivf.es\/va\/wp-json\/wp\/v2\/pages\/6334","targetHints":{"allow":["GET"]}}],"collection":[{"href":"https:\/\/prestamos.ivf.es\/va\/wp-json\/wp\/v2\/pages"}],"about":[{"href":"https:\/\/prestamos.ivf.es\/va\/wp-json\/wp\/v2\/types\/page"}],"author":[{"embeddable":true,"href":"https:\/\/prestamos.ivf.es\/va\/wp-json\/wp\/v2\/users\/1"}],"replies":[{"embeddable":true,"href":"https:\/\/prestamos.ivf.es\/va\/wp-json\/wp\/v2\/comments?post=6334"}],"version-history":[{"count":37,"href":"https:\/\/prestamos.ivf.es\/va\/wp-json\/wp\/v2\/pages\/6334\/revisions"}],"predecessor-version":[{"id":6957,"href":"https:\/\/prestamos.ivf.es\/va\/wp-json\/wp\/v2\/pages\/6334\/revisions\/6957"}],"up":[{"embeddable":true,"href":"https:\/\/prestamos.ivf.es\/va\/wp-json\/wp\/v2\/pages\/986"}],"wp:attachment":[{"href":"https:\/\/prestamos.ivf.es\/va\/wp-json\/wp\/v2\/media?parent=6334"}],"curies":[{"name":"wp","href":"https:\/\/api.w.org\/{rel}","templated":true}]}}