{"id":6269,"date":"2025-07-09T10:01:19","date_gmt":"2025-07-09T10:01:19","guid":{"rendered":"https:\/\/prestamos.ivf.es\/?page_id=6269"},"modified":"2026-03-03T08:42:55","modified_gmt":"2026-03-03T08:42:55","slug":"linia-bonificada-ivf-industria-agroalimentaria-2026","status":"publish","type":"page","link":"https:\/\/prestamos.ivf.es\/va\/prestecs\/linia-bonificada-ivf-industria-agroalimentaria-2026","title":{"rendered":"L\u00ednia Bonificada IVF Ind\u00fastria Agroalimentaria 2026"},"content":{"rendered":"\t\t<div data-elementor-type=\"wp-page\" data-elementor-id=\"6269\" class=\"elementor elementor-6269\">\n\t\t\t\t\t\t\t\t\t<section class=\"elementor-section elementor-top-section elementor-element elementor-element-3321343d elementor-section-height-min-height elementor-section-stretched cabecera-top elementor-section-boxed elementor-section-height-default elementor-section-items-middle\" data-id=\"3321343d\" data-element_type=\"section\" data-settings=\"{&quot;stretch_section&quot;:&quot;section-stretched&quot;,&quot;background_background&quot;:&quot;classic&quot;}\">\n\t\t\t\t\t\t\t<div class=\"elementor-background-overlay\"><\/div>\n\t\t\t\t\t\t\t<div class=\"elementor-container elementor-column-gap-default\">\n\t\t\t\t\t<div class=\"elementor-column elementor-col-50 elementor-top-column elementor-element elementor-element-4ea1eb14\" data-id=\"4ea1eb14\" data-element_type=\"column\">\n\t\t\t<div class=\"elementor-widget-wrap elementor-element-populated\">\n\t\t\t\t\t\t\t\t<div class=\"elementor-element elementor-element-5e55105b hola elementor-widget elementor-widget-heading\" data-id=\"5e55105b\" data-element_type=\"widget\" data-widget_type=\"heading.default\">\n\t\t\t\t<div class=\"elementor-widget-container\">\n\t\t\t<style>\/*! elementor - v3.14.0 - 26-06-2023 *\/\n.elementor-heading-title{padding:0;margin:0;line-height:1}.elementor-widget-heading .elementor-heading-title[class*=elementor-size-]>a{color:inherit;font-size:inherit;line-height:inherit}.elementor-widget-heading .elementor-heading-title.elementor-size-small{font-size:15px}.elementor-widget-heading .elementor-heading-title.elementor-size-medium{font-size:19px}.elementor-widget-heading .elementor-heading-title.elementor-size-large{font-size:29px}.elementor-widget-heading .elementor-heading-title.elementor-size-xl{font-size:39px}.elementor-widget-heading .elementor-heading-title.elementor-size-xxl{font-size:59px}<\/style><h1 class=\"elementor-heading-title elementor-size-default\">L\u00ednia de Finan\u00e7ament Bonificat IVF Ind\u00fastria Agroaliment\u00e0ria 2026<\/h1>\t\t<\/div>\n\t\t\t\t<\/div>\n\t\t\t\t<div class=\"elementor-element elementor-element-4f67172 elementor-widget elementor-widget-heading\" data-id=\"4f67172\" data-element_type=\"widget\" data-widget_type=\"heading.default\">\n\t\t\t\t<div class=\"elementor-widget-container\">\n\t\t\t<h4 class=\"elementor-heading-title elementor-size-default\">Pr\u00e9stecs de fins a 600.000 euros per a societats mercantils i cooperatives pertanyents a la ind\u00fastria i cadena agroaliment\u00e0ria<\/h4>\t\t<\/div>\n\t\t\t\t<\/div>\n\t\t\t\t<section class=\"elementor-section elementor-inner-section elementor-element elementor-element-f2a48e8 elementor-section-boxed elementor-section-height-default elementor-section-height-default\" data-id=\"f2a48e8\" data-element_type=\"section\">\n\t\t\t\t\t\t<div class=\"elementor-container elementor-column-gap-default\">\n\t\t\t\t\t<div class=\"elementor-column elementor-col-50 elementor-inner-column elementor-element elementor-element-89b030a\" data-id=\"89b030a\" data-element_type=\"column\">\n\t\t\t<div class=\"elementor-widget-wrap elementor-element-populated\">\n\t\t\t\t\t\t\t\t<div class=\"elementor-element elementor-element-581f0af elementor-widget__width-initial elementor-widget elementor-widget-button\" data-id=\"581f0af\" data-element_type=\"widget\" data-widget_type=\"button.default\">\n\t\t\t\t<div class=\"elementor-widget-container\">\n\t\t\t\t\t<div class=\"elementor-button-wrapper\">\n\t\t\t<a class=\"elementor-button elementor-button-link elementor-size-sm\" href=\"https:\/\/prestamos.ivf.es\/wp-content\/uploads\/2026\/03\/00_convocatoria_vlc_agroalimentaria_2026.pdf\" target=\"_blank\">\n\t\t\t\t\t\t<span class=\"elementor-button-content-wrapper\">\n\t\t\t\t\t\t<span class=\"elementor-button-text\">BASES CONVOCAT\u00d2RIA<\/span>\n\t\t<\/span>\n\t\t\t\t\t<\/a>\n\t\t<\/div>\n\t\t\t\t<\/div>\n\t\t\t\t<\/div>\n\t\t\t\t\t<\/div>\n\t\t<\/div>\n\t\t\t\t<div class=\"elementor-column elementor-col-50 elementor-inner-column elementor-element elementor-element-d50686b\" data-id=\"d50686b\" data-element_type=\"column\">\n\t\t\t<div class=\"elementor-widget-wrap elementor-element-populated\">\n\t\t\t\t\t\t\t\t<div class=\"elementor-element elementor-element-2dac503 elementor-widget__width-initial elementor-widget elementor-widget-button\" data-id=\"2dac503\" data-element_type=\"widget\" data-widget_type=\"button.default\">\n\t\t\t\t<div class=\"elementor-widget-container\">\n\t\t\t\t\t<div class=\"elementor-button-wrapper\">\n\t\t\t<a class=\"elementor-button elementor-button-link elementor-size-sm\" href=\"https:\/\/sede.ivf.es\/procedures\/9c71cc39-e32b-443a-8a7c-69f5fe36c176?action=online\" target=\"_blank\">\n\t\t\t\t\t\t<span class=\"elementor-button-content-wrapper\">\n\t\t\t\t\t\t<span class=\"elementor-button-text\">SOL\u00b7ICITAR<\/span>\n\t\t<\/span>\n\t\t\t\t\t<\/a>\n\t\t<\/div>\n\t\t\t\t<\/div>\n\t\t\t\t<\/div>\n\t\t\t\t\t<\/div>\n\t\t<\/div>\n\t\t\t\t\t\t\t<\/div>\n\t\t<\/section>\n\t\t\t\t\t<\/div>\n\t\t<\/div>\n\t\t\t\t<div class=\"elementor-column elementor-col-50 elementor-top-column elementor-element elementor-element-1393229\" data-id=\"1393229\" data-element_type=\"column\">\n\t\t\t<div class=\"elementor-widget-wrap\">\n\t\t\t\t\t\t\t\t\t<\/div>\n\t\t<\/div>\n\t\t\t\t\t\t\t<\/div>\n\t\t<\/section>\n\t\t\t\t<section class=\"elementor-section elementor-top-section elementor-element elementor-element-0c4a25a elementor-section-stretched elementor-section-boxed elementor-section-height-default elementor-section-height-default\" data-id=\"0c4a25a\" data-element_type=\"section\" data-settings=\"{&quot;stretch_section&quot;:&quot;section-stretched&quot;}\">\n\t\t\t\t\t\t<div class=\"elementor-container elementor-column-gap-default\">\n\t\t\t\t\t<div class=\"elementor-column elementor-col-100 elementor-top-column elementor-element elementor-element-130f6ff\" data-id=\"130f6ff\" data-element_type=\"column\">\n\t\t\t<div class=\"elementor-widget-wrap elementor-element-populated\">\n\t\t\t\t\t\t\t\t<div class=\"elementor-element elementor-element-d64932c elementor-widget elementor-widget-eael-adv-tabs\" data-id=\"d64932c\" data-element_type=\"widget\" data-widget_type=\"eael-adv-tabs.default\">\n\t\t\t\t<div class=\"elementor-widget-container\">\n\t\t\t        <div id=\"eael-advance-tabs-d64932c\" class=\"eael-advance-tabs eael-tabs-horizontal eael-tab-auto-active \" data-tabid=\"d64932c\">\n            <div class=\"eael-tabs-nav\">\n                <ul class=\"\">\n                                            <li id=\"beneficiaris\" class=\"active-default eael-tab-item-trigger\" aria-selected=\"true\" data-tab=\"1\" role=\"tab\" tabindex=\"0\" aria-controls=\"beneficiaris-tab\" aria-expanded=\"false\">\n                            \n                            \n                            \n                                                            <span class=\"eael-tab-title  title-after-icon\">Beneficiaris<\/span>                                                    <\/li>\n                                            <li id=\"condicions\" class=\"inactive eael-tab-item-trigger\" aria-selected=\"false\" data-tab=\"2\" role=\"tab\" tabindex=\"-1\" aria-controls=\"condicions-tab\" aria-expanded=\"false\">\n                            \n                            \n                            \n                                                            <span class=\"eael-tab-title  title-after-icon\">Condicions<\/span>                                                    <\/li>\n                                            <li id=\"requisits\" class=\"inactive eael-tab-item-trigger\" aria-selected=\"false\" data-tab=\"3\" role=\"tab\" tabindex=\"-1\" aria-controls=\"requisits-tab\" aria-expanded=\"false\">\n                            \n                            \n                            \n                                                            <span class=\"eael-tab-title  title-after-icon\">Requisits<\/span>                                                    <\/li>\n                                            <li id=\"gastos-financiables-elegibles\" class=\"inactive eael-tab-item-trigger\" aria-selected=\"false\" data-tab=\"4\" role=\"tab\" tabindex=\"-1\" aria-controls=\"gastos-financiables-elegibles-tab\" aria-expanded=\"false\">\n                            \n                            \n                            \n                                                            <span class=\"eael-tab-title  title-after-icon\">Gastos financiables elegibles<\/span>                                                    <\/li>\n                                    <\/ul>\n            <\/div>\n            \n            <div class=\"eael-tabs-content\">\n\t\t        \n                    <div id=\"beneficiaris-tab\" class=\"clearfix eael-tab-content-item active-default\" data-title-link=\"beneficiaris-tab\">\n\t\t\t\t        \t\t\t\t\t        <ul class=\"pesta\u00f1as-linea\"><li>Societats mercantils i societats cooperatives pertanyents a la ind\u00fastria i cadena agroaliment\u00e0ria de la Comunitat Valenciana.<\/li><li>Podran finan\u00e7ar-se tant inversions en actiu fix com necessitats de capital circulant.<\/li><\/ul><p>* Consultar les bases completes en la convocat\u00f2ria<\/p>\t\t\t\t                            <\/div>\n\t\t        \n                    <div id=\"condicions-tab\" class=\"clearfix eael-tab-content-item inactive\" data-title-link=\"condicions-tab\">\n\t\t\t\t        \t\t\t\t\t        <ul class=\"pesta\u00f1as-linea\"><li>Import m\u00ednim de 100.000 euros i m\u00e0xim de 600.000 euros (en operacions de circulant l'import no podr\u00e0 excedir de 250.000 euros).<\/li><\/ul><ul class=\"pesta\u00f1as-linea\"><li>Terminis: Per a operacions d'inversi\u00f3, terminis de 4 a 10 anys (possibilitat de car\u00e8ncia fins a 3 anys); Per a operacions per a circulant, terminis de 2 a 4 anys (possibilitat de car\u00e8ncia de fins a un any.)<\/li><li>Tipus d'inter\u00e9s fix del 1,5% (sobre el tipus d'inter\u00e9s que correspondria aplicar en funci\u00f3 de la qualificaci\u00f3 credit\u00edcia del sol\u00b7licitant, s'aplicar\u00e0 una bonificaci\u00f3 de manera que el tipus a pagar ser\u00e0 un tipus fix del 1,5%).<\/li><\/ul><ul class=\"pesta\u00f1as-linea\"><li>Comissions: No s'aplicaran comissions d'obertura ni per cancel\u00b7laci\u00f3 anticipada.<\/li><\/ul><p>* Consultar les bases completes en la convocat\u00f2ria<\/p>\t\t\t\t                            <\/div>\n\t\t        \n                    <div id=\"requisits-tab\" class=\"clearfix eael-tab-content-item inactive\" data-title-link=\"requisits-tab\">\n\t\t\t\t        \t\t\t\t\t        <div class=\"grve-element grve-text\"><p>Els beneficiaris han de complir els seg\u00fcents requisits, entre altres *:<\/p><\/div><div class=\"grve-element grve-list grve-list-check \"><ul class=\"pesta\u00f1as-linea\"><li>Operar dins dels codis 10, 11, 46,2 i 46.3 de la Classificaci\u00f3 Nacional d'Activitats Econ\u00f2miques (CNAE-2009), corresponents a la ind\u00fastria manufacturera agroaliment\u00e0ria i el comer\u00e7 a l'engr\u00f2s de productes agr\u00edcoles i agroalimentaris.<\/li><li>Tindre almenys un establiment, sucursal de producci\u00f3, o sucursal de desenrotllament d'activitat radicat en la Comunitat Valenciana.<\/li><li>Tindre una antiguitat m\u00ednima de dos anys i comptar com a m\u00ednim amb un empleat o un treballador aut\u00f2nom societari.<\/li><li>Estar en disposici\u00f3 de comptar amb totes les llic\u00e8ncies, autoritzacions i permisos necessaris per a l'execuci\u00f3 del projecte i complir la normativa nacional i comunit\u00e0ria que resulte aplicable, en particular, en mat\u00e8ria de compet\u00e8ncia, contractaci\u00f3 del sector p\u00fablic i medi ambient.<\/li><li>Estar al corrent de compliment de les obligacions tribut\u00e0ries davant l'Estat i la Generalitat, aix\u00ed com de les obligacions davant la Seguretat Social.<\/li><li>No estar subjecte a una orde de recuperaci\u00f3 pendent, despr\u00e9s d'una decisi\u00f3 de la Comissi\u00f3 Europea declarant una ajuda il\u00b7legal i incompatible amb el mercat com\u00fa.<\/li><li>No trobar-se en cap de les circumst\u00e0ncies previstes en l'article 13 de la Llei 38\/2003, de 17 de novembre, General de Subvencions.<\/li><\/ul><p>* Consultar les bases completes en la convocat\u00f2ria<\/p><\/div>\t\t\t\t                            <\/div>\n\t\t        \n                    <div id=\"gastos-financiables-elegibles-tab\" class=\"clearfix eael-tab-content-item inactive\" data-title-link=\"gastos-financiables-elegibles-tab\">\n\t\t\t\t        \t\t\t\t\t        <div class=\"grve-element grve-text\"><p>Com a inversions en actius fixos, seran gastos finan\u00e7ables:<\/p><\/div><div class=\"grve-element grve-list grve-list-check \"><ul class=\"pesta\u00f1as-linea\"><li>Adquisici\u00f3 i condicionament de terrenys, per a la seua utilitzaci\u00f3 en la producci\u00f3 dels b\u00e9ns i servicis que constitu\u00efxen l'activitat principal del beneficiari fins al 20% del valor nominal del pr\u00e9stec.<\/li><li>Adquisici\u00f3, rehabilitaci\u00f3, reforma i construcci\u00f3 de naus, locals comercials, instal\u00b7lacions i altres immobles, per al desenrotllament de l'activitat del beneficiari.<\/li><li>Construcci\u00f3 d'instal\u00b7lacions d'energia renovable, tant si el seu dest\u00ed \u00e9s l'autoconsum com l'abocament a xarxa, sempre que els projectes no superen una pot\u00e8ncia de 30 MWp.<\/li><li>Adquisici\u00f3 d'equipament vinculat a les tecnologies de la informaci\u00f3 i la comunicaci\u00f3.<\/li><li>Maquin\u00e0ria, ferramentes, motles o utillatge.<\/li><li>Mobiliari.<\/li><li>Vehicles industrials i elements de transport afectes a l'explotaci\u00f3<\/li><li>Actius intangibles, com els gastos d'investigaci\u00f3 i desenrotllament, la propietat industrial, els drets de trasp\u00e0s o les aplicacions inform\u00e0tiques.<\/li><li>Adquisici\u00f3 de participacions empresarials a fi d'ampliar la capacitat productiva de l'empresa, millorar les condicions d'acc\u00e9s al finan\u00e7ament, o assegurar el subministrament d'inputs clau per al proc\u00e9s productiu de l'empresa<\/li><\/ul><\/div><div class=\"grve-element grve-text\"><p>Es considera despesa elegible en capital circulant el finan\u00e7ament sol\u00b7licitat per millorar el fons de maniobra de l'empresa.<\/p><p>* Consultar les bases completes en la convocat\u00f2ria<\/p><\/div>\t\t\t\t                            <\/div>\n\t\t                    <\/div>\n        <\/div>\n\t\t<\/div>\n\t\t\t\t<\/div>\n\t\t\t\t\t<\/div>\n\t\t<\/div>\n\t\t\t\t\t\t\t<\/div>\n\t\t<\/section>\n\t\t\t\t\t\t\t<\/div>\n\t\t","protected":false},"excerpt":{"rendered":"<p>L\u00ednia de Finan\u00e7ament Bonificat IVF Ind\u00fastria Agroaliment\u00e0ria 2026 Pr\u00e9stecs de fins a 600.000 euros per a societats mercantils i cooperatives pertanyents a la ind\u00fastria i&hellip;<\/p>\n","protected":false},"author":1,"featured_media":0,"parent":986,"menu_order":0,"comment_status":"closed","ping_status":"closed","template":"","meta":{"footnotes":""},"class_list":["post-6269","page","type-page","status-publish","hentry"],"yoast_head":"<!-- This site is optimized with the Yoast SEO plugin v18.0 - https:\/\/yoast.com\/wordpress\/plugins\/seo\/ -->\n<title>L\u00ednia Bonificada IVF Ind\u00fastria Agroalimentaria 2026 - IVF<\/title>\n<meta name=\"robots\" content=\"index, follow, max-snippet:-1, max-image-preview:large, max-video-preview:-1\" \/>\n<link rel=\"canonical\" href=\"https:\/\/prestamos.ivf.es\/va\/prestecs\/linia-bonificada-ivf-industria-agroalimentaria-2026\" \/>\n<meta property=\"og:locale\" content=\"en_US\" \/>\n<meta property=\"og:type\" content=\"article\" \/>\n<meta property=\"og:title\" content=\"L\u00ednia Bonificada IVF Ind\u00fastria Agroalimentaria 2026 - IVF\" \/>\n<meta property=\"og:description\" content=\"L\u00ednia de Finan\u00e7ament Bonificat IVF Ind\u00fastria Agroaliment\u00e0ria 2026 Pr\u00e9stecs de fins a 600.000 euros per a societats mercantils i cooperatives pertanyents a la ind\u00fastria i&hellip;\" \/>\n<meta property=\"og:url\" content=\"https:\/\/prestamos.ivf.es\/va\/prestecs\/linia-bonificada-ivf-industria-agroalimentaria-2026\" \/>\n<meta property=\"og:site_name\" content=\"IVF\" \/>\n<meta property=\"article:modified_time\" content=\"2026-03-03T08:42:55+00:00\" \/>\n<meta name=\"twitter:card\" content=\"summary_large_image\" \/>\n<meta name=\"twitter:label1\" content=\"Est. reading time\" \/>\n\t<meta name=\"twitter:data1\" content=\"3 minutes\" \/>\n<script type=\"application\/ld+json\" class=\"yoast-schema-graph\">{\"@context\":\"https:\/\/schema.org\",\"@graph\":[{\"@type\":\"WebSite\",\"@id\":\"https:\/\/prestamos.ivf.es\/va\/#website\",\"url\":\"https:\/\/prestamos.ivf.es\/va\/\",\"name\":\"IVF\",\"description\":\"IVF, Nuestro \u00fanico inter\u00e9s eres t\u00fa\",\"potentialAction\":[{\"@type\":\"SearchAction\",\"target\":{\"@type\":\"EntryPoint\",\"urlTemplate\":\"https:\/\/prestamos.ivf.es\/va\/?s={search_term_string}\"},\"query-input\":\"required name=search_term_string\"}],\"inLanguage\":\"va-ES\"},{\"@type\":\"WebPage\",\"@id\":\"https:\/\/prestamos.ivf.es\/va\/prestecs\/linia-bonificada-ivf-industria-agroalimentaria-2026#webpage\",\"url\":\"https:\/\/prestamos.ivf.es\/va\/prestecs\/linia-bonificada-ivf-industria-agroalimentaria-2026\",\"name\":\"L\u00ednia Bonificada IVF Ind\u00fastria Agroalimentaria 2026 - IVF\",\"isPartOf\":{\"@id\":\"https:\/\/prestamos.ivf.es\/va\/#website\"},\"datePublished\":\"2025-07-09T10:01:19+00:00\",\"dateModified\":\"2026-03-03T08:42:55+00:00\",\"breadcrumb\":{\"@id\":\"https:\/\/prestamos.ivf.es\/va\/prestecs\/linia-bonificada-ivf-industria-agroalimentaria-2026#breadcrumb\"},\"inLanguage\":\"va-ES\",\"potentialAction\":[{\"@type\":\"ReadAction\",\"target\":[\"https:\/\/prestamos.ivf.es\/va\/prestecs\/linia-bonificada-ivf-industria-agroalimentaria-2026\"]}]},{\"@type\":\"BreadcrumbList\",\"@id\":\"https:\/\/prestamos.ivf.es\/va\/prestecs\/linia-bonificada-ivf-industria-agroalimentaria-2026#breadcrumb\",\"itemListElement\":[{\"@type\":\"ListItem\",\"position\":1,\"name\":\"Portada\",\"item\":\"https:\/\/prestamos.ivf.es\/va\"},{\"@type\":\"ListItem\",\"position\":2,\"name\":\"Pr\u00e9stecs\",\"item\":\"https:\/\/prestamos.ivf.es\/va\/prestamos\"},{\"@type\":\"ListItem\",\"position\":3,\"name\":\"L\u00ednia Bonificada IVF Ind\u00fastria Agroalimentaria 2026\"}]}]}<\/script>\n<!-- \/ Yoast SEO plugin. -->","yoast_head_json":{"title":"L\u00ednia Bonificada IVF Ind\u00fastria Agroalimentaria 2026 - IVF","robots":{"index":"index","follow":"follow","max-snippet":"max-snippet:-1","max-image-preview":"max-image-preview:large","max-video-preview":"max-video-preview:-1"},"canonical":"https:\/\/prestamos.ivf.es\/va\/prestecs\/linia-bonificada-ivf-industria-agroalimentaria-2026","og_locale":"en_US","og_type":"article","og_title":"L\u00ednia Bonificada IVF Ind\u00fastria Agroalimentaria 2026 - IVF","og_description":"L\u00ednia de Finan\u00e7ament Bonificat IVF Ind\u00fastria Agroaliment\u00e0ria 2026 Pr\u00e9stecs de fins a 600.000 euros per a societats mercantils i cooperatives pertanyents a la ind\u00fastria i&hellip;","og_url":"https:\/\/prestamos.ivf.es\/va\/prestecs\/linia-bonificada-ivf-industria-agroalimentaria-2026","og_site_name":"IVF","article_modified_time":"2026-03-03T08:42:55+00:00","twitter_card":"summary_large_image","twitter_misc":{"Est. reading time":"3 minutes"},"schema":{"@context":"https:\/\/schema.org","@graph":[{"@type":"WebSite","@id":"https:\/\/prestamos.ivf.es\/va\/#website","url":"https:\/\/prestamos.ivf.es\/va\/","name":"IVF","description":"IVF, Nuestro \u00fanico inter\u00e9s eres t\u00fa","potentialAction":[{"@type":"SearchAction","target":{"@type":"EntryPoint","urlTemplate":"https:\/\/prestamos.ivf.es\/va\/?s={search_term_string}"},"query-input":"required name=search_term_string"}],"inLanguage":"va-ES"},{"@type":"WebPage","@id":"https:\/\/prestamos.ivf.es\/va\/prestecs\/linia-bonificada-ivf-industria-agroalimentaria-2026#webpage","url":"https:\/\/prestamos.ivf.es\/va\/prestecs\/linia-bonificada-ivf-industria-agroalimentaria-2026","name":"L\u00ednia Bonificada IVF Ind\u00fastria Agroalimentaria 2026 - IVF","isPartOf":{"@id":"https:\/\/prestamos.ivf.es\/va\/#website"},"datePublished":"2025-07-09T10:01:19+00:00","dateModified":"2026-03-03T08:42:55+00:00","breadcrumb":{"@id":"https:\/\/prestamos.ivf.es\/va\/prestecs\/linia-bonificada-ivf-industria-agroalimentaria-2026#breadcrumb"},"inLanguage":"va-ES","potentialAction":[{"@type":"ReadAction","target":["https:\/\/prestamos.ivf.es\/va\/prestecs\/linia-bonificada-ivf-industria-agroalimentaria-2026"]}]},{"@type":"BreadcrumbList","@id":"https:\/\/prestamos.ivf.es\/va\/prestecs\/linia-bonificada-ivf-industria-agroalimentaria-2026#breadcrumb","itemListElement":[{"@type":"ListItem","position":1,"name":"Portada","item":"https:\/\/prestamos.ivf.es\/va"},{"@type":"ListItem","position":2,"name":"Pr\u00e9stecs","item":"https:\/\/prestamos.ivf.es\/va\/prestamos"},{"@type":"ListItem","position":3,"name":"L\u00ednia Bonificada IVF Ind\u00fastria Agroalimentaria 2026"}]}]}},"_links":{"self":[{"href":"https:\/\/prestamos.ivf.es\/va\/wp-json\/wp\/v2\/pages\/6269","targetHints":{"allow":["GET"]}}],"collection":[{"href":"https:\/\/prestamos.ivf.es\/va\/wp-json\/wp\/v2\/pages"}],"about":[{"href":"https:\/\/prestamos.ivf.es\/va\/wp-json\/wp\/v2\/types\/page"}],"author":[{"embeddable":true,"href":"https:\/\/prestamos.ivf.es\/va\/wp-json\/wp\/v2\/users\/1"}],"replies":[{"embeddable":true,"href":"https:\/\/prestamos.ivf.es\/va\/wp-json\/wp\/v2\/comments?post=6269"}],"version-history":[{"count":48,"href":"https:\/\/prestamos.ivf.es\/va\/wp-json\/wp\/v2\/pages\/6269\/revisions"}],"predecessor-version":[{"id":7026,"href":"https:\/\/prestamos.ivf.es\/va\/wp-json\/wp\/v2\/pages\/6269\/revisions\/7026"}],"up":[{"embeddable":true,"href":"https:\/\/prestamos.ivf.es\/va\/wp-json\/wp\/v2\/pages\/986"}],"wp:attachment":[{"href":"https:\/\/prestamos.ivf.es\/va\/wp-json\/wp\/v2\/media?parent=6269"}],"curies":[{"name":"wp","href":"https:\/\/api.w.org\/{rel}","templated":true}]}}