{"id":5596,"date":"2024-11-29T12:15:12","date_gmt":"2024-11-29T12:15:12","guid":{"rendered":"https:\/\/prestamos.ivf.es\/?page_id=5596"},"modified":"2026-03-24T14:40:30","modified_gmt":"2026-03-24T14:40:30","slug":"linia-de-financament-bonificada-ivf-dana","status":"publish","type":"page","link":"https:\/\/prestamos.ivf.es\/va\/prestecs\/linia-de-financament-bonificada-ivf-dana","title":{"rendered":"L\u00ednia de Finan\u00e7ament Bonificada IVF DANA"},"content":{"rendered":"\t\t<div data-elementor-type=\"wp-page\" data-elementor-id=\"5596\" class=\"elementor elementor-5596\">\n\t\t\t\t\t\t\t\t\t<section class=\"elementor-section elementor-top-section elementor-element elementor-element-3321343d elementor-section-height-min-height elementor-section-stretched cabecera-top elementor-section-boxed elementor-section-height-default elementor-section-items-middle\" data-id=\"3321343d\" data-element_type=\"section\" data-settings=\"{&quot;stretch_section&quot;:&quot;section-stretched&quot;,&quot;background_background&quot;:&quot;classic&quot;}\">\n\t\t\t\t\t\t\t<div class=\"elementor-background-overlay\"><\/div>\n\t\t\t\t\t\t\t<div class=\"elementor-container elementor-column-gap-default\">\n\t\t\t\t\t<div class=\"elementor-column elementor-col-50 elementor-top-column elementor-element elementor-element-4ea1eb14\" data-id=\"4ea1eb14\" data-element_type=\"column\" data-settings=\"{&quot;background_background&quot;:&quot;classic&quot;}\">\n\t\t\t<div class=\"elementor-widget-wrap elementor-element-populated\">\n\t\t\t\t\t<div class=\"elementor-background-overlay\"><\/div>\n\t\t\t\t\t\t\t\t<div class=\"elementor-element elementor-element-5e55105b hola elementor-widget elementor-widget-heading\" data-id=\"5e55105b\" data-element_type=\"widget\" data-widget_type=\"heading.default\">\n\t\t\t\t<div class=\"elementor-widget-container\">\n\t\t\t<style>\/*! elementor - v3.14.0 - 26-06-2023 *\/\n.elementor-heading-title{padding:0;margin:0;line-height:1}.elementor-widget-heading .elementor-heading-title[class*=elementor-size-]>a{color:inherit;font-size:inherit;line-height:inherit}.elementor-widget-heading .elementor-heading-title.elementor-size-small{font-size:15px}.elementor-widget-heading .elementor-heading-title.elementor-size-medium{font-size:19px}.elementor-widget-heading .elementor-heading-title.elementor-size-large{font-size:29px}.elementor-widget-heading .elementor-heading-title.elementor-size-xl{font-size:39px}.elementor-widget-heading .elementor-heading-title.elementor-size-xxl{font-size:59px}<\/style><h1 class=\"elementor-heading-title elementor-size-default\">L\u00ednia de Finan\u00e7ament IVF per a la recuperaci\u00f3 i reactivaci\u00f3 despr\u00e9s de la dana<\/h1>\t\t<\/div>\n\t\t\t\t<\/div>\n\t\t\t\t<div class=\"elementor-element elementor-element-67af4ba elementor-widget elementor-widget-heading\" data-id=\"67af4ba\" data-element_type=\"widget\" data-widget_type=\"heading.default\">\n\t\t\t\t<div class=\"elementor-widget-container\">\n\t\t\t<h4 class=\"elementor-heading-title elementor-size-default\">Pr\u00e9stecs bonificats per a impulsar la reactivaci\u00f3 econ\u00f2mica dels municipis afectats per la riuada d\u2019octubre de 2024.<\/h4>\t\t<\/div>\n\t\t\t\t<\/div>\n\t\t\t\t<section class=\"elementor-section elementor-inner-section elementor-element elementor-element-f2a48e8 elementor-section-boxed elementor-section-height-default elementor-section-height-default\" data-id=\"f2a48e8\" data-element_type=\"section\">\n\t\t\t\t\t\t<div class=\"elementor-container elementor-column-gap-default\">\n\t\t\t\t\t<div class=\"elementor-column elementor-col-50 elementor-inner-column elementor-element elementor-element-ce12fbf\" data-id=\"ce12fbf\" data-element_type=\"column\">\n\t\t\t<div class=\"elementor-widget-wrap elementor-element-populated\">\n\t\t\t\t\t\t\t\t<div class=\"elementor-element elementor-element-68dd763 elementor-widget__width-initial elementor-widget elementor-widget-button\" data-id=\"68dd763\" data-element_type=\"widget\" data-widget_type=\"button.default\">\n\t\t\t\t<div class=\"elementor-widget-container\">\n\t\t\t\t\t<div class=\"elementor-button-wrapper\">\n\t\t\t<a class=\"elementor-button elementor-button-link elementor-size-sm\" href=\"https:\/\/prestamos.ivf.es\/wp-content\/uploads\/2026\/03\/00_convocatoria_vlc_linea_dana_2026.pdf\" target=\"_blank\">\n\t\t\t\t\t\t<span class=\"elementor-button-content-wrapper\">\n\t\t\t\t\t\t<span class=\"elementor-button-text\">BASES CONVOCAT\u00d2RIA<\/span>\n\t\t<\/span>\n\t\t\t\t\t<\/a>\n\t\t<\/div>\n\t\t\t\t<\/div>\n\t\t\t\t<\/div>\n\t\t\t\t\t<\/div>\n\t\t<\/div>\n\t\t\t\t<div class=\"elementor-column elementor-col-50 elementor-inner-column elementor-element elementor-element-9a31ed4\" data-id=\"9a31ed4\" data-element_type=\"column\">\n\t\t\t<div class=\"elementor-widget-wrap elementor-element-populated\">\n\t\t\t\t\t\t\t\t<div class=\"elementor-element elementor-element-8839d79 elementor-widget__width-initial elementor-widget elementor-widget-button\" data-id=\"8839d79\" data-element_type=\"widget\" data-widget_type=\"button.default\">\n\t\t\t\t<div class=\"elementor-widget-container\">\n\t\t\t\t\t<div class=\"elementor-button-wrapper\">\n\t\t\t<a class=\"elementor-button elementor-button-link elementor-size-sm\" href=\"https:\/\/sede.ivf.es\/procedures\/a95a5566-eb02-4a57-ac79-cbefe4bc10ba?action=online\" target=\"_blank\">\n\t\t\t\t\t\t<span class=\"elementor-button-content-wrapper\">\n\t\t\t\t\t\t<span class=\"elementor-button-text\">SOL\u00b7ICITAR<\/span>\n\t\t<\/span>\n\t\t\t\t\t<\/a>\n\t\t<\/div>\n\t\t\t\t<\/div>\n\t\t\t\t<\/div>\n\t\t\t\t\t<\/div>\n\t\t<\/div>\n\t\t\t\t\t\t\t<\/div>\n\t\t<\/section>\n\t\t\t\t\t<\/div>\n\t\t<\/div>\n\t\t\t\t<div class=\"elementor-column elementor-col-50 elementor-top-column elementor-element elementor-element-e6e8974\" data-id=\"e6e8974\" data-element_type=\"column\">\n\t\t\t<div class=\"elementor-widget-wrap elementor-element-populated\">\n\t\t\t\t\t\t\t\t<section class=\"elementor-section elementor-inner-section elementor-element elementor-element-e97bd48 elementor-section-boxed elementor-section-height-default elementor-section-height-default\" data-id=\"e97bd48\" data-element_type=\"section\">\n\t\t\t\t\t\t<div class=\"elementor-container elementor-column-gap-default\">\n\t\t\t\t\t<div class=\"elementor-column elementor-col-100 elementor-inner-column elementor-element elementor-element-ec9a740\" data-id=\"ec9a740\" data-element_type=\"column\">\n\t\t\t<div class=\"elementor-widget-wrap\">\n\t\t\t\t\t\t\t\t\t<\/div>\n\t\t<\/div>\n\t\t\t\t\t\t\t<\/div>\n\t\t<\/section>\n\t\t\t\t\t<\/div>\n\t\t<\/div>\n\t\t\t\t\t\t\t<\/div>\n\t\t<\/section>\n\t\t\t\t<section class=\"elementor-section elementor-top-section elementor-element elementor-element-0c4a25a elementor-section-stretched elementor-section-boxed elementor-section-height-default elementor-section-height-default\" data-id=\"0c4a25a\" data-element_type=\"section\" data-settings=\"{&quot;stretch_section&quot;:&quot;section-stretched&quot;}\">\n\t\t\t\t\t\t<div class=\"elementor-container elementor-column-gap-default\">\n\t\t\t\t\t<div class=\"elementor-column elementor-col-100 elementor-top-column elementor-element elementor-element-130f6ff\" data-id=\"130f6ff\" data-element_type=\"column\">\n\t\t\t<div class=\"elementor-widget-wrap elementor-element-populated\">\n\t\t\t\t\t\t\t\t<div class=\"elementor-element elementor-element-d64932c elementor-widget elementor-widget-eael-adv-tabs\" data-id=\"d64932c\" data-element_type=\"widget\" data-widget_type=\"eael-adv-tabs.default\">\n\t\t\t\t<div class=\"elementor-widget-container\">\n\t\t\t        <div id=\"eael-advance-tabs-d64932c\" class=\"eael-advance-tabs eael-tabs-horizontal eael-tab-auto-active \" data-tabid=\"d64932c\">\n            <div class=\"eael-tabs-nav\">\n                <ul class=\"\">\n                                            <li id=\"beneficiaris-\" class=\"active-default eael-tab-item-trigger\" aria-selected=\"true\" data-tab=\"1\" role=\"tab\" tabindex=\"0\" aria-controls=\"beneficiaris--tab\" aria-expanded=\"false\">\n                            \n                            \n                            \n                                                            <span class=\"eael-tab-title  title-after-icon\">Beneficiaris <\/span>                                                    <\/li>\n                                            <li id=\"condicions\" class=\"inactive eael-tab-item-trigger\" aria-selected=\"false\" data-tab=\"2\" role=\"tab\" tabindex=\"-1\" aria-controls=\"condicions-tab\" aria-expanded=\"false\">\n                            \n                            \n                            \n                                                            <span class=\"eael-tab-title  title-after-icon\">Condicions<\/span>                                                    <\/li>\n                                            <li id=\"requisits\" class=\"inactive eael-tab-item-trigger\" aria-selected=\"false\" data-tab=\"3\" role=\"tab\" tabindex=\"-1\" aria-controls=\"requisits-tab\" aria-expanded=\"false\">\n                            \n                            \n                            \n                                                            <span class=\"eael-tab-title  title-after-icon\">Requisits<\/span>                                                    <\/li>\n                                            <li id=\"gastos-finanables-elegibles\" class=\"inactive eael-tab-item-trigger\" aria-selected=\"false\" data-tab=\"4\" role=\"tab\" tabindex=\"-1\" aria-controls=\"gastos-finanables-elegibles-tab\" aria-expanded=\"false\">\n                            \n                            \n                            \n                                                            <span class=\"eael-tab-title  title-after-icon\">Gastos finan\u00e7ables elegibles<\/span>                                                    <\/li>\n                                    <\/ul>\n            <\/div>\n            \n            <div class=\"eael-tabs-content\">\n\t\t        \n                    <div id=\"beneficiaris--tab\" class=\"clearfix eael-tab-content-item active-default\" data-title-link=\"beneficiaris--tab\">\n\t\t\t\t        \t\t\t\t\t        <ul><li>Persones jur\u00eddiques que tinguen o presenten un projecte destinat a disposar d'un establiment o sucursal situats en algun dels municipis afectats per la DANA d'octubre de 2024.<\/li><li><p class=\"western\" lang=\"en-US\" align=\"justify\"><span lang=\"ca-ES-valencia\">Els projectes empresarials que podran acollir-se a este finan\u00e7ament tindran per objecte la inversi\u00f3 en actius fixos i\/o el finan\u00e7ament de necessitats de circulant.<\/span><\/p><\/li><\/ul><p>*Consultar les bases completes en la convocat\u00f2ria<\/p>\t\t\t\t                            <\/div>\n\t\t        \n                    <div id=\"condicions-tab\" class=\"clearfix eael-tab-content-item inactive\" data-title-link=\"condicions-tab\">\n\t\t\t\t        \t\t\t\t\t        <ul><li>Import m\u00ednim de 200.000 euros i m\u00e0xim de 3.000.000 euros (l'import m\u00e0xim es determinar\u00e0 atenent el volum de negoci del sol\u00b7licitant).<\/li><li>Terminis: Per a operacions d'inversi\u00f3, terminis de 4 a 10 anys (possibilitat de car\u00e8ncia fins a 3 anys); Per a operacions de circulant, terminis de 2 a 4 anys (possibilitat de car\u00e8ncia de fins a un any.)<\/li><li>Tipus d'inter\u00e9s fix del 1,5%.<\/li><li>Comissions: No s'aplicaran comissions d'obertura ni per cancel\u00b7laci\u00f3 anticipada.<\/li><\/ul><p>*\u00a0Consultar les bases completes en la convocat\u00f2ria\u00a0<\/p>\t\t\t\t                            <\/div>\n\t\t        \n                    <div id=\"requisits-tab\" class=\"clearfix eael-tab-content-item inactive\" data-title-link=\"requisits-tab\">\n\t\t\t\t        \t\t\t\t\t        <div class=\"grve-element grve-text\"><p>Els beneficiaris han de complir els seg\u00fcents requisits, entre altres*:<\/p><ul><li>Tindre una antiguitat m\u00ednima de dos anys i comptar com a m\u00ednim amb un empleat o un treballador aut\u00f2nom societari.<\/li><li>Estar en disposici\u00f3 de comptar amb totes les llic\u00e8ncies, autoritzacions i permisos necessaris per a l'execuci\u00f3 del projecte i complir la normativa nacional i comunit\u00e0ria que resulte aplicable, en particular, en mat\u00e8ria de compet\u00e8ncia, contractaci\u00f3 del sector p\u00fablic i medi ambient.<\/li><li>Estar al corrent de compliment de les obligacions tribut\u00e0ries davant l'Estat i la Generalitat, aix\u00ed com de les obligacions davant la Seguretat Social.<\/li><li>Acreditar que estava al corrent de compliment de les obligacions tribut\u00e0ries davant l'Estat i la Generalitat, aix\u00ed com de les obligacions davant la Seguretat Social, amb anterioritat al 29 d'octubre de 2024.<\/li><li>No estar subjecte a una orde de recuperaci\u00f3 pendent, despr\u00e9s d'una decisi\u00f3 de la Comissi\u00f3 Europea declarant una ajuda il\u00b7legal i incompatible amb el mercat com\u00fa.<\/li><li>No trobar-se en cap de les circumst\u00e0ncies previstes en l'article 13 de la Llei 38\/2003, de 17 de novembre, General de Subvencions.<\/li><li>No estar afectat per:<ul><li>Incid\u00e8ncies amb entitats financeres en CIRBE i\/o en registres d'impagats.<\/li><li>Fons propis negatius a data de l'\u00faltim tancament comptable.<\/li><li>P\u00e8rdues continuades en els \u00faltims dos exercicis.<\/li><\/ul><\/li><\/ul><p>*\u00a0Consultar les bases completes en la convocat\u00f2ria\u00a0<\/p><\/div>\t\t\t\t                            <\/div>\n\t\t        \n                    <div id=\"gastos-finanables-elegibles-tab\" class=\"clearfix eael-tab-content-item inactive\" data-title-link=\"gastos-finanables-elegibles-tab\">\n\t\t\t\t        \t\t\t\t\t        <div class=\"grve-element grve-text\"><p>Seran gastos finan\u00e7ables elegibles en actius fixos els seg\u00fcents:<\/p><ul><li>Adquisici\u00f3 i condicionament de terrenys, per a la seua utilitzaci\u00f3 en la producci\u00f3 dels b\u00e9ns i servicis que constitu\u00efxen l'activitat principal del beneficiari fins al 20% del valor nominal del pr\u00e9stec.<br \/><ul><li>Adquisici\u00f3, rehabilitaci\u00f3, reforma i construcci\u00f3 de naus, locals comercials, instal\u00b7lacions i altres immobles, per al desenrotllament de l'activitat del beneficiari.<\/li><li>Construcci\u00f3 d'instal\u00b7lacions d'energia renovable, tant si el seu dest\u00ed \u00e9s l'autoconsum com l'abocament a xarxa, sempre que els projectes no superen una pot\u00e8ncia de 30 MWp.<\/li><li>Adquisici\u00f3 d'equipament vinculat a les tecnologies de la informaci\u00f3 i la comunicaci\u00f3.<\/li><li>Maquin\u00e0ria, ferramentes, motles o utillatge.<\/li><li>Mobiliari.<\/li><li>Vehicles industrials i elements de transport afectes a l'explotaci\u00f3.<\/li><li>Adquisici\u00f3 de participacions empresarials a fi d'ampliar la capacitat productiva del beneficiari, millorar les condicions d'acc\u00e9s al finan\u00e7ament, o assegurar el subministrament d'inputs clau per al proc\u00e9s productiu de l'empresa.<\/li><\/ul><\/li><li>Quant a actius de material circulant, es consideraran gasto elegible les necessitats de liquiditat del beneficiari, amb car\u00e0cter enumeratiu i no limitat: gastos corrents, n\u00f2mines, pagaments a prove\u00efdors de b\u00e9ns i servicis, compra d'exist\u00e8ncies, ajornament de pagaments de clients, manteniment de la tresoreria operativa del beneficiari i per a la cancel\u00b7laci\u00f3 del deute a curt termini de naturalesa comercial i financera.<\/li><\/ul><p>*\u00a0Consultar les bases completes en la convocat\u00f2ria<\/p><\/div>\t\t\t\t                            <\/div>\n\t\t                    <\/div>\n        <\/div>\n\t\t<\/div>\n\t\t\t\t<\/div>\n\t\t\t\t\t<\/div>\n\t\t<\/div>\n\t\t\t\t\t\t\t<\/div>\n\t\t<\/section>\n\t\t\t\t\t\t\t<\/div>\n\t\t","protected":false},"excerpt":{"rendered":"<p>L\u00ednia de Finan\u00e7ament IVF per a la recuperaci\u00f3 i reactivaci\u00f3 despr\u00e9s de la dana Pr\u00e9stecs bonificats per a impulsar la reactivaci\u00f3 econ\u00f2mica dels municipis afectats&hellip;<\/p>\n","protected":false},"author":1,"featured_media":0,"parent":986,"menu_order":0,"comment_status":"closed","ping_status":"closed","template":"","meta":{"footnotes":""},"class_list":["post-5596","page","type-page","status-publish","hentry"],"yoast_head":"<!-- This site is optimized with the Yoast SEO plugin v18.0 - https:\/\/yoast.com\/wordpress\/plugins\/seo\/ -->\n<title>L\u00ednia de Finan\u00e7ament Bonificada IVF DANA - IVF<\/title>\n<meta name=\"robots\" content=\"index, follow, max-snippet:-1, max-image-preview:large, max-video-preview:-1\" \/>\n<link rel=\"canonical\" href=\"https:\/\/prestamos.ivf.es\/va\/prestecs\/linia-de-financament-bonificada-ivf-dana\" \/>\n<meta property=\"og:locale\" content=\"en_US\" \/>\n<meta property=\"og:type\" content=\"article\" \/>\n<meta property=\"og:title\" content=\"L\u00ednia de Finan\u00e7ament Bonificada IVF DANA - IVF\" \/>\n<meta property=\"og:description\" content=\"L\u00ednia de Finan\u00e7ament IVF per a la recuperaci\u00f3 i reactivaci\u00f3 despr\u00e9s de la dana Pr\u00e9stecs bonificats per a impulsar la reactivaci\u00f3 econ\u00f2mica dels municipis afectats&hellip;\" \/>\n<meta property=\"og:url\" content=\"https:\/\/prestamos.ivf.es\/va\/prestecs\/linia-de-financament-bonificada-ivf-dana\" \/>\n<meta property=\"og:site_name\" content=\"IVF\" \/>\n<meta property=\"article:modified_time\" content=\"2026-03-24T14:40:30+00:00\" \/>\n<meta name=\"twitter:card\" content=\"summary_large_image\" \/>\n<meta name=\"twitter:label1\" content=\"Est. reading time\" \/>\n\t<meta name=\"twitter:data1\" content=\"3 minutes\" \/>\n<script type=\"application\/ld+json\" class=\"yoast-schema-graph\">{\"@context\":\"https:\/\/schema.org\",\"@graph\":[{\"@type\":\"WebSite\",\"@id\":\"https:\/\/prestamos.ivf.es\/va\/#website\",\"url\":\"https:\/\/prestamos.ivf.es\/va\/\",\"name\":\"IVF\",\"description\":\"IVF, Nuestro \u00fanico inter\u00e9s eres t\u00fa\",\"potentialAction\":[{\"@type\":\"SearchAction\",\"target\":{\"@type\":\"EntryPoint\",\"urlTemplate\":\"https:\/\/prestamos.ivf.es\/va\/?s={search_term_string}\"},\"query-input\":\"required name=search_term_string\"}],\"inLanguage\":\"va-ES\"},{\"@type\":\"WebPage\",\"@id\":\"https:\/\/prestamos.ivf.es\/va\/prestecs\/linia-de-financament-bonificada-ivf-dana#webpage\",\"url\":\"https:\/\/prestamos.ivf.es\/va\/prestecs\/linia-de-financament-bonificada-ivf-dana\",\"name\":\"L\u00ednia de Finan\u00e7ament Bonificada IVF DANA - IVF\",\"isPartOf\":{\"@id\":\"https:\/\/prestamos.ivf.es\/va\/#website\"},\"datePublished\":\"2024-11-29T12:15:12+00:00\",\"dateModified\":\"2026-03-24T14:40:30+00:00\",\"breadcrumb\":{\"@id\":\"https:\/\/prestamos.ivf.es\/va\/prestecs\/linia-de-financament-bonificada-ivf-dana#breadcrumb\"},\"inLanguage\":\"va-ES\",\"potentialAction\":[{\"@type\":\"ReadAction\",\"target\":[\"https:\/\/prestamos.ivf.es\/va\/prestecs\/linia-de-financament-bonificada-ivf-dana\"]}]},{\"@type\":\"BreadcrumbList\",\"@id\":\"https:\/\/prestamos.ivf.es\/va\/prestecs\/linia-de-financament-bonificada-ivf-dana#breadcrumb\",\"itemListElement\":[{\"@type\":\"ListItem\",\"position\":1,\"name\":\"Portada\",\"item\":\"https:\/\/prestamos.ivf.es\/va\"},{\"@type\":\"ListItem\",\"position\":2,\"name\":\"Pr\u00e9stecs\",\"item\":\"https:\/\/prestamos.ivf.es\/va\/prestecs\"},{\"@type\":\"ListItem\",\"position\":3,\"name\":\"L\u00ednia de Finan\u00e7ament Bonificada IVF DANA\"}]}]}<\/script>\n<!-- \/ Yoast SEO plugin. -->","yoast_head_json":{"title":"L\u00ednia de Finan\u00e7ament Bonificada IVF DANA - IVF","robots":{"index":"index","follow":"follow","max-snippet":"max-snippet:-1","max-image-preview":"max-image-preview:large","max-video-preview":"max-video-preview:-1"},"canonical":"https:\/\/prestamos.ivf.es\/va\/prestecs\/linia-de-financament-bonificada-ivf-dana","og_locale":"en_US","og_type":"article","og_title":"L\u00ednia de Finan\u00e7ament Bonificada IVF DANA - IVF","og_description":"L\u00ednia de Finan\u00e7ament IVF per a la recuperaci\u00f3 i reactivaci\u00f3 despr\u00e9s de la dana Pr\u00e9stecs bonificats per a impulsar la reactivaci\u00f3 econ\u00f2mica dels municipis afectats&hellip;","og_url":"https:\/\/prestamos.ivf.es\/va\/prestecs\/linia-de-financament-bonificada-ivf-dana","og_site_name":"IVF","article_modified_time":"2026-03-24T14:40:30+00:00","twitter_card":"summary_large_image","twitter_misc":{"Est. reading time":"3 minutes"},"schema":{"@context":"https:\/\/schema.org","@graph":[{"@type":"WebSite","@id":"https:\/\/prestamos.ivf.es\/va\/#website","url":"https:\/\/prestamos.ivf.es\/va\/","name":"IVF","description":"IVF, Nuestro \u00fanico inter\u00e9s eres t\u00fa","potentialAction":[{"@type":"SearchAction","target":{"@type":"EntryPoint","urlTemplate":"https:\/\/prestamos.ivf.es\/va\/?s={search_term_string}"},"query-input":"required name=search_term_string"}],"inLanguage":"va-ES"},{"@type":"WebPage","@id":"https:\/\/prestamos.ivf.es\/va\/prestecs\/linia-de-financament-bonificada-ivf-dana#webpage","url":"https:\/\/prestamos.ivf.es\/va\/prestecs\/linia-de-financament-bonificada-ivf-dana","name":"L\u00ednia de Finan\u00e7ament Bonificada IVF DANA - IVF","isPartOf":{"@id":"https:\/\/prestamos.ivf.es\/va\/#website"},"datePublished":"2024-11-29T12:15:12+00:00","dateModified":"2026-03-24T14:40:30+00:00","breadcrumb":{"@id":"https:\/\/prestamos.ivf.es\/va\/prestecs\/linia-de-financament-bonificada-ivf-dana#breadcrumb"},"inLanguage":"va-ES","potentialAction":[{"@type":"ReadAction","target":["https:\/\/prestamos.ivf.es\/va\/prestecs\/linia-de-financament-bonificada-ivf-dana"]}]},{"@type":"BreadcrumbList","@id":"https:\/\/prestamos.ivf.es\/va\/prestecs\/linia-de-financament-bonificada-ivf-dana#breadcrumb","itemListElement":[{"@type":"ListItem","position":1,"name":"Portada","item":"https:\/\/prestamos.ivf.es\/va"},{"@type":"ListItem","position":2,"name":"Pr\u00e9stecs","item":"https:\/\/prestamos.ivf.es\/va\/prestecs"},{"@type":"ListItem","position":3,"name":"L\u00ednia de Finan\u00e7ament Bonificada IVF DANA"}]}]}},"_links":{"self":[{"href":"https:\/\/prestamos.ivf.es\/va\/wp-json\/wp\/v2\/pages\/5596","targetHints":{"allow":["GET"]}}],"collection":[{"href":"https:\/\/prestamos.ivf.es\/va\/wp-json\/wp\/v2\/pages"}],"about":[{"href":"https:\/\/prestamos.ivf.es\/va\/wp-json\/wp\/v2\/types\/page"}],"author":[{"embeddable":true,"href":"https:\/\/prestamos.ivf.es\/va\/wp-json\/wp\/v2\/users\/1"}],"replies":[{"embeddable":true,"href":"https:\/\/prestamos.ivf.es\/va\/wp-json\/wp\/v2\/comments?post=5596"}],"version-history":[{"count":61,"href":"https:\/\/prestamos.ivf.es\/va\/wp-json\/wp\/v2\/pages\/5596\/revisions"}],"predecessor-version":[{"id":7155,"href":"https:\/\/prestamos.ivf.es\/va\/wp-json\/wp\/v2\/pages\/5596\/revisions\/7155"}],"up":[{"embeddable":true,"href":"https:\/\/prestamos.ivf.es\/va\/wp-json\/wp\/v2\/pages\/986"}],"wp:attachment":[{"href":"https:\/\/prestamos.ivf.es\/va\/wp-json\/wp\/v2\/media?parent=5596"}],"curies":[{"name":"wp","href":"https:\/\/api.w.org\/{rel}","templated":true}]}}