{"id":4907,"date":"2024-06-27T07:59:59","date_gmt":"2024-06-27T07:59:59","guid":{"rendered":"https:\/\/prestamos.ivf.es\/?page_id=4907"},"modified":"2024-06-27T08:16:09","modified_gmt":"2024-06-27T08:16:09","slug":"avales-ivf","status":"publish","type":"page","link":"https:\/\/prestamos.ivf.es\/va\/avales-ivf","title":{"rendered":"Avales IVF"},"content":{"rendered":"\t\t<div data-elementor-type=\"wp-page\" data-elementor-id=\"4907\" class=\"elementor elementor-4907\">\n\t\t\t\t\t\t\t\t\t<section class=\"elementor-section elementor-top-section elementor-element elementor-element-c46611a elementor-section-height-min-height elementor-section-stretched cabecera-top elementor-section-boxed elementor-section-height-default elementor-section-items-middle\" data-id=\"c46611a\" data-element_type=\"section\" data-settings=\"{&quot;stretch_section&quot;:&quot;section-stretched&quot;,&quot;background_background&quot;:&quot;classic&quot;}\">\n\t\t\t\t\t\t\t<div class=\"elementor-background-overlay\"><\/div>\n\t\t\t\t\t\t\t<div class=\"elementor-container elementor-column-gap-default\">\n\t\t\t\t\t<div class=\"elementor-column elementor-col-100 elementor-top-column elementor-element elementor-element-7bd5758f\" data-id=\"7bd5758f\" data-element_type=\"column\">\n\t\t\t<div class=\"elementor-widget-wrap elementor-element-populated\">\n\t\t\t\t\t\t\t\t<div class=\"elementor-element elementor-element-36a53625 hola elementor-widget elementor-widget-heading\" data-id=\"36a53625\" data-element_type=\"widget\" data-widget_type=\"heading.default\">\n\t\t\t\t<div class=\"elementor-widget-container\">\n\t\t\t<style>\/*! elementor - v3.14.0 - 26-06-2023 *\/\n.elementor-heading-title{padding:0;margin:0;line-height:1}.elementor-widget-heading .elementor-heading-title[class*=elementor-size-]>a{color:inherit;font-size:inherit;line-height:inherit}.elementor-widget-heading .elementor-heading-title.elementor-size-small{font-size:15px}.elementor-widget-heading .elementor-heading-title.elementor-size-medium{font-size:19px}.elementor-widget-heading .elementor-heading-title.elementor-size-large{font-size:29px}.elementor-widget-heading .elementor-heading-title.elementor-size-xl{font-size:39px}.elementor-widget-heading .elementor-heading-title.elementor-size-xxl{font-size:59px}<\/style><h1 class=\"elementor-heading-title elementor-size-default\">Avals<\/h1>\t\t<\/div>\n\t\t\t\t<\/div>\n\t\t\t\t<div class=\"elementor-element elementor-element-19b6934 elementor-widget elementor-widget-heading\" data-id=\"19b6934\" data-element_type=\"widget\" data-widget_type=\"heading.default\">\n\t\t\t\t<div class=\"elementor-widget-container\">\n\t\t\t<h2 class=\"elementor-heading-title elementor-size-default\">\nL'IVF t'ajuda a aconseguir finan\u00e7ament<\/h2>\t\t<\/div>\n\t\t\t\t<\/div>\n\t\t\t\t\t<\/div>\n\t\t<\/div>\n\t\t\t\t\t\t\t<\/div>\n\t\t<\/section>\n\t\t\t\t<section class=\"elementor-section elementor-top-section elementor-element elementor-element-48211fd elementor-section-stretched elementor-reverse-mobile elementor-section-boxed elementor-section-height-default elementor-section-height-default\" data-id=\"48211fd\" data-element_type=\"section\" data-settings=\"{&quot;stretch_section&quot;:&quot;section-stretched&quot;}\">\n\t\t\t\t\t\t<div class=\"elementor-container elementor-column-gap-default\">\n\t\t\t\t\t<div class=\"elementor-column elementor-col-66 elementor-top-column elementor-element elementor-element-b09541a\" data-id=\"b09541a\" data-element_type=\"column\" data-settings=\"{&quot;background_background&quot;:&quot;classic&quot;}\">\n\t\t\t<div class=\"elementor-widget-wrap elementor-element-populated\">\n\t\t\t\t\t\t\t\t<div class=\"elementor-element elementor-element-228c4bb elementor-widget elementor-widget-heading\" data-id=\"228c4bb\" data-element_type=\"widget\" data-widget_type=\"heading.default\">\n\t\t\t\t<div class=\"elementor-widget-container\">\n\t\t\t<h2 class=\"elementor-heading-title elementor-size-default\">AFIN-SGR: La SGR de la Comunitat Valenciana<\/h2>\t\t<\/div>\n\t\t\t\t<\/div>\n\t\t\t\t<div class=\"elementor-element elementor-element-855a082 elementor-widget elementor-widget-text-editor\" data-id=\"855a082\" data-element_type=\"widget\" data-widget_type=\"text-editor.default\">\n\t\t\t\t<div class=\"elementor-widget-container\">\n\t\t\t<style>\/*! elementor - v3.14.0 - 26-06-2023 *\/\n.elementor-widget-text-editor.elementor-drop-cap-view-stacked .elementor-drop-cap{background-color:#69727d;color:#fff}.elementor-widget-text-editor.elementor-drop-cap-view-framed .elementor-drop-cap{color:#69727d;border:3px solid;background-color:transparent}.elementor-widget-text-editor:not(.elementor-drop-cap-view-default) .elementor-drop-cap{margin-top:8px}.elementor-widget-text-editor:not(.elementor-drop-cap-view-default) .elementor-drop-cap-letter{width:1em;height:1em}.elementor-widget-text-editor .elementor-drop-cap{float:left;text-align:center;line-height:1;font-size:50px}.elementor-widget-text-editor .elementor-drop-cap-letter{display:inline-block}<\/style>\t\t\t\t<div class=\"grve-element grve-text\">Fundada en 1981 per a facilitar l\u2019acc\u00e9s al cr\u00e8dit a les petites empreses i aut\u00f2noms i millorar les seues condicions de finan\u00e7ament, AFIN-SGR est\u00e0 constitu\u00efda per pimes i aut\u00f2noms de la Comunitat Valenciana. \u00c9s una entitat sense \u00e0nim de lucre i est\u00e0 subjecta a la supervisi\u00f3 i inspecci\u00f3 del Banc d\u2019Espanya. AFIN-SGR compta amb dos tipus de socis: Protectors i Part\u00edcips.<\/div><p>\u00a0<\/p><div class=\"grve-element grve-text\">S\u00f3n Socis Protectors les institucions que participen en el capital de la SGR, ajudant al compliment del seu objectiu social. Entre ells destaca l\u2019Institut Valenci\u00e0 de Finances, que ocupa actualment la presid\u00e8ncia de la societat, i les entitats de cr\u00e8dit amb les quals mant\u00e9 acords de col\u00b7laboraci\u00f3. S\u00f3n Socis Part\u00edcips les pimes i aut\u00f2noms, al favor dels quals pot la SGR prestar garantia i assessorament.<\/div><div>\u00a0<\/div><div class=\"grve-element grve-text\"><strong>Com et pot ajudar?<\/strong><ul><li>Aportant garanties i avals per a accedir a l\u00ednies de finan\u00e7ament.<\/li><li>Negociant millors condicions de finan\u00e7ament amb les entitats de cr\u00e8dit.<\/li><li>Oferint informaci\u00f3 i assessorament en les teues necessitats de finan\u00e7ament.<\/li><\/ul><\/div>\t\t\t\t\t\t<\/div>\n\t\t\t\t<\/div>\n\t\t\t\t<section class=\"elementor-section elementor-inner-section elementor-element elementor-element-5ae467f elementor-section-boxed elementor-section-height-default elementor-section-height-default\" data-id=\"5ae467f\" data-element_type=\"section\">\n\t\t\t\t\t\t<div class=\"elementor-container elementor-column-gap-default\">\n\t\t\t\t\t<div class=\"elementor-column elementor-col-50 elementor-inner-column elementor-element elementor-element-49bc772\" data-id=\"49bc772\" data-element_type=\"column\">\n\t\t\t<div class=\"elementor-widget-wrap elementor-element-populated\">\n\t\t\t\t\t\t\t\t<div class=\"elementor-element elementor-element-98254d1 elementor-widget__width-initial elementor-widget elementor-widget-button\" data-id=\"98254d1\" data-element_type=\"widget\" data-widget_type=\"button.default\">\n\t\t\t\t<div class=\"elementor-widget-container\">\n\t\t\t\t\t<div class=\"elementor-button-wrapper\">\n\t\t\t<a class=\"elementor-button elementor-button-link elementor-size-sm\" href=\"\/va\/afin-sgr\">\n\t\t\t\t\t\t<span class=\"elementor-button-content-wrapper\">\n\t\t\t\t\t\t<span class=\"elementor-button-text\">M\u00c1S INFORMACI\u00d3N<\/span>\n\t\t<\/span>\n\t\t\t\t\t<\/a>\n\t\t<\/div>\n\t\t\t\t<\/div>\n\t\t\t\t<\/div>\n\t\t\t\t\t<\/div>\n\t\t<\/div>\n\t\t\t\t<div class=\"elementor-column elementor-col-50 elementor-inner-column elementor-element elementor-element-c4c52c2\" data-id=\"c4c52c2\" data-element_type=\"column\">\n\t\t\t<div class=\"elementor-widget-wrap\">\n\t\t\t\t\t\t\t\t\t<\/div>\n\t\t<\/div>\n\t\t\t\t\t\t\t<\/div>\n\t\t<\/section>\n\t\t\t\t\t<\/div>\n\t\t<\/div>\n\t\t\t\t<div class=\"elementor-column elementor-col-33 elementor-top-column elementor-element elementor-element-c87a5f2\" data-id=\"c87a5f2\" data-element_type=\"column\">\n\t\t\t<div class=\"elementor-widget-wrap elementor-element-populated\">\n\t\t\t\t\t\t\t\t<div class=\"elementor-element elementor-element-db64cba elementor-widget elementor-widget-image\" data-id=\"db64cba\" data-element_type=\"widget\" data-widget_type=\"image.default\">\n\t\t\t\t<div class=\"elementor-widget-container\">\n\t\t\t<style>\/*! elementor - v3.14.0 - 26-06-2023 *\/\n.elementor-widget-image{text-align:center}.elementor-widget-image a{display:inline-block}.elementor-widget-image a img[src$=\".svg\"]{width:48px}.elementor-widget-image img{vertical-align:middle;display:inline-block}<\/style>\t\t\t\t\t\t\t\t\t\t\t\t<img loading=\"lazy\" decoding=\"async\" width=\"400\" height=\"212\" src=\"https:\/\/prestamos.ivf.es\/wp-content\/uploads\/2023\/07\/sgr_logo.png\" class=\"attachment-full size-full wp-image-1948\" alt=\"\" srcset=\"https:\/\/prestamos.ivf.es\/wp-content\/uploads\/2023\/07\/sgr_logo.png 400w, https:\/\/prestamos.ivf.es\/wp-content\/uploads\/2023\/07\/sgr_logo-300x159.png 300w\" sizes=\"auto, (max-width: 400px) 100vw, 400px\" \/>\t\t\t\t\t\t\t\t\t\t\t\t\t\t\t<\/div>\n\t\t\t\t<\/div>\n\t\t\t\t\t<\/div>\n\t\t<\/div>\n\t\t\t\t\t\t\t<\/div>\n\t\t<\/section>\n\t\t\t\t<section class=\"elementor-section elementor-top-section elementor-element elementor-element-36ca363 elementor-section-stretched elementor-reverse-mobile elementor-section-boxed elementor-section-height-default elementor-section-height-default\" data-id=\"36ca363\" data-element_type=\"section\" data-settings=\"{&quot;stretch_section&quot;:&quot;section-stretched&quot;}\">\n\t\t\t\t\t\t<div class=\"elementor-container elementor-column-gap-default\">\n\t\t\t\t\t<div class=\"elementor-column elementor-col-66 elementor-top-column elementor-element elementor-element-d0270aa\" data-id=\"d0270aa\" data-element_type=\"column\" data-settings=\"{&quot;background_background&quot;:&quot;classic&quot;}\">\n\t\t\t<div class=\"elementor-widget-wrap elementor-element-populated\">\n\t\t\t\t\t\t\t\t<div class=\"elementor-element elementor-element-8ec672d elementor-widget elementor-widget-heading\" data-id=\"8ec672d\" data-element_type=\"widget\" data-widget_type=\"heading.default\">\n\t\t\t\t<div class=\"elementor-widget-container\">\n\t\t\t<h2 class=\"elementor-heading-title elementor-size-default\">\nPrograma de Garanties IVF per a la compra de Vivienda\n<\/h2>\t\t<\/div>\n\t\t\t\t<\/div>\n\t\t\t\t<div class=\"elementor-element elementor-element-51fdb81 elementor-widget elementor-widget-text-editor\" data-id=\"51fdb81\" data-element_type=\"widget\" data-widget_type=\"text-editor.default\">\n\t\t\t\t<div class=\"elementor-widget-container\">\n\t\t\t\t\t\t\t<p>Els beneficiaris d&#8217;este programa seran persones f\u00edsiques majors d&#8217;edat de fins a quaranta-cinc anys (inclosos) que hagen d\u2019adquirir la seua primera vivenda en r\u00e8gim de propietat i hagen sol\u00b7licitat finan\u00e7ament a qualsevol de les entitats financeres que han subscrit conveni de col\u00b7laboraci\u00f3 amb l&#8217;IVF.<\/p>\t\t\t\t\t\t<\/div>\n\t\t\t\t<\/div>\n\t\t\t\t<section class=\"elementor-section elementor-inner-section elementor-element elementor-element-1fee918 elementor-section-boxed elementor-section-height-default elementor-section-height-default\" data-id=\"1fee918\" data-element_type=\"section\">\n\t\t\t\t\t\t<div class=\"elementor-container elementor-column-gap-default\">\n\t\t\t\t\t<div class=\"elementor-column elementor-col-50 elementor-inner-column elementor-element elementor-element-d82ee32\" data-id=\"d82ee32\" data-element_type=\"column\">\n\t\t\t<div class=\"elementor-widget-wrap elementor-element-populated\">\n\t\t\t\t\t\t\t\t<div class=\"elementor-element elementor-element-8f464a9 elementor-widget__width-initial elementor-widget elementor-widget-button\" data-id=\"8f464a9\" data-element_type=\"widget\" data-widget_type=\"button.default\">\n\t\t\t\t<div class=\"elementor-widget-container\">\n\t\t\t\t\t<div class=\"elementor-button-wrapper\">\n\t\t\t<a class=\"elementor-button elementor-button-link elementor-size-sm\" href=\"\/va\/prestecs\/programa-de-garanties-ivf-per-a-la-compra-de-vivienda\">\n\t\t\t\t\t\t<span class=\"elementor-button-content-wrapper\">\n\t\t\t\t\t\t<span class=\"elementor-button-text\">M\u00c1S INFORMACI\u00d3N<\/span>\n\t\t<\/span>\n\t\t\t\t\t<\/a>\n\t\t<\/div>\n\t\t\t\t<\/div>\n\t\t\t\t<\/div>\n\t\t\t\t\t<\/div>\n\t\t<\/div>\n\t\t\t\t<div class=\"elementor-column elementor-col-50 elementor-inner-column elementor-element elementor-element-9c53b79\" data-id=\"9c53b79\" data-element_type=\"column\">\n\t\t\t<div class=\"elementor-widget-wrap\">\n\t\t\t\t\t\t\t\t\t<\/div>\n\t\t<\/div>\n\t\t\t\t\t\t\t<\/div>\n\t\t<\/section>\n\t\t\t\t\t<\/div>\n\t\t<\/div>\n\t\t\t\t<div class=\"elementor-column elementor-col-33 elementor-top-column elementor-element elementor-element-4693c6a\" data-id=\"4693c6a\" data-element_type=\"column\">\n\t\t\t<div class=\"elementor-widget-wrap\">\n\t\t\t\t\t\t\t\t\t<\/div>\n\t\t<\/div>\n\t\t\t\t\t\t\t<\/div>\n\t\t<\/section>\n\t\t\t\t\t\t\t<\/div>\n\t\t","protected":false},"excerpt":{"rendered":"<p>Avals L&#8217;IVF t&#8217;ajuda a aconseguir finan\u00e7ament AFIN-SGR: La SGR de la Comunitat Valenciana Fundada en 1981 per a facilitar l\u2019acc\u00e9s al cr\u00e8dit a les petites&hellip;<\/p>\n","protected":false},"author":1,"featured_media":0,"parent":0,"menu_order":0,"comment_status":"closed","ping_status":"closed","template":"","meta":{"footnotes":""},"class_list":["post-4907","page","type-page","status-publish","hentry"],"yoast_head":"<!-- This site is optimized with the Yoast SEO plugin v18.0 - https:\/\/yoast.com\/wordpress\/plugins\/seo\/ -->\n<title>Avales IVF - IVF<\/title>\n<meta name=\"robots\" content=\"index, follow, max-snippet:-1, max-image-preview:large, max-video-preview:-1\" \/>\n<link rel=\"canonical\" href=\"https:\/\/prestamos.ivf.es\/va\/avales-ivf\" \/>\n<meta property=\"og:locale\" content=\"en_US\" \/>\n<meta property=\"og:type\" content=\"article\" \/>\n<meta property=\"og:title\" content=\"Avales IVF - IVF\" \/>\n<meta property=\"og:description\" content=\"Avals L&#8217;IVF t&#8217;ajuda a aconseguir finan\u00e7ament AFIN-SGR: La SGR de la Comunitat Valenciana Fundada en 1981 per a facilitar l\u2019acc\u00e9s al cr\u00e8dit a les petites&hellip;\" \/>\n<meta property=\"og:url\" content=\"https:\/\/prestamos.ivf.es\/va\/avales-ivf\" \/>\n<meta property=\"og:site_name\" content=\"IVF\" \/>\n<meta property=\"article:modified_time\" content=\"2024-06-27T08:16:09+00:00\" \/>\n<meta property=\"og:image\" content=\"https:\/\/prestamos.ivf.es\/wp-content\/uploads\/2023\/07\/sgr_logo.png\" \/>\n<meta name=\"twitter:card\" content=\"summary_large_image\" \/>\n<meta name=\"twitter:label1\" content=\"Est. reading time\" \/>\n\t<meta name=\"twitter:data1\" content=\"1 minute\" \/>\n<script type=\"application\/ld+json\" class=\"yoast-schema-graph\">{\"@context\":\"https:\/\/schema.org\",\"@graph\":[{\"@type\":\"WebSite\",\"@id\":\"https:\/\/prestamos.ivf.es\/va\/#website\",\"url\":\"https:\/\/prestamos.ivf.es\/va\/\",\"name\":\"IVF\",\"description\":\"IVF, Nuestro \u00fanico inter\u00e9s eres t\u00fa\",\"potentialAction\":[{\"@type\":\"SearchAction\",\"target\":{\"@type\":\"EntryPoint\",\"urlTemplate\":\"https:\/\/prestamos.ivf.es\/va\/?s={search_term_string}\"},\"query-input\":\"required name=search_term_string\"}],\"inLanguage\":\"va-ES\"},{\"@type\":\"ImageObject\",\"@id\":\"https:\/\/prestamos.ivf.es\/va\/avales-ivf#primaryimage\",\"inLanguage\":\"va-ES\",\"url\":\"https:\/\/prestamos.ivf.es\/wp-content\/uploads\/2023\/07\/sgr_logo.png\",\"contentUrl\":\"https:\/\/prestamos.ivf.es\/wp-content\/uploads\/2023\/07\/sgr_logo.png\",\"width\":400,\"height\":212},{\"@type\":\"WebPage\",\"@id\":\"https:\/\/prestamos.ivf.es\/va\/avales-ivf#webpage\",\"url\":\"https:\/\/prestamos.ivf.es\/va\/avales-ivf\",\"name\":\"Avales IVF - IVF\",\"isPartOf\":{\"@id\":\"https:\/\/prestamos.ivf.es\/va\/#website\"},\"primaryImageOfPage\":{\"@id\":\"https:\/\/prestamos.ivf.es\/va\/avales-ivf#primaryimage\"},\"datePublished\":\"2024-06-27T07:59:59+00:00\",\"dateModified\":\"2024-06-27T08:16:09+00:00\",\"breadcrumb\":{\"@id\":\"https:\/\/prestamos.ivf.es\/va\/avales-ivf#breadcrumb\"},\"inLanguage\":\"va-ES\",\"potentialAction\":[{\"@type\":\"ReadAction\",\"target\":[\"https:\/\/prestamos.ivf.es\/va\/avales-ivf\"]}]},{\"@type\":\"BreadcrumbList\",\"@id\":\"https:\/\/prestamos.ivf.es\/va\/avales-ivf#breadcrumb\",\"itemListElement\":[{\"@type\":\"ListItem\",\"position\":1,\"name\":\"Portada\",\"item\":\"https:\/\/prestamos.ivf.es\/va\"},{\"@type\":\"ListItem\",\"position\":2,\"name\":\"Avales IVF\"}]}]}<\/script>\n<!-- \/ Yoast SEO plugin. -->","yoast_head_json":{"title":"Avales IVF - IVF","robots":{"index":"index","follow":"follow","max-snippet":"max-snippet:-1","max-image-preview":"max-image-preview:large","max-video-preview":"max-video-preview:-1"},"canonical":"https:\/\/prestamos.ivf.es\/va\/avales-ivf","og_locale":"en_US","og_type":"article","og_title":"Avales IVF - IVF","og_description":"Avals L&#8217;IVF t&#8217;ajuda a aconseguir finan\u00e7ament AFIN-SGR: La SGR de la Comunitat Valenciana Fundada en 1981 per a facilitar l\u2019acc\u00e9s al cr\u00e8dit a les petites&hellip;","og_url":"https:\/\/prestamos.ivf.es\/va\/avales-ivf","og_site_name":"IVF","article_modified_time":"2024-06-27T08:16:09+00:00","og_image":[{"url":"https:\/\/prestamos.ivf.es\/wp-content\/uploads\/2023\/07\/sgr_logo.png"}],"twitter_card":"summary_large_image","twitter_misc":{"Est. reading time":"1 minute"},"schema":{"@context":"https:\/\/schema.org","@graph":[{"@type":"WebSite","@id":"https:\/\/prestamos.ivf.es\/va\/#website","url":"https:\/\/prestamos.ivf.es\/va\/","name":"IVF","description":"IVF, Nuestro \u00fanico inter\u00e9s eres t\u00fa","potentialAction":[{"@type":"SearchAction","target":{"@type":"EntryPoint","urlTemplate":"https:\/\/prestamos.ivf.es\/va\/?s={search_term_string}"},"query-input":"required name=search_term_string"}],"inLanguage":"va-ES"},{"@type":"ImageObject","@id":"https:\/\/prestamos.ivf.es\/va\/avales-ivf#primaryimage","inLanguage":"va-ES","url":"https:\/\/prestamos.ivf.es\/wp-content\/uploads\/2023\/07\/sgr_logo.png","contentUrl":"https:\/\/prestamos.ivf.es\/wp-content\/uploads\/2023\/07\/sgr_logo.png","width":400,"height":212},{"@type":"WebPage","@id":"https:\/\/prestamos.ivf.es\/va\/avales-ivf#webpage","url":"https:\/\/prestamos.ivf.es\/va\/avales-ivf","name":"Avales IVF - IVF","isPartOf":{"@id":"https:\/\/prestamos.ivf.es\/va\/#website"},"primaryImageOfPage":{"@id":"https:\/\/prestamos.ivf.es\/va\/avales-ivf#primaryimage"},"datePublished":"2024-06-27T07:59:59+00:00","dateModified":"2024-06-27T08:16:09+00:00","breadcrumb":{"@id":"https:\/\/prestamos.ivf.es\/va\/avales-ivf#breadcrumb"},"inLanguage":"va-ES","potentialAction":[{"@type":"ReadAction","target":["https:\/\/prestamos.ivf.es\/va\/avales-ivf"]}]},{"@type":"BreadcrumbList","@id":"https:\/\/prestamos.ivf.es\/va\/avales-ivf#breadcrumb","itemListElement":[{"@type":"ListItem","position":1,"name":"Portada","item":"https:\/\/prestamos.ivf.es\/va"},{"@type":"ListItem","position":2,"name":"Avales IVF"}]}]}},"_links":{"self":[{"href":"https:\/\/prestamos.ivf.es\/va\/wp-json\/wp\/v2\/pages\/4907","targetHints":{"allow":["GET"]}}],"collection":[{"href":"https:\/\/prestamos.ivf.es\/va\/wp-json\/wp\/v2\/pages"}],"about":[{"href":"https:\/\/prestamos.ivf.es\/va\/wp-json\/wp\/v2\/types\/page"}],"author":[{"embeddable":true,"href":"https:\/\/prestamos.ivf.es\/va\/wp-json\/wp\/v2\/users\/1"}],"replies":[{"embeddable":true,"href":"https:\/\/prestamos.ivf.es\/va\/wp-json\/wp\/v2\/comments?post=4907"}],"version-history":[{"count":7,"href":"https:\/\/prestamos.ivf.es\/va\/wp-json\/wp\/v2\/pages\/4907\/revisions"}],"predecessor-version":[{"id":4915,"href":"https:\/\/prestamos.ivf.es\/va\/wp-json\/wp\/v2\/pages\/4907\/revisions\/4915"}],"wp:attachment":[{"href":"https:\/\/prestamos.ivf.es\/va\/wp-json\/wp\/v2\/media?parent=4907"}],"curies":[{"name":"wp","href":"https:\/\/api.w.org\/{rel}","templated":true}]}}