{"id":4291,"date":"2024-04-05T07:40:00","date_gmt":"2024-04-05T07:40:00","guid":{"rendered":"https:\/\/prestamos.ivf.es\/?page_id=4291"},"modified":"2026-02-25T11:06:23","modified_gmt":"2026-02-25T11:06:23","slug":"linia-prestem-ivf-labora-formacio","status":"publish","type":"page","link":"https:\/\/prestamos.ivf.es\/va\/prestecs\/linia-prestem-ivf-labora-formacio","title":{"rendered":"L\u00ednia Prestem IVF Labora Formaci\u00f3"},"content":{"rendered":"\t\t<div data-elementor-type=\"wp-page\" data-elementor-id=\"4291\" class=\"elementor elementor-4291\">\n\t\t\t\t\t\t\t\t\t<section class=\"elementor-section elementor-top-section elementor-element elementor-element-3321343d elementor-section-height-min-height elementor-section-stretched cabecera-top elementor-section-boxed elementor-section-height-default elementor-section-items-middle\" data-id=\"3321343d\" data-element_type=\"section\" data-settings=\"{&quot;stretch_section&quot;:&quot;section-stretched&quot;,&quot;background_background&quot;:&quot;classic&quot;}\">\n\t\t\t\t\t\t\t<div class=\"elementor-background-overlay\"><\/div>\n\t\t\t\t\t\t\t<div class=\"elementor-container elementor-column-gap-default\">\n\t\t\t\t\t<div class=\"elementor-column elementor-col-50 elementor-top-column elementor-element elementor-element-4ea1eb14\" data-id=\"4ea1eb14\" data-element_type=\"column\" data-settings=\"{&quot;background_background&quot;:&quot;classic&quot;}\">\n\t\t\t<div class=\"elementor-widget-wrap elementor-element-populated\">\n\t\t\t\t\t<div class=\"elementor-background-overlay\"><\/div>\n\t\t\t\t\t\t\t\t<div class=\"elementor-element elementor-element-5e55105b hola elementor-widget elementor-widget-heading\" data-id=\"5e55105b\" data-element_type=\"widget\" data-widget_type=\"heading.default\">\n\t\t\t\t<div class=\"elementor-widget-container\">\n\t\t\t<style>\/*! elementor - v3.14.0 - 26-06-2023 *\/\n.elementor-heading-title{padding:0;margin:0;line-height:1}.elementor-widget-heading .elementor-heading-title[class*=elementor-size-]>a{color:inherit;font-size:inherit;line-height:inherit}.elementor-widget-heading .elementor-heading-title.elementor-size-small{font-size:15px}.elementor-widget-heading .elementor-heading-title.elementor-size-medium{font-size:19px}.elementor-widget-heading .elementor-heading-title.elementor-size-large{font-size:29px}.elementor-widget-heading .elementor-heading-title.elementor-size-xl{font-size:39px}.elementor-widget-heading .elementor-heading-title.elementor-size-xxl{font-size:59px}<\/style><h1 class=\"elementor-heading-title elementor-size-default\"> L\u00ednia Finan\u00e7ament Pr\u00e9stec IVF Labora Formaci\u00f3<\/h1>\t\t<\/div>\n\t\t\t\t<\/div>\n\t\t\t\t<div class=\"elementor-element elementor-element-4f67172 elementor-widget elementor-widget-heading\" data-id=\"4f67172\" data-element_type=\"widget\" data-widget_type=\"heading.default\">\n\t\t\t\t<div class=\"elementor-widget-container\">\n\t\t\t<h4 class=\"elementor-heading-title elementor-size-default\">Dirigida a centres, entitats de formaci\u00f3 i aut\u00f2noms acreditats per LABORA que realitzen accions formatives per a millorar la qualificaci\u00f3 professional i estimular la inserci\u00f3 laboral\n<\/h4>\t\t<\/div>\n\t\t\t\t<\/div>\n\t\t\t\t<section class=\"elementor-section elementor-inner-section elementor-element elementor-element-fe240f0 elementor-section-boxed elementor-section-height-default elementor-section-height-default\" data-id=\"fe240f0\" data-element_type=\"section\">\n\t\t\t\t\t\t<div class=\"elementor-container elementor-column-gap-default\">\n\t\t\t\t\t<div class=\"elementor-column elementor-col-50 elementor-inner-column elementor-element elementor-element-111f4bb\" data-id=\"111f4bb\" data-element_type=\"column\">\n\t\t\t<div class=\"elementor-widget-wrap elementor-element-populated\">\n\t\t\t\t\t\t\t\t<div class=\"elementor-element elementor-element-35e6878 elementor-widget__width-initial elementor-widget elementor-widget-button\" data-id=\"35e6878\" data-element_type=\"widget\" data-widget_type=\"button.default\">\n\t\t\t\t<div class=\"elementor-widget-container\">\n\t\t\t\t\t<div class=\"elementor-button-wrapper\">\n\t\t\t<a class=\"elementor-button elementor-button-link elementor-size-sm\" href=\"https:\/\/prestamos.ivf.es\/wp-content\/uploads\/2026\/02\/00_convocatoria-Linea-Labora-Formacion-vlc.pdf\" target=\"_blank\">\n\t\t\t\t\t\t<span class=\"elementor-button-content-wrapper\">\n\t\t\t\t\t\t<span class=\"elementor-button-text\">BASES CONVOCAT\u00d2RIA<\/span>\n\t\t<\/span>\n\t\t\t\t\t<\/a>\n\t\t<\/div>\n\t\t\t\t<\/div>\n\t\t\t\t<\/div>\n\t\t\t\t\t<\/div>\n\t\t<\/div>\n\t\t\t\t<div class=\"elementor-column elementor-col-50 elementor-inner-column elementor-element elementor-element-f56c03b\" data-id=\"f56c03b\" data-element_type=\"column\">\n\t\t\t<div class=\"elementor-widget-wrap elementor-element-populated\">\n\t\t\t\t\t\t\t\t<div class=\"elementor-element elementor-element-b89eaff elementor-widget__width-initial elementor-widget elementor-widget-button\" data-id=\"b89eaff\" data-element_type=\"widget\" data-widget_type=\"button.default\">\n\t\t\t\t<div class=\"elementor-widget-container\">\n\t\t\t\t\t<div class=\"elementor-button-wrapper\">\n\t\t\t<a class=\"elementor-button elementor-button-link elementor-size-sm\" href=\"https:\/\/sede.ivf.es\/procedures\/61d1ef40-e4b5-499c-8cb7-8993c6b1bb2e?action=online\" target=\"_blank\">\n\t\t\t\t\t\t<span class=\"elementor-button-content-wrapper\">\n\t\t\t\t\t\t<span class=\"elementor-button-text\">SOL\u00b7LICITAR<\/span>\n\t\t<\/span>\n\t\t\t\t\t<\/a>\n\t\t<\/div>\n\t\t\t\t<\/div>\n\t\t\t\t<\/div>\n\t\t\t\t\t<\/div>\n\t\t<\/div>\n\t\t\t\t\t\t\t<\/div>\n\t\t<\/section>\n\t\t\t\t\t<\/div>\n\t\t<\/div>\n\t\t\t\t<div class=\"elementor-column elementor-col-50 elementor-top-column elementor-element elementor-element-e6e8974\" data-id=\"e6e8974\" data-element_type=\"column\">\n\t\t\t<div class=\"elementor-widget-wrap elementor-element-populated\">\n\t\t\t\t\t\t\t\t<section class=\"elementor-section elementor-inner-section elementor-element elementor-element-e97bd48 elementor-section-boxed elementor-section-height-default elementor-section-height-default\" data-id=\"e97bd48\" data-element_type=\"section\">\n\t\t\t\t\t\t<div class=\"elementor-container elementor-column-gap-default\">\n\t\t\t\t\t<div class=\"elementor-column elementor-col-100 elementor-inner-column elementor-element elementor-element-ec9a740\" data-id=\"ec9a740\" data-element_type=\"column\">\n\t\t\t<div class=\"elementor-widget-wrap\">\n\t\t\t\t\t\t\t\t\t<\/div>\n\t\t<\/div>\n\t\t\t\t\t\t\t<\/div>\n\t\t<\/section>\n\t\t\t\t\t<\/div>\n\t\t<\/div>\n\t\t\t\t\t\t\t<\/div>\n\t\t<\/section>\n\t\t\t\t<section class=\"elementor-section elementor-top-section elementor-element elementor-element-0c4a25a elementor-section-stretched elementor-section-boxed elementor-section-height-default elementor-section-height-default\" data-id=\"0c4a25a\" data-element_type=\"section\" data-settings=\"{&quot;stretch_section&quot;:&quot;section-stretched&quot;}\">\n\t\t\t\t\t\t<div class=\"elementor-container elementor-column-gap-default\">\n\t\t\t\t\t<div class=\"elementor-column elementor-col-100 elementor-top-column elementor-element elementor-element-130f6ff\" data-id=\"130f6ff\" data-element_type=\"column\">\n\t\t\t<div class=\"elementor-widget-wrap elementor-element-populated\">\n\t\t\t\t\t\t\t\t<div class=\"elementor-element elementor-element-d64932c elementor-widget elementor-widget-eael-adv-tabs\" data-id=\"d64932c\" data-element_type=\"widget\" data-widget_type=\"eael-adv-tabs.default\">\n\t\t\t\t<div class=\"elementor-widget-container\">\n\t\t\t        <div id=\"eael-advance-tabs-d64932c\" class=\"eael-advance-tabs eael-tabs-horizontal eael-tab-auto-active \" data-tabid=\"d64932c\">\n            <div class=\"eael-tabs-nav\">\n                <ul class=\"\">\n                                            <li id=\"beneficiaris\" class=\"active-default eael-tab-item-trigger\" aria-selected=\"true\" data-tab=\"1\" role=\"tab\" tabindex=\"0\" aria-controls=\"beneficiaris-tab\" aria-expanded=\"false\">\n                            \n                            \n                            \n                                                            <span class=\"eael-tab-title  title-after-icon\">Beneficiaris<\/span>                                                    <\/li>\n                                            <li id=\"condicions\" class=\"inactive eael-tab-item-trigger\" aria-selected=\"false\" data-tab=\"2\" role=\"tab\" tabindex=\"-1\" aria-controls=\"condicions-tab\" aria-expanded=\"false\">\n                            \n                            \n                            \n                                                            <span class=\"eael-tab-title  title-after-icon\">Condicions<\/span>                                                    <\/li>\n                                            <li id=\"requisits\" class=\"inactive eael-tab-item-trigger\" aria-selected=\"false\" data-tab=\"3\" role=\"tab\" tabindex=\"-1\" aria-controls=\"requisits-tab\" aria-expanded=\"false\">\n                            \n                            \n                            \n                                                            <span class=\"eael-tab-title  title-after-icon\">Requisits<\/span>                                                    <\/li>\n                                            <li id=\"documentaci\" class=\"inactive eael-tab-item-trigger\" aria-selected=\"false\" data-tab=\"4\" role=\"tab\" tabindex=\"-1\" aria-controls=\"documentaci-tab\" aria-expanded=\"false\">\n                            \n                            \n                            \n                                                            <span class=\"eael-tab-title  title-after-icon\">Documentaci\u00f3<\/span>                                                    <\/li>\n                                            <li id=\"desemborsament\" class=\"inactive eael-tab-item-trigger\" aria-selected=\"false\" data-tab=\"5\" role=\"tab\" tabindex=\"-1\" aria-controls=\"desemborsament-tab\" aria-expanded=\"false\">\n                            \n                            \n                            \n                                                            <span class=\"eael-tab-title  title-after-icon\">Desemborsament<\/span>                                                    <\/li>\n                                    <\/ul>\n            <\/div>\n            \n            <div class=\"eael-tabs-content\">\n\t\t        \n                    <div id=\"beneficiaris-tab\" class=\"clearfix eael-tab-content-item active-default\" data-title-link=\"beneficiaris-tab\">\n\t\t\t\t        \t\t\t\t\t        <p>Centres, entitats de formaci\u00f3 i aut\u00f2noms acreditats per LABORA, que realitzen accions formatives dirigides a proporcionar una millor qualificaci\u00f3 professional i estimular la inserci\u00f3 laboral.<\/p><p><em>*Consultar les bases completes en la convocat\u00f2ria<\/em><\/p>\t\t\t\t                            <\/div>\n\t\t        \n                    <div id=\"condicions-tab\" class=\"clearfix eael-tab-content-item inactive\" data-title-link=\"condicions-tab\">\n\t\t\t\t        \t\t\t\t\t        <p><strong>IMPORT<\/strong>: Fins al 80% de l'import de la subvenci\u00f3 concedida en el cas de les subvencions rebudes per accions formatives per a persones desocupades; i fins al 60% de l'import de la subvenci\u00f3 concedida, en el cas d'accions formatives per a persones ocupades. En tots dos casos, l'import m\u00ednim de finan\u00e7ament sol\u00b7licitat ser\u00e0 de 20.000 euros.<\/p><p><strong>TERMINI<\/strong>: fins a 24 mesos.<\/p><p><strong>GARANTIA<\/strong>: garant\u00eda sobre els drets de cr\u00e8dit derivats, o que puguen derivar-se, de les subvencions concedides per LABORA.<\/p><p><strong>AMORTIZACI\u00d3<\/strong>: Els cobraments procedents de les subvencions pignorades o de qualsevol altre dret econ\u00f2mic que corresponga al prestatari per la prestaci\u00f3 del servici, s'aplicaran a amortitzar anticipadament l'operaci\u00f3 fins a la seua total cancel\u00b7laci\u00f3.<\/p><p><strong>TIPUS D' INTER\u00c9S<\/strong>: El pr\u00e9stec meritar\u00e0 un tipus fix anual del 4,45% sobre el risc viu de l'operaci\u00f3 a cada moment.<\/p><p><strong>COMISSIONS<\/strong>: Sense comissions d'obertura, disposici\u00f3 i cancel\u00b7laci\u00f3 anticipada.<\/p><p>* Consultar les bases completes en la convocat\u00f2ria<\/p>\t\t\t\t                            <\/div>\n\t\t        \n                    <div id=\"requisits-tab\" class=\"clearfix eael-tab-content-item inactive\" data-title-link=\"requisits-tab\">\n\t\t\t\t        \t\t\t\t\t        <div class=\"grve-element grve-text\"><p>Els beneficiaris han de complir els seg\u00fcents requisits, entre altres *:<\/p><\/div><div class=\"grve-element grve-list grve-list-check \"><ul class=\"pesta\u00f1as-linea\"><li>Haver resultat beneficiari de les subvencions de LABORA de les seg\u00fcents convocat\u00f2ries per a les quals se sol\u00b7licita l'acompte:<br \/><ul class=\"pesta\u00f1as-linea\"><li>RESOLUCI\u00d3 de 24 de mar\u00e7 de 2025, de la Direcci\u00f3 General de Labora Servei Valenci\u00e0 d\u2019Ocupaci\u00f3 i Formaci\u00f3, per la qual s\u2019aprova la convocat\u00f2ria per a la concessi\u00f3 de subvencions per a la realitzaci\u00f3 d\u2019accions formatives conduents a certificats professionals i dirigides priorit\u00e0riament a persones desocupades per a l\u2019exercici 2025, en aplicaci\u00f3 de l\u2019Orde EFP\/942\/2022, de 23 de setembre.<\/li><li>RESOLUCI\u00d3 de 24 de mar\u00e7 de 2025, de la Direcci\u00f3 General de Labora Servei Valenci\u00e0 d\u2019Ocupaci\u00f3 i Formaci\u00f3, per la qual s\u2019aprova la convocat\u00f2ria per a la concessi\u00f3 de subvencions per a la realitzaci\u00f3 d\u2019accions formatives no conduents a certificats professionals dirigides priorit\u00e0riament a persones desocupades per a l\u2019exercici 2025, en aplicaci\u00f3 de l\u2019Orde TMS\/368\/2019, de 28 de mar\u00e7.<\/li><li>RESOLUCI\u00d3 de 19 de setembre de 2025, de la Direcci\u00f3 General, per la qual s\u2019aprova la convocat\u00f2ria per a la concessi\u00f3 de subvencions en r\u00e8gim de concurr\u00e8ncia competitiva per a la realitzaci\u00f3 d\u2019accions formatives amb compromisos de contractaci\u00f3 dirigides a persones desocupades del programa \u00abFormaci\u00f3 a mesura de les empreses\u00bb, amb c\u00e0rrec a l\u2019exercici 2025, en aplicaci\u00f3 de l\u2019Orde TMS\/368\/2019, de 28 de mar\u00e7.<\/li><li>RESOLUCI\u00d3 de 24 d\u2019abril de 2025, de la Direcci\u00f3 General, per la qual s\u2019aprova la convocat\u00f2ria per a la concessi\u00f3 de subvencions per a la realitzaci\u00f3 d\u2019accions formatives conduents a certificats professionals i dirigides priorit\u00e0riament a persones ocupades per a l\u2019exercici 2025, en aplicaci\u00f3 de l\u2019Orde EFP\/942\/2022, de 23 de setembre.<\/li><li>RESOLUCI\u00d3 de 29 d\u2019abril de 2025, de la Direcci\u00f3 General, per la qual s\u2019aprova la convocat\u00f2ria de subvencions per a la realitzaci\u00f3 d\u2019accions formatives dirigides priorit\u00e0riament a persones ocupades per a l\u2019exercici 2025, en aplicaci\u00f3 de l\u2019Orde TMS\/368\/2019, de 28 de mar\u00e7.<\/li><\/ul><\/li><li>Haver iniciat l'actuaci\u00f3 formativa en el moment de la sol\u00b7licitud.<\/li><li>Estar en disposici\u00f3 de comptar amb totes les llic\u00e8ncies, autoritzacions i permisos necessaris per a l'execuci\u00f3 del projecte i complir la normativa nacional i comunit\u00e0ria que resulte aplicable.<\/li><li>Estar al corrent de compliment de les obligacions tribut\u00e0ries davant l'Estat i la Generalitat, aix\u00ed com de les obligacions davant la Seguretat Social.<\/li><li>No haver sol\u00b7licitat la declaraci\u00f3 de concurs voluntari, no haver sigut declarat insolvent en qualsevol procediment, no trobar-se declarat en concurs, llevat que en este haja adquirit l\u2019efic\u00e0cia un conveni, ni estar subjecte a intervenci\u00f3 judicial o haver sigut inhabilitat.<\/li><\/ul><p>* Consultar les bases completes en la convocat\u00f2ria<\/p><\/div>\t\t\t\t                            <\/div>\n\t\t        \n                    <div id=\"documentaci-tab\" class=\"clearfix eael-tab-content-item inactive\" data-title-link=\"documentaci-tab\">\n\t\t\t\t        \t\t\t\t\t        <div class=\"grve-element grve-text\"><p>La sol\u00b7licitud anir\u00e0 acompanyada de la seg\u00fcent documentaci\u00f3:<\/p><\/div><div class=\"grve-element grve-list grve-list-check \"><ul class=\"pesta\u00f1as-linea\"><li>Identificaci\u00f3 del sol\u00b7licitant:<br \/><ul class=\"pesta\u00f1as-linea\"><li>En el cas que el sol\u00b7licitant siga un treballador aut\u00f2nom, s'aportar\u00e0 fotoc\u00f2pia del DNI, passaport, o targeta de resid\u00e8ncia del sol\u00b7licitant (de tots els socis\/comuners en cas que el sol\u00b7licitant siga SC o CB).<\/li><li>Si el sol\u00b7licitant \u00e9s una societat mercantil, s'aportar\u00e0 fotocopia DNI, passaport o targeta de resid\u00e8ncia del representant legal de l'empresa sol\u00b7licitant, juntament amb la fotoc\u00f2pia de l'escriptura d'apoderament. A m\u00e9s, s'incorporar\u00e0 a la sol\u00b7licitud la fotoc\u00f2pia de l'escriptura de titularitat real (o declaraci\u00f3 responsable) i l'escriptura de constituci\u00f3 de la societat.<\/li><\/ul><\/li><li>Declaraci\u00f3 Responsable del compliment dels requisits per a ser beneficiari del finan\u00e7ament i del comprom\u00eds expr\u00e9s del compliment de les obligacions que en cas de resultar beneficiari correspondrien al sol\u00b7licitant.<\/li><li>Acreditaci\u00f3 que l'entitat \u00e9s benefici\u00e0ria de les subvencions que pretenen anticipar mitjan\u00e7ant la c\u00f2pia de les resolucions corresponents.<\/li><li>Detall de les subvencions l'acompte de les quals se sol\u00b7licita.<\/li><\/ul><p>En el cas de presentar-se sol\u00b7licituds que no s'hagen emplenat aportant tota la informaci\u00f3 que es requerix i\/o no hagueren acompanyat tota la documentaci\u00f3 establida en la convocat\u00f2ria, l'IVF requerir\u00e0 a l'interessat perqu\u00e8, en el termini de deu dies h\u00e0bils des de la notificaci\u00f3, esmene la falta o acompanye els documents preceptius, amb indicaci\u00f3 que, si aix\u00ed no ho fera, se li tindr\u00e0 per desistit en la seua petici\u00f3.<\/p><\/div><div class=\"grve-element grve-text\"><p>* Consultar les bases completes en la convocat\u00f2ria<\/p><\/div>\t\t\t\t                            <\/div>\n\t\t        \n                    <div id=\"desemborsament-tab\" class=\"clearfix eael-tab-content-item inactive\" data-title-link=\"desemborsament-tab\">\n\t\t\t\t        \t\t\t\t\t        <div class=\"grve-element grve-text\"><p>El desemborsament es realitzar\u00e0 a sol\u00b7licitud del prestatari, i es produir\u00e0 d'una sola vegada o en desemborsaments parcials. El nombre m\u00e0xim de disposicions parcials ser\u00e0 l'establit en la resoluci\u00f3 d'aprovaci\u00f3 del finan\u00e7ament i es traslladar\u00e0 sense modificaci\u00f3 al contracte de pr\u00e9stec.<\/p><p>L'IVF podr\u00e0 requerir la presentaci\u00f3 de la documentaci\u00f3 que justifique l'actuaci\u00f3 finan\u00e7ada. El sol\u00b7licitant haur\u00e0 d'aportar estos documents amb posterioritat al desemborsament, conforme al que es disposa en la resoluci\u00f3 de concessi\u00f3 del finan\u00e7ament i en el contracte de pr\u00e9stec, sent causa de venciment anticipat del pr\u00e9stec l'incompliment d'esta obligaci\u00f3.<\/p><p>Transcorregut el termini m\u00e0xim de disposici\u00f3 sense que es dispose de la totalitat dels fons, l'import del pr\u00e9stec quedar\u00e0 fixat en la quantia efectivament disposada. En este sup\u00f2sit, l'IVF emetr\u00e0 una resoluci\u00f3 modificant l'acord d'atorgament del finan\u00e7ament i anul\u00b7lant el comprom\u00eds per la part no disposada.<\/p><\/div><div class=\"grve-element grve-text\"><p>* Consultar les bases completes en la convocat\u00f2ria<\/p><\/div>\t\t\t\t                            <\/div>\n\t\t                    <\/div>\n        <\/div>\n\t\t<\/div>\n\t\t\t\t<\/div>\n\t\t\t\t\t<\/div>\n\t\t<\/div>\n\t\t\t\t\t\t\t<\/div>\n\t\t<\/section>\n\t\t\t\t\t\t\t<\/div>\n\t\t","protected":false},"excerpt":{"rendered":"<p>L\u00ednia Finan\u00e7ament Pr\u00e9stec IVF Labora Formaci\u00f3 Dirigida a centres, entitats de formaci\u00f3 i aut\u00f2noms acreditats per LABORA que realitzen accions formatives per a millorar la&hellip;<\/p>\n","protected":false},"author":1,"featured_media":0,"parent":986,"menu_order":0,"comment_status":"closed","ping_status":"closed","template":"","meta":{"footnotes":""},"class_list":["post-4291","page","type-page","status-publish","hentry"],"yoast_head":"<!-- This site is optimized with the Yoast SEO plugin v18.0 - https:\/\/yoast.com\/wordpress\/plugins\/seo\/ -->\n<title>L\u00ednia Prestem IVF Labora Formaci\u00f3 - IVF<\/title>\n<meta name=\"robots\" content=\"index, follow, max-snippet:-1, max-image-preview:large, max-video-preview:-1\" \/>\n<link rel=\"canonical\" href=\"https:\/\/prestamos.ivf.es\/va\/prestecs\/linia-prestem-ivf-labora-formacio\" \/>\n<meta property=\"og:locale\" content=\"en_US\" \/>\n<meta property=\"og:type\" content=\"article\" \/>\n<meta property=\"og:title\" content=\"L\u00ednia Prestem IVF Labora Formaci\u00f3 - IVF\" \/>\n<meta property=\"og:description\" content=\"L\u00ednia Finan\u00e7ament Pr\u00e9stec IVF Labora Formaci\u00f3 Dirigida a centres, entitats de formaci\u00f3 i aut\u00f2noms acreditats per LABORA que realitzen accions formatives per a millorar la&hellip;\" \/>\n<meta property=\"og:url\" content=\"https:\/\/prestamos.ivf.es\/va\/prestecs\/linia-prestem-ivf-labora-formacio\" \/>\n<meta property=\"og:site_name\" content=\"IVF\" \/>\n<meta property=\"article:modified_time\" content=\"2026-02-25T11:06:23+00:00\" \/>\n<meta name=\"twitter:card\" content=\"summary_large_image\" \/>\n<meta name=\"twitter:label1\" content=\"Est. reading time\" \/>\n\t<meta name=\"twitter:data1\" content=\"5 minutes\" \/>\n<script type=\"application\/ld+json\" class=\"yoast-schema-graph\">{\"@context\":\"https:\/\/schema.org\",\"@graph\":[{\"@type\":\"WebSite\",\"@id\":\"https:\/\/prestamos.ivf.es\/va\/#website\",\"url\":\"https:\/\/prestamos.ivf.es\/va\/\",\"name\":\"IVF\",\"description\":\"IVF, Nuestro \u00fanico inter\u00e9s eres t\u00fa\",\"potentialAction\":[{\"@type\":\"SearchAction\",\"target\":{\"@type\":\"EntryPoint\",\"urlTemplate\":\"https:\/\/prestamos.ivf.es\/va\/?s={search_term_string}\"},\"query-input\":\"required name=search_term_string\"}],\"inLanguage\":\"va-ES\"},{\"@type\":\"WebPage\",\"@id\":\"https:\/\/prestamos.ivf.es\/va\/prestecs\/linia-prestem-ivf-labora-formacio#webpage\",\"url\":\"https:\/\/prestamos.ivf.es\/va\/prestecs\/linia-prestem-ivf-labora-formacio\",\"name\":\"L\u00ednia Prestem IVF Labora Formaci\u00f3 - IVF\",\"isPartOf\":{\"@id\":\"https:\/\/prestamos.ivf.es\/va\/#website\"},\"datePublished\":\"2024-04-05T07:40:00+00:00\",\"dateModified\":\"2026-02-25T11:06:23+00:00\",\"breadcrumb\":{\"@id\":\"https:\/\/prestamos.ivf.es\/va\/prestecs\/linia-prestem-ivf-labora-formacio#breadcrumb\"},\"inLanguage\":\"va-ES\",\"potentialAction\":[{\"@type\":\"ReadAction\",\"target\":[\"https:\/\/prestamos.ivf.es\/va\/prestecs\/linia-prestem-ivf-labora-formacio\"]}]},{\"@type\":\"BreadcrumbList\",\"@id\":\"https:\/\/prestamos.ivf.es\/va\/prestecs\/linia-prestem-ivf-labora-formacio#breadcrumb\",\"itemListElement\":[{\"@type\":\"ListItem\",\"position\":1,\"name\":\"Portada\",\"item\":\"https:\/\/prestamos.ivf.es\/va\"},{\"@type\":\"ListItem\",\"position\":2,\"name\":\"Pr\u00e9stecs\",\"item\":\"https:\/\/prestamos.ivf.es\/va\/prestecs\"},{\"@type\":\"ListItem\",\"position\":3,\"name\":\"L\u00ednia Prestem IVF Labora Formaci\u00f3\"}]}]}<\/script>\n<!-- \/ Yoast SEO plugin. -->","yoast_head_json":{"title":"L\u00ednia Prestem IVF Labora Formaci\u00f3 - IVF","robots":{"index":"index","follow":"follow","max-snippet":"max-snippet:-1","max-image-preview":"max-image-preview:large","max-video-preview":"max-video-preview:-1"},"canonical":"https:\/\/prestamos.ivf.es\/va\/prestecs\/linia-prestem-ivf-labora-formacio","og_locale":"en_US","og_type":"article","og_title":"L\u00ednia Prestem IVF Labora Formaci\u00f3 - IVF","og_description":"L\u00ednia Finan\u00e7ament Pr\u00e9stec IVF Labora Formaci\u00f3 Dirigida a centres, entitats de formaci\u00f3 i aut\u00f2noms acreditats per LABORA que realitzen accions formatives per a millorar la&hellip;","og_url":"https:\/\/prestamos.ivf.es\/va\/prestecs\/linia-prestem-ivf-labora-formacio","og_site_name":"IVF","article_modified_time":"2026-02-25T11:06:23+00:00","twitter_card":"summary_large_image","twitter_misc":{"Est. reading time":"5 minutes"},"schema":{"@context":"https:\/\/schema.org","@graph":[{"@type":"WebSite","@id":"https:\/\/prestamos.ivf.es\/va\/#website","url":"https:\/\/prestamos.ivf.es\/va\/","name":"IVF","description":"IVF, Nuestro \u00fanico inter\u00e9s eres t\u00fa","potentialAction":[{"@type":"SearchAction","target":{"@type":"EntryPoint","urlTemplate":"https:\/\/prestamos.ivf.es\/va\/?s={search_term_string}"},"query-input":"required name=search_term_string"}],"inLanguage":"va-ES"},{"@type":"WebPage","@id":"https:\/\/prestamos.ivf.es\/va\/prestecs\/linia-prestem-ivf-labora-formacio#webpage","url":"https:\/\/prestamos.ivf.es\/va\/prestecs\/linia-prestem-ivf-labora-formacio","name":"L\u00ednia Prestem IVF Labora Formaci\u00f3 - IVF","isPartOf":{"@id":"https:\/\/prestamos.ivf.es\/va\/#website"},"datePublished":"2024-04-05T07:40:00+00:00","dateModified":"2026-02-25T11:06:23+00:00","breadcrumb":{"@id":"https:\/\/prestamos.ivf.es\/va\/prestecs\/linia-prestem-ivf-labora-formacio#breadcrumb"},"inLanguage":"va-ES","potentialAction":[{"@type":"ReadAction","target":["https:\/\/prestamos.ivf.es\/va\/prestecs\/linia-prestem-ivf-labora-formacio"]}]},{"@type":"BreadcrumbList","@id":"https:\/\/prestamos.ivf.es\/va\/prestecs\/linia-prestem-ivf-labora-formacio#breadcrumb","itemListElement":[{"@type":"ListItem","position":1,"name":"Portada","item":"https:\/\/prestamos.ivf.es\/va"},{"@type":"ListItem","position":2,"name":"Pr\u00e9stecs","item":"https:\/\/prestamos.ivf.es\/va\/prestecs"},{"@type":"ListItem","position":3,"name":"L\u00ednia Prestem IVF Labora Formaci\u00f3"}]}]}},"_links":{"self":[{"href":"https:\/\/prestamos.ivf.es\/va\/wp-json\/wp\/v2\/pages\/4291","targetHints":{"allow":["GET"]}}],"collection":[{"href":"https:\/\/prestamos.ivf.es\/va\/wp-json\/wp\/v2\/pages"}],"about":[{"href":"https:\/\/prestamos.ivf.es\/va\/wp-json\/wp\/v2\/types\/page"}],"author":[{"embeddable":true,"href":"https:\/\/prestamos.ivf.es\/va\/wp-json\/wp\/v2\/users\/1"}],"replies":[{"embeddable":true,"href":"https:\/\/prestamos.ivf.es\/va\/wp-json\/wp\/v2\/comments?post=4291"}],"version-history":[{"count":61,"href":"https:\/\/prestamos.ivf.es\/va\/wp-json\/wp\/v2\/pages\/4291\/revisions"}],"predecessor-version":[{"id":6872,"href":"https:\/\/prestamos.ivf.es\/va\/wp-json\/wp\/v2\/pages\/4291\/revisions\/6872"}],"up":[{"embeddable":true,"href":"https:\/\/prestamos.ivf.es\/va\/wp-json\/wp\/v2\/pages\/986"}],"wp:attachment":[{"href":"https:\/\/prestamos.ivf.es\/va\/wp-json\/wp\/v2\/media?parent=4291"}],"curies":[{"name":"wp","href":"https:\/\/api.w.org\/{rel}","templated":true}]}}