{"id":3933,"date":"2024-02-27T15:27:09","date_gmt":"2024-02-27T15:27:09","guid":{"rendered":"https:\/\/prestamos.ivf.es\/?page_id=3933"},"modified":"2024-04-11T05:27:04","modified_gmt":"2024-04-11T05:27:04","slug":"elementor-3933","status":"publish","type":"page","link":"https:\/\/prestamos.ivf.es\/va\/prestecs\/elementor-3933","title":{"rendered":"L\u00ednia Pr\u00e9stec Subordinat"},"content":{"rendered":"\t\t<div data-elementor-type=\"wp-page\" data-elementor-id=\"3933\" class=\"elementor elementor-3933\">\n\t\t\t\t\t\t\t\t\t<section class=\"elementor-section elementor-top-section elementor-element elementor-element-3321343d elementor-section-height-min-height elementor-section-stretched cabecera-top elementor-section-boxed elementor-section-height-default elementor-section-items-middle\" data-id=\"3321343d\" data-element_type=\"section\" data-settings=\"{&quot;stretch_section&quot;:&quot;section-stretched&quot;,&quot;background_background&quot;:&quot;classic&quot;}\">\n\t\t\t\t\t\t\t<div class=\"elementor-background-overlay\"><\/div>\n\t\t\t\t\t\t\t<div class=\"elementor-container elementor-column-gap-default\">\n\t\t\t\t\t<div class=\"elementor-column elementor-col-50 elementor-top-column elementor-element elementor-element-4ea1eb14\" data-id=\"4ea1eb14\" data-element_type=\"column\">\n\t\t\t<div class=\"elementor-widget-wrap elementor-element-populated\">\n\t\t\t\t\t\t\t\t<div class=\"elementor-element elementor-element-5e55105b hola elementor-widget elementor-widget-heading\" data-id=\"5e55105b\" data-element_type=\"widget\" data-widget_type=\"heading.default\">\n\t\t\t\t<div class=\"elementor-widget-container\">\n\t\t\t<style>\/*! elementor - v3.14.0 - 26-06-2023 *\/\n.elementor-heading-title{padding:0;margin:0;line-height:1}.elementor-widget-heading .elementor-heading-title[class*=elementor-size-]>a{color:inherit;font-size:inherit;line-height:inherit}.elementor-widget-heading .elementor-heading-title.elementor-size-small{font-size:15px}.elementor-widget-heading .elementor-heading-title.elementor-size-medium{font-size:19px}.elementor-widget-heading .elementor-heading-title.elementor-size-large{font-size:29px}.elementor-widget-heading .elementor-heading-title.elementor-size-xl{font-size:39px}.elementor-widget-heading .elementor-heading-title.elementor-size-xxl{font-size:59px}<\/style><h1 class=\"elementor-heading-title elementor-size-default\">L\u00ednia Pr\u00e9stec Subordinat IVF - FEDER<\/h1>\t\t<\/div>\n\t\t\t\t<\/div>\n\t\t\t\t<div class=\"elementor-element elementor-element-4f67172 elementor-widget elementor-widget-heading\" data-id=\"4f67172\" data-element_type=\"widget\" data-widget_type=\"heading.default\">\n\t\t\t\t<div class=\"elementor-widget-container\">\n\t\t\t<h4 class=\"elementor-heading-title elementor-size-default\">Pr\u00e9stec subordinat IVF del programa operatiu FEDER 2021-2027<\/h4>\t\t<\/div>\n\t\t\t\t<\/div>\n\t\t\t\t<section class=\"elementor-section elementor-inner-section elementor-element elementor-element-f2a48e8 elementor-section-boxed elementor-section-height-default elementor-section-height-default\" data-id=\"f2a48e8\" data-element_type=\"section\">\n\t\t\t\t\t\t<div class=\"elementor-container elementor-column-gap-default\">\n\t\t\t\t\t<div class=\"elementor-column elementor-col-50 elementor-inner-column elementor-element elementor-element-89b030a\" data-id=\"89b030a\" data-element_type=\"column\">\n\t\t\t<div class=\"elementor-widget-wrap elementor-element-populated\">\n\t\t\t\t\t\t\t\t<div class=\"elementor-element elementor-element-581f0af elementor-widget__width-initial elementor-widget elementor-widget-button\" data-id=\"581f0af\" data-element_type=\"widget\" data-widget_type=\"button.default\">\n\t\t\t\t<div class=\"elementor-widget-container\">\n\t\t\t\t\t<div class=\"elementor-button-wrapper\">\n\t\t\t<a class=\"elementor-button elementor-button-link elementor-size-sm\" href=\"\/wp-content\/uploads\/2024\/03\/Publicacion-DOGV-20240327.pdf\" target=\"_blank\">\n\t\t\t\t\t\t<span class=\"elementor-button-content-wrapper\">\n\t\t\t\t\t\t<span class=\"elementor-button-text\">BASES CONVOCAT\u00d2RIA<\/span>\n\t\t<\/span>\n\t\t\t\t\t<\/a>\n\t\t<\/div>\n\t\t\t\t<\/div>\n\t\t\t\t<\/div>\n\t\t\t\t\t<\/div>\n\t\t<\/div>\n\t\t\t\t<div class=\"elementor-column elementor-col-50 elementor-inner-column elementor-element elementor-element-ce12fbf\" data-id=\"ce12fbf\" data-element_type=\"column\">\n\t\t\t<div class=\"elementor-widget-wrap elementor-element-populated\">\n\t\t\t\t\t\t\t\t<div class=\"elementor-element elementor-element-68dd763 elementor-widget__width-initial elementor-widget elementor-widget-button\" data-id=\"68dd763\" data-element_type=\"widget\" data-widget_type=\"button.default\">\n\t\t\t\t<div class=\"elementor-widget-container\">\n\t\t\t\t\t<div class=\"elementor-button-wrapper\">\n\t\t\t<a class=\"elementor-button elementor-button-link elementor-size-sm\" href=\"https:\/\/sede.ivf.es\/procedures\/7343cb37-4470-4dd0-a069-00f36a412b68?action=info\" target=\"_blank\">\n\t\t\t\t\t\t<span class=\"elementor-button-content-wrapper\">\n\t\t\t\t\t\t<span class=\"elementor-button-text\">SOL\u00b7LICITAR<\/span>\n\t\t<\/span>\n\t\t\t\t\t<\/a>\n\t\t<\/div>\n\t\t\t\t<\/div>\n\t\t\t\t<\/div>\n\t\t\t\t\t<\/div>\n\t\t<\/div>\n\t\t\t\t\t\t\t<\/div>\n\t\t<\/section>\n\t\t\t\t\t<\/div>\n\t\t<\/div>\n\t\t\t\t<div class=\"elementor-column elementor-col-50 elementor-top-column elementor-element elementor-element-e6e8974\" data-id=\"e6e8974\" data-element_type=\"column\">\n\t\t\t<div class=\"elementor-widget-wrap elementor-element-populated\">\n\t\t\t\t\t\t\t\t<section class=\"elementor-section elementor-inner-section elementor-element elementor-element-e97bd48 elementor-section-boxed elementor-section-height-default elementor-section-height-default\" data-id=\"e97bd48\" data-element_type=\"section\">\n\t\t\t\t\t\t<div class=\"elementor-container elementor-column-gap-default\">\n\t\t\t\t\t<div class=\"elementor-column elementor-col-100 elementor-inner-column elementor-element elementor-element-ec9a740\" data-id=\"ec9a740\" data-element_type=\"column\">\n\t\t\t<div class=\"elementor-widget-wrap\">\n\t\t\t\t\t\t\t\t\t<\/div>\n\t\t<\/div>\n\t\t\t\t\t\t\t<\/div>\n\t\t<\/section>\n\t\t\t\t\t<\/div>\n\t\t<\/div>\n\t\t\t\t\t\t\t<\/div>\n\t\t<\/section>\n\t\t\t\t<section class=\"elementor-section elementor-top-section elementor-element elementor-element-0c4a25a elementor-section-stretched elementor-section-boxed elementor-section-height-default elementor-section-height-default\" data-id=\"0c4a25a\" data-element_type=\"section\" data-settings=\"{&quot;stretch_section&quot;:&quot;section-stretched&quot;}\">\n\t\t\t\t\t\t<div class=\"elementor-container elementor-column-gap-default\">\n\t\t\t\t\t<div class=\"elementor-column elementor-col-100 elementor-top-column elementor-element elementor-element-130f6ff\" data-id=\"130f6ff\" data-element_type=\"column\">\n\t\t\t<div class=\"elementor-widget-wrap elementor-element-populated\">\n\t\t\t\t\t\t\t\t<div class=\"elementor-element elementor-element-d64932c elementor-widget elementor-widget-eael-adv-tabs\" data-id=\"d64932c\" data-element_type=\"widget\" data-widget_type=\"eael-adv-tabs.default\">\n\t\t\t\t<div class=\"elementor-widget-container\">\n\t\t\t        <div id=\"eael-advance-tabs-d64932c\" class=\"eael-advance-tabs eael-tabs-horizontal eael-tab-auto-active \" data-tabid=\"d64932c\">\n            <div class=\"eael-tabs-nav\">\n                <ul class=\"\">\n                                            <li id=\"beneficiaris\" class=\"active-default eael-tab-item-trigger\" aria-selected=\"true\" data-tab=\"1\" role=\"tab\" tabindex=\"0\" aria-controls=\"beneficiaris-tab\" aria-expanded=\"false\">\n                            \n                            \n                            \n                                                            <span class=\"eael-tab-title  title-after-icon\">Beneficiaris<\/span>                                                    <\/li>\n                                            <li id=\"condicions\" class=\"inactive eael-tab-item-trigger\" aria-selected=\"false\" data-tab=\"2\" role=\"tab\" tabindex=\"-1\" aria-controls=\"condicions-tab\" aria-expanded=\"false\">\n                            \n                            \n                            \n                                                            <span class=\"eael-tab-title  title-after-icon\">Condicions<\/span>                                                    <\/li>\n                                            <li id=\"requisits\" class=\"inactive eael-tab-item-trigger\" aria-selected=\"false\" data-tab=\"3\" role=\"tab\" tabindex=\"-1\" aria-controls=\"requisits-tab\" aria-expanded=\"false\">\n                            \n                            \n                            \n                                                            <span class=\"eael-tab-title  title-after-icon\">Requisits<\/span>                                                    <\/li>\n                                            <li id=\"despeses-finanables\" class=\"inactive eael-tab-item-trigger\" aria-selected=\"false\" data-tab=\"4\" role=\"tab\" tabindex=\"-1\" aria-controls=\"despeses-finanables-tab\" aria-expanded=\"false\">\n                            \n                            \n                            \n                                                            <span class=\"eael-tab-title  title-after-icon\">Despeses finan\u00e7ables<\/span>                                                    <\/li>\n                                    <\/ul>\n            <\/div>\n            \n            <div class=\"eael-tabs-content\">\n\t\t        \n                    <div id=\"beneficiaris-tab\" class=\"clearfix eael-tab-content-item active-default\" data-title-link=\"beneficiaris-tab\">\n\t\t\t\t        \t\t\t\t\t        <p>Petites i mitjanes empreses amb establiment o sucursal de producci\u00f3 o de desenvolupament d'activitat es trobe radicat en la Comunitat Valenciana.<\/p><p>Finalitat dels projectes:<\/p><ul class=\"pesta\u00f1as-linea\"><li>De car\u00e0cter innovador, amb especial atenci\u00f3 sobre les empreses valencianes que hagen rebut ajudes del programa de finan\u00e7ament de l'horitz\u00f3 Europa EIC Accelerator.<\/li><li>Actuacions destinades a l'expansi\u00f3, creixement i\/o consolidaci\u00f3 de les activitats generals d'una empresa o a la realitzaci\u00f3 de nous projectes, la penetraci\u00f3 en nous mercats o noves activitats. Es considera que una empresa est\u00e0 en fase de creixement i expansi\u00f3 quan preveu un augment d'ocupaci\u00f3 i\/o volum de negoci, materialitzant-se la inversi\u00f3 o finan\u00e7ament en un augment de la capacitat de producci\u00f3 o en la provisi\u00f3 de capital explotaci\u00f3 addicional.<\/li><\/ul><p><img loading=\"lazy\" decoding=\"async\" class=\" wp-image-4110 aligncenter\" src=\"https:\/\/prestamos.ivf.es\/wp-content\/uploads\/2024\/03\/LOGO-UE_valenciano-horizontal-1_out-300x61.png\" alt=\"\" width=\"546\" height=\"111\" srcset=\"https:\/\/prestamos.ivf.es\/wp-content\/uploads\/2024\/03\/LOGO-UE_valenciano-horizontal-1_out-300x61.png 300w, https:\/\/prestamos.ivf.es\/wp-content\/uploads\/2024\/03\/LOGO-UE_valenciano-horizontal-1_out-1024x209.png 1024w, https:\/\/prestamos.ivf.es\/wp-content\/uploads\/2024\/03\/LOGO-UE_valenciano-horizontal-1_out-768x157.png 768w, https:\/\/prestamos.ivf.es\/wp-content\/uploads\/2024\/03\/LOGO-UE_valenciano-horizontal-1_out-1536x313.png 1536w, https:\/\/prestamos.ivf.es\/wp-content\/uploads\/2024\/03\/LOGO-UE_valenciano-horizontal-1_out-2048x418.png 2048w\" sizes=\"auto, (max-width: 546px) 100vw, 546px\" \/><\/p><p><em>*Consultar les bases completes en la convocat\u00f2ria<\/em><\/p>\t\t\t\t                            <\/div>\n\t\t        \n                    <div id=\"condicions-tab\" class=\"clearfix eael-tab-content-item inactive\" data-title-link=\"condicions-tab\">\n\t\t\t\t        \t\t\t\t\t        <p><strong>IMPORT<\/strong>: entre 300.000 i 1.000.000 euros, sense que puga superar el 100% de l'import de les despeses finan\u00e7ables elegibles en la Comunitat Valenciana ni l'import facturat en l'\u00faltim exercici amb els \u00faltims comptes tancats. L'import m\u00e0xim de finan\u00e7ament haur\u00e0 d'entendre's relatiu al grup d'empreses al qual pertany, si \u00e9s el cas, l'empresa sol\u00b7licitant de finan\u00e7ament, de manera que el risc viu corresponent a les operacions de finan\u00e7ament que, a l'empara d'esta convocat\u00f2ria, haja atorgat l'IVF al grup d'empreses del sol\u00b7licitant, no podr\u00e0 excedir en cap cas el citat l\u00edmit.<\/p><p><strong>TERMINI<\/strong>: m\u00e0xim de 10 anys.<\/p><p><strong>MANCA PER A L'AMORTIZACI\u00d3 DE CAPITAL<\/strong>: fins a 3 anys.<\/p><p><strong>GARANTIES<\/strong>: sense garanties addicionals a les quals aporta el propi projecte empresarial. No obstant aix\u00f2, en el cas que l'activitat de la pime destinat\u00e0ria de la inversi\u00f3 estiga lligada de manera significativa amb una altra empresa relacionada accionarialment de manera directa o a trav\u00e9s d'accionistes comuns, o en el cas que la constituci\u00f3 de la pime siga resultat d'una spin off o cessi\u00f3 d'activitat d'una altra empresa amb participaci\u00f3 accionarial majorit\u00e0ria, es podr\u00e0 sol\u00b7licitar l'aval d'estes segones per a garantir la bona fi de l'operaci\u00f3. Com a norma general, no es prendran com a garantia fiances personals.<\/p><p><strong>AMORTIZACIONS<\/strong>: trimestrals, a partir de la finalitzaci\u00f3 de la manca.<\/p><p><strong>TIPUS D' INTER\u00c9S<\/strong>: EURIBOR a dotze mesos, amb un valor m\u00ednim de 0,00%, m\u00e9s un diferencial de 6,50%. Sobre el diferencial de 6,5% s'aplicar\u00e0 una bonificaci\u00f3 entre 2,0 i 6,0 punts percentuals de tipus d'inter\u00e9s, en funci\u00f3 del compliment d'algun dels criteris b\u00e0sics de prioritzaci\u00f3 d'operacions del Programa Comunitat Valenciana FEDER 2021-2027 per als instruments financers.<\/p><p><strong>COMISSI\u00d3 D'OBERTURA<\/strong>: fins a l'1% del valor nominal del pr\u00e9stec, en funci\u00f3 dels costos derivats de l'avaluaci\u00f3 per part de l'IVF del projecte presentat.<\/p><p><strong>SECTORS<\/strong>: tots, excepte els expressament exclosos en l'apartat de Sectors exclosos.<\/p><p>* <em>Consultar les bases completes en la convocat\u00f2ria<\/em><\/p>\t\t\t\t                            <\/div>\n\t\t        \n                    <div id=\"requisits-tab\" class=\"clearfix eael-tab-content-item inactive\" data-title-link=\"requisits-tab\">\n\t\t\t\t        \t\t\t\t\t        <div class=\"grve-element grve-text\"><p>Els beneficiaris hauran de complir, entre altres, els seg\u00fcents requisits:<\/p><\/div><div class=\"grve-element grve-list grve-list-check \"><ul class=\"pesta\u00f1as-linea\"><li>Disposar d'un establiment o sucursal de producci\u00f3 o desenvolupament d'activitat en la Comunitat Valenciana.<\/li><li>Comptar amb almenys un treballador en la Comunitat Valenciana.<\/li><li>Estar al corrent de les seues obligacions amb Seguretat Social i Hisenda.<\/li><li>Acreditar amb els \u00faltims comptes anuals tancades una facturaci\u00f3 d'almenys 500.000 euros. S'entendr\u00e0 per comptes tancats les aprovades i presentades en el Registre Mercantil.<\/li><li>No estar en situaci\u00f3 d'empresa en crisi.No estar incurs en cap de les prohibicions assenyalades en els apartats 2 i 3 de l'article 13 de la Llei General de Subvencions.<\/li><li>Comptar amb totes les llic\u00e8ncies i autoritzacions necess\u00e0ries.<\/li><li>Estar al corrent del compliment de la Llei de prevenci\u00f3, qualitat i control ambiental d'activitats en la Comunitat Valenciana, del Reial decret legislatiu pel qual s'aprova el text ref\u00f3s de la Llei general de drets de les persones amb discapacitat i de la seua inclusi\u00f3 social, i de la Llei per a la igualtat entre dones i homes.<\/li><li>No estar subjectes a una orde de recuperaci\u00f3 pendent, despr\u00e9s d'una decisi\u00f3 de la Comissi\u00f3 Europea declarant una ajuda il\u00b7legal i incompatible amb el mercat com\u00fa.<\/li><li>Complir amb el principi de \u00abno causar un perju\u00ed significatiu al medi ambient (DNSH)\u00bb en el sentit establit en a l'article 9.4, del Reglament (UE) 2021\/1060 del Parlament Europeu i del Consell, de 24 de juny de 2021.<\/li><\/ul><p>* <em>Consultar les bases completes en la convocat\u00f2ria<\/em><\/p><\/div>\t\t\t\t                            <\/div>\n\t\t        \n                    <div id=\"despeses-finanables-tab\" class=\"clearfix eael-tab-content-item inactive\" data-title-link=\"despeses-finanables-tab\">\n\t\t\t\t        \t\t\t\t\t        <div class=\"grve-element grve-text\"><p>La despesa finan\u00e7ada amb l'instrument financer haur\u00e0 de desenvolupar-se dins del territori de la Comunitat Valenciana.<\/p><p>Com a inversions en actius fixos, seran despeses elegibles els seg\u00fcents:<\/p><\/div><div class=\"grve-element grve-list grve-list-check \"><ul class=\"pesta\u00f1as-linea\"><li><p>Adquisici\u00f3 i construcci\u00f3 de naus industrials, locals i instal\u00b7lacions per al desenvolupament de l'activitat principal de l'empresa, incloent-hi l'adquisici\u00f3 i condicionament de terrenys sempre que el seu valor de taxaci\u00f3 no supere el 10% del cost total estimat per al projecte d'inversi\u00f3.<\/p><\/li><li>Construcci\u00f3 d'instal\u00b7lacions d'energia renovable, tant si el seu dest\u00ed \u00e9s l'autoconsum com l'abocament a xarxa.<\/li><li><p>Adquisici\u00f3 d'equipament vinculat a les tecnologies de la informaci\u00f3 i la comunicaci\u00f3.<\/p><\/li><li>Maquin\u00e0ria, ferramentes, motles o utillatge.<\/li><li>Mobiliari.<\/li><li><p>Vehicles industrials i elements de transport afectes a l'explotaci\u00f3.<\/p><\/li><li>Actius intangibles, com les despeses de recerca i desenvolupament, la propietat industrial, els drets de trasp\u00e0s o les aplicacions inform\u00e0tiques.<\/li><\/ul><p>Es considerar\u00e0 despesa elegible en capital circulant tot increment del fons de maniobra de l'empresa, definit com la difer\u00e8ncia entre l'actiu i el passiu corrent del balan\u00e7, que s'haja produ\u00eft en l'exercici tancat en el qual s'haja disposat del finan\u00e7ament.<\/p><\/div><div class=\"grve-element grve-text\"><p>*Consultar les bases completes en la convocat\u00f2ria<\/p><\/div>\t\t\t\t                            <\/div>\n\t\t                    <\/div>\n        <\/div>\n\t\t<\/div>\n\t\t\t\t<\/div>\n\t\t\t\t\t<\/div>\n\t\t<\/div>\n\t\t\t\t\t\t\t<\/div>\n\t\t<\/section>\n\t\t\t\t\t\t\t<\/div>\n\t\t","protected":false},"excerpt":{"rendered":"<p>L\u00ednia Pr\u00e9stec Subordinat IVF &#8211; FEDER Pr\u00e9stec subordinat IVF del programa operatiu FEDER 2021-2027 BASES CONVOCAT\u00d2RIA SOL\u00b7LICITAR Beneficiaris Condicions Requisits Despeses finan\u00e7ables Petites i mitjanes&hellip;<\/p>\n","protected":false},"author":1,"featured_media":0,"parent":986,"menu_order":0,"comment_status":"closed","ping_status":"closed","template":"","meta":{"footnotes":""},"class_list":["post-3933","page","type-page","status-publish","hentry"],"yoast_head":"<!-- This site is optimized with the Yoast SEO plugin v18.0 - https:\/\/yoast.com\/wordpress\/plugins\/seo\/ -->\n<title>L\u00ednia Pr\u00e9stec Subordinat - IVF<\/title>\n<meta name=\"robots\" content=\"index, follow, max-snippet:-1, max-image-preview:large, max-video-preview:-1\" \/>\n<link rel=\"canonical\" href=\"https:\/\/prestamos.ivf.es\/va\/prestecs\/elementor-3933\" \/>\n<meta property=\"og:locale\" content=\"en_US\" \/>\n<meta property=\"og:type\" content=\"article\" \/>\n<meta property=\"og:title\" content=\"L\u00ednia Pr\u00e9stec Subordinat - IVF\" \/>\n<meta property=\"og:description\" content=\"L\u00ednia Pr\u00e9stec Subordinat IVF &#8211; FEDER Pr\u00e9stec subordinat IVF del programa operatiu FEDER 2021-2027 BASES CONVOCAT\u00d2RIA SOL\u00b7LICITAR Beneficiaris Condicions Requisits Despeses finan\u00e7ables Petites i mitjanes&hellip;\" \/>\n<meta property=\"og:url\" content=\"https:\/\/prestamos.ivf.es\/va\/prestecs\/elementor-3933\" \/>\n<meta property=\"og:site_name\" content=\"IVF\" \/>\n<meta property=\"article:modified_time\" content=\"2024-04-11T05:27:04+00:00\" \/>\n<meta property=\"og:image\" content=\"https:\/\/prestamos.ivf.es\/wp-content\/uploads\/2024\/03\/LOGO-UE_valenciano-horizontal-1_out-300x61.png\" \/>\n<meta name=\"twitter:card\" content=\"summary_large_image\" \/>\n<meta name=\"twitter:label1\" content=\"Est. reading time\" \/>\n\t<meta name=\"twitter:data1\" content=\"5 minutes\" \/>\n<script type=\"application\/ld+json\" class=\"yoast-schema-graph\">{\"@context\":\"https:\/\/schema.org\",\"@graph\":[{\"@type\":\"WebSite\",\"@id\":\"https:\/\/prestamos.ivf.es\/va\/#website\",\"url\":\"https:\/\/prestamos.ivf.es\/va\/\",\"name\":\"IVF\",\"description\":\"IVF, Nuestro \u00fanico inter\u00e9s eres t\u00fa\",\"potentialAction\":[{\"@type\":\"SearchAction\",\"target\":{\"@type\":\"EntryPoint\",\"urlTemplate\":\"https:\/\/prestamos.ivf.es\/va\/?s={search_term_string}\"},\"query-input\":\"required name=search_term_string\"}],\"inLanguage\":\"va-ES\"},{\"@type\":\"ImageObject\",\"@id\":\"https:\/\/prestamos.ivf.es\/va\/prestecs\/elementor-3933#primaryimage\",\"inLanguage\":\"va-ES\",\"url\":\"https:\/\/prestamos.ivf.es\/wp-content\/uploads\/2024\/03\/LOGO-UE_valenciano-horizontal-1_out.png\",\"contentUrl\":\"https:\/\/prestamos.ivf.es\/wp-content\/uploads\/2024\/03\/LOGO-UE_valenciano-horizontal-1_out.png\",\"width\":5924,\"height\":1208},{\"@type\":\"WebPage\",\"@id\":\"https:\/\/prestamos.ivf.es\/va\/prestecs\/elementor-3933#webpage\",\"url\":\"https:\/\/prestamos.ivf.es\/va\/prestecs\/elementor-3933\",\"name\":\"L\u00ednia Pr\u00e9stec Subordinat - IVF\",\"isPartOf\":{\"@id\":\"https:\/\/prestamos.ivf.es\/va\/#website\"},\"primaryImageOfPage\":{\"@id\":\"https:\/\/prestamos.ivf.es\/va\/prestecs\/elementor-3933#primaryimage\"},\"datePublished\":\"2024-02-27T15:27:09+00:00\",\"dateModified\":\"2024-04-11T05:27:04+00:00\",\"breadcrumb\":{\"@id\":\"https:\/\/prestamos.ivf.es\/va\/prestecs\/elementor-3933#breadcrumb\"},\"inLanguage\":\"va-ES\",\"potentialAction\":[{\"@type\":\"ReadAction\",\"target\":[\"https:\/\/prestamos.ivf.es\/va\/prestecs\/elementor-3933\"]}]},{\"@type\":\"BreadcrumbList\",\"@id\":\"https:\/\/prestamos.ivf.es\/va\/prestecs\/elementor-3933#breadcrumb\",\"itemListElement\":[{\"@type\":\"ListItem\",\"position\":1,\"name\":\"Portada\",\"item\":\"https:\/\/prestamos.ivf.es\/va\"},{\"@type\":\"ListItem\",\"position\":2,\"name\":\"Pr\u00e9stecs\",\"item\":\"https:\/\/prestamos.ivf.es\/va\/prestecs\"},{\"@type\":\"ListItem\",\"position\":3,\"name\":\"L\u00ednia Pr\u00e9stec Subordinat\"}]}]}<\/script>\n<!-- \/ Yoast SEO plugin. -->","yoast_head_json":{"title":"L\u00ednia Pr\u00e9stec Subordinat - IVF","robots":{"index":"index","follow":"follow","max-snippet":"max-snippet:-1","max-image-preview":"max-image-preview:large","max-video-preview":"max-video-preview:-1"},"canonical":"https:\/\/prestamos.ivf.es\/va\/prestecs\/elementor-3933","og_locale":"en_US","og_type":"article","og_title":"L\u00ednia Pr\u00e9stec Subordinat - IVF","og_description":"L\u00ednia Pr\u00e9stec Subordinat IVF &#8211; FEDER Pr\u00e9stec subordinat IVF del programa operatiu FEDER 2021-2027 BASES CONVOCAT\u00d2RIA SOL\u00b7LICITAR Beneficiaris Condicions Requisits Despeses finan\u00e7ables Petites i mitjanes&hellip;","og_url":"https:\/\/prestamos.ivf.es\/va\/prestecs\/elementor-3933","og_site_name":"IVF","article_modified_time":"2024-04-11T05:27:04+00:00","og_image":[{"url":"https:\/\/prestamos.ivf.es\/wp-content\/uploads\/2024\/03\/LOGO-UE_valenciano-horizontal-1_out-300x61.png"}],"twitter_card":"summary_large_image","twitter_misc":{"Est. reading time":"5 minutes"},"schema":{"@context":"https:\/\/schema.org","@graph":[{"@type":"WebSite","@id":"https:\/\/prestamos.ivf.es\/va\/#website","url":"https:\/\/prestamos.ivf.es\/va\/","name":"IVF","description":"IVF, Nuestro \u00fanico inter\u00e9s eres t\u00fa","potentialAction":[{"@type":"SearchAction","target":{"@type":"EntryPoint","urlTemplate":"https:\/\/prestamos.ivf.es\/va\/?s={search_term_string}"},"query-input":"required name=search_term_string"}],"inLanguage":"va-ES"},{"@type":"ImageObject","@id":"https:\/\/prestamos.ivf.es\/va\/prestecs\/elementor-3933#primaryimage","inLanguage":"va-ES","url":"https:\/\/prestamos.ivf.es\/wp-content\/uploads\/2024\/03\/LOGO-UE_valenciano-horizontal-1_out.png","contentUrl":"https:\/\/prestamos.ivf.es\/wp-content\/uploads\/2024\/03\/LOGO-UE_valenciano-horizontal-1_out.png","width":5924,"height":1208},{"@type":"WebPage","@id":"https:\/\/prestamos.ivf.es\/va\/prestecs\/elementor-3933#webpage","url":"https:\/\/prestamos.ivf.es\/va\/prestecs\/elementor-3933","name":"L\u00ednia Pr\u00e9stec Subordinat - IVF","isPartOf":{"@id":"https:\/\/prestamos.ivf.es\/va\/#website"},"primaryImageOfPage":{"@id":"https:\/\/prestamos.ivf.es\/va\/prestecs\/elementor-3933#primaryimage"},"datePublished":"2024-02-27T15:27:09+00:00","dateModified":"2024-04-11T05:27:04+00:00","breadcrumb":{"@id":"https:\/\/prestamos.ivf.es\/va\/prestecs\/elementor-3933#breadcrumb"},"inLanguage":"va-ES","potentialAction":[{"@type":"ReadAction","target":["https:\/\/prestamos.ivf.es\/va\/prestecs\/elementor-3933"]}]},{"@type":"BreadcrumbList","@id":"https:\/\/prestamos.ivf.es\/va\/prestecs\/elementor-3933#breadcrumb","itemListElement":[{"@type":"ListItem","position":1,"name":"Portada","item":"https:\/\/prestamos.ivf.es\/va"},{"@type":"ListItem","position":2,"name":"Pr\u00e9stecs","item":"https:\/\/prestamos.ivf.es\/va\/prestecs"},{"@type":"ListItem","position":3,"name":"L\u00ednia Pr\u00e9stec Subordinat"}]}]}},"_links":{"self":[{"href":"https:\/\/prestamos.ivf.es\/va\/wp-json\/wp\/v2\/pages\/3933","targetHints":{"allow":["GET"]}}],"collection":[{"href":"https:\/\/prestamos.ivf.es\/va\/wp-json\/wp\/v2\/pages"}],"about":[{"href":"https:\/\/prestamos.ivf.es\/va\/wp-json\/wp\/v2\/types\/page"}],"author":[{"embeddable":true,"href":"https:\/\/prestamos.ivf.es\/va\/wp-json\/wp\/v2\/users\/1"}],"replies":[{"embeddable":true,"href":"https:\/\/prestamos.ivf.es\/va\/wp-json\/wp\/v2\/comments?post=3933"}],"version-history":[{"count":47,"href":"https:\/\/prestamos.ivf.es\/va\/wp-json\/wp\/v2\/pages\/3933\/revisions"}],"predecessor-version":[{"id":4341,"href":"https:\/\/prestamos.ivf.es\/va\/wp-json\/wp\/v2\/pages\/3933\/revisions\/4341"}],"up":[{"embeddable":true,"href":"https:\/\/prestamos.ivf.es\/va\/wp-json\/wp\/v2\/pages\/986"}],"wp:attachment":[{"href":"https:\/\/prestamos.ivf.es\/va\/wp-json\/wp\/v2\/media?parent=3933"}],"curies":[{"name":"wp","href":"https:\/\/api.w.org\/{rel}","templated":true}]}}