{"id":1103,"date":"2023-04-27T10:38:51","date_gmt":"2023-04-27T10:38:51","guid":{"rendered":"https:\/\/prestamos.premm.es\/?page_id=1103"},"modified":"2023-06-19T08:52:38","modified_gmt":"2023-06-19T08:52:38","slug":"linia-financament-bonificat-ivf-grans-distribuidors-de-productes-agricoles","status":"publish","type":"page","link":"https:\/\/prestamos.ivf.es\/va\/prestecs\/linia-financament-bonificat-ivf-grans-distribuidors-de-productes-agricoles","title":{"rendered":"L\u00ednia Finan\u00e7ament Bonificat IVF Grans Distribu\u00efdors de productes agr\u00edcoles"},"content":{"rendered":"\t\t<div data-elementor-type=\"wp-page\" data-elementor-id=\"1103\" class=\"elementor elementor-1103\">\n\t\t\t\t\t\t\t\t\t<section class=\"elementor-section elementor-top-section elementor-element elementor-element-3321343d elementor-section-height-min-height elementor-section-stretched cabecera-top elementor-section-boxed elementor-section-height-default elementor-section-items-middle\" data-id=\"3321343d\" data-element_type=\"section\" data-settings=\"{&quot;stretch_section&quot;:&quot;section-stretched&quot;,&quot;background_background&quot;:&quot;classic&quot;}\">\n\t\t\t\t\t\t\t<div class=\"elementor-background-overlay\"><\/div>\n\t\t\t\t\t\t\t<div class=\"elementor-container elementor-column-gap-default\">\n\t\t\t\t\t<div class=\"elementor-column elementor-col-100 elementor-top-column elementor-element elementor-element-4ea1eb14\" data-id=\"4ea1eb14\" data-element_type=\"column\">\n\t\t\t<div class=\"elementor-widget-wrap elementor-element-populated\">\n\t\t\t\t\t\t\t\t<div class=\"elementor-element elementor-element-5e55105b hola elementor-widget elementor-widget-heading\" data-id=\"5e55105b\" data-element_type=\"widget\" data-widget_type=\"heading.default\">\n\t\t\t\t<div class=\"elementor-widget-container\">\n\t\t\t<style>\/*! elementor - v3.14.0 - 26-06-2023 *\/\n.elementor-heading-title{padding:0;margin:0;line-height:1}.elementor-widget-heading .elementor-heading-title[class*=elementor-size-]>a{color:inherit;font-size:inherit;line-height:inherit}.elementor-widget-heading .elementor-heading-title.elementor-size-small{font-size:15px}.elementor-widget-heading .elementor-heading-title.elementor-size-medium{font-size:19px}.elementor-widget-heading .elementor-heading-title.elementor-size-large{font-size:29px}.elementor-widget-heading .elementor-heading-title.elementor-size-xl{font-size:39px}.elementor-widget-heading .elementor-heading-title.elementor-size-xxl{font-size:59px}<\/style><h1 class=\"elementor-heading-title elementor-size-default\">L\u00ednia Finan\u00e7ament Bonificat IVF Grans Distribu\u00efdors de productes agr\u00edcoles<\/h1>\t\t<\/div>\n\t\t\t\t<\/div>\n\t\t\t\t<div class=\"elementor-element elementor-element-4f67172 elementor-widget elementor-widget-heading\" data-id=\"4f67172\" data-element_type=\"widget\" data-widget_type=\"heading.default\">\n\t\t\t\t<div class=\"elementor-widget-container\">\n\t\t\t<h4 class=\"elementor-heading-title elementor-size-default\">Pr\u00e9stecs de fins a 5 milions amb ajudes directes de fins al 10%<\/h4>\t\t<\/div>\n\t\t\t\t<\/div>\n\t\t\t\t<section class=\"elementor-section elementor-inner-section elementor-element elementor-element-f2a48e8 elementor-section-boxed elementor-section-height-default elementor-section-height-default\" data-id=\"f2a48e8\" data-element_type=\"section\">\n\t\t\t\t\t\t<div class=\"elementor-container elementor-column-gap-default\">\n\t\t\t\t\t<div class=\"elementor-column elementor-col-100 elementor-inner-column elementor-element elementor-element-89b030a\" data-id=\"89b030a\" data-element_type=\"column\">\n\t\t\t<div class=\"elementor-widget-wrap elementor-element-populated\">\n\t\t\t\t\t\t\t\t<div class=\"elementor-element elementor-element-581f0af elementor-widget__width-initial elementor-widget elementor-widget-button\" data-id=\"581f0af\" data-element_type=\"widget\" data-widget_type=\"button.default\">\n\t\t\t\t<div class=\"elementor-widget-container\">\n\t\t\t\t\t<div class=\"elementor-button-wrapper\">\n\t\t\t<a class=\"elementor-button elementor-button-link elementor-size-sm\" href=\"#\">\n\t\t\t\t\t\t<span class=\"elementor-button-content-wrapper\">\n\t\t\t\t\t\t<span class=\"elementor-button-text\">BASES CONVOCAT\u00d2RIA<\/span>\n\t\t<\/span>\n\t\t\t\t\t<\/a>\n\t\t<\/div>\n\t\t\t\t<\/div>\n\t\t\t\t<\/div>\n\t\t\t\t<div class=\"elementor-element elementor-element-15f8014 elementor-widget__width-initial elementor-widget elementor-widget-button\" data-id=\"15f8014\" data-element_type=\"widget\" data-widget_type=\"button.default\">\n\t\t\t\t<div class=\"elementor-widget-container\">\n\t\t\t\t\t<div class=\"elementor-button-wrapper\">\n\t\t\t<a class=\"elementor-button elementor-button-link elementor-size-sm\" href=\"#\">\n\t\t\t\t\t\t<span class=\"elementor-button-content-wrapper\">\n\t\t\t\t\t\t<span class=\"elementor-button-text\"> SOL\u00b7ICITAR<\/span>\n\t\t<\/span>\n\t\t\t\t\t<\/a>\n\t\t<\/div>\n\t\t\t\t<\/div>\n\t\t\t\t<\/div>\n\t\t\t\t\t<\/div>\n\t\t<\/div>\n\t\t\t\t\t\t\t<\/div>\n\t\t<\/section>\n\t\t\t\t\t<\/div>\n\t\t<\/div>\n\t\t\t\t\t\t\t<\/div>\n\t\t<\/section>\n\t\t\t\t<section class=\"elementor-section elementor-top-section elementor-element elementor-element-0c4a25a elementor-section-stretched elementor-section-boxed elementor-section-height-default elementor-section-height-default\" data-id=\"0c4a25a\" data-element_type=\"section\" data-settings=\"{&quot;stretch_section&quot;:&quot;section-stretched&quot;}\">\n\t\t\t\t\t\t<div class=\"elementor-container elementor-column-gap-default\">\n\t\t\t\t\t<div class=\"elementor-column elementor-col-100 elementor-top-column elementor-element elementor-element-130f6ff\" data-id=\"130f6ff\" data-element_type=\"column\">\n\t\t\t<div class=\"elementor-widget-wrap elementor-element-populated\">\n\t\t\t\t\t\t\t\t<div class=\"elementor-element elementor-element-d64932c elementor-widget elementor-widget-eael-adv-tabs\" data-id=\"d64932c\" data-element_type=\"widget\" data-widget_type=\"eael-adv-tabs.default\">\n\t\t\t\t<div class=\"elementor-widget-container\">\n\t\t\t        <div id=\"eael-advance-tabs-d64932c\" class=\"eael-advance-tabs eael-tabs-horizontal eael-tab-auto-active \" data-tabid=\"d64932c\">\n            <div class=\"eael-tabs-nav\">\n                <ul class=\"\">\n                                            <li id=\"beneficiaris\" class=\"active-default eael-tab-item-trigger\" aria-selected=\"true\" data-tab=\"1\" role=\"tab\" tabindex=\"0\" aria-controls=\"beneficiaris-tab\" aria-expanded=\"false\">\n                            \n                            \n                            \n                                                            <span class=\"eael-tab-title  title-after-icon\">Beneficiaris<\/span>                                                    <\/li>\n                                            <li id=\"condicions\" class=\"inactive eael-tab-item-trigger\" aria-selected=\"false\" data-tab=\"2\" role=\"tab\" tabindex=\"-1\" aria-controls=\"condicions-tab\" aria-expanded=\"false\">\n                            \n                            \n                            \n                                                            <span class=\"eael-tab-title  title-after-icon\">Condicions<\/span>                                                    <\/li>\n                                            <li id=\"requisits\" class=\"inactive eael-tab-item-trigger\" aria-selected=\"false\" data-tab=\"3\" role=\"tab\" tabindex=\"-1\" aria-controls=\"requisits-tab\" aria-expanded=\"false\">\n                            \n                            \n                            \n                                                            <span class=\"eael-tab-title  title-after-icon\">Requisits<\/span>                                                    <\/li>\n                                            <li id=\"despeses-finanables-elegibles\" class=\"inactive eael-tab-item-trigger\" aria-selected=\"false\" data-tab=\"4\" role=\"tab\" tabindex=\"-1\" aria-controls=\"despeses-finanables-elegibles-tab\" aria-expanded=\"false\">\n                            \n                            \n                            \n                                                            <span class=\"eael-tab-title  title-after-icon\">Despeses finan\u00e7ables elegibles<\/span>                                                    <\/li>\n                                    <\/ul>\n            <\/div>\n            \n            <div class=\"eael-tabs-content\">\n\t\t        \n                    <div id=\"beneficiaris-tab\" class=\"clearfix eael-tab-content-item active-default\" data-title-link=\"beneficiaris-tab\">\n\t\t\t\t        \t\t\t\t\t        <ul class=\"pesta\u00f1as-linea\">\n \t<li>Grandes distribuidores de productos agr\u00edcolas que tengan, al menos, un establecimiento, sucursal de producci\u00f3n o sucursal de desarrollo de actividad radicado en la Comunitat Valenciana, que lleven a cabo operaciones de inversi\u00f3n durante 2022.<\/li>\n \t<li>Finalidad de los proyectos:<br>\n<span style=\"color: #e21735; font-weight: bold;\">\u2013<\/span> Ampliaci\u00f3n y renovaci\u00f3n de las instalaciones, maquinaria y equipos.<br>\n<span style=\"color: #e21735; font-weight: bold;\">\u2013<\/span> Adquisici\u00f3n de participaciones empresariales.<br>\n<span style=\"color: #e21735; font-weight: bold;\">\u2013<\/span> Adquisici\u00f3n o elaboraci\u00f3n propia de activos intangibles.<\/li>\n<\/ul>\n<div style=\"text-align: center;\"><img decoding=\"async\" style=\"width: 80%;\" src=\"\/wp-content\/uploads\/2023\/04\/logo01_es.jpg\" \/><\/div>\n* Consultar las bases completas en la convocatoria\t\t\t\t                            <\/div>\n\t\t        \n                    <div id=\"condicions-tab\" class=\"clearfix eael-tab-content-item inactive\" data-title-link=\"condicions-tab\">\n\t\t\t\t        \t\t\t\t\t        <ul class=\"pesta\u00f1as-linea\"><li>Importe inferior o igual a 5.000.000 euros.<\/li><li>Plazos de 5 a 10 a\u00f1os y con hasta 2 a\u00f1os de carencia.<\/li><li>Sin comisiones.<\/li><li>Tipo de inter\u00e9s de Euribor (con l\u00edmite inferior 0%) + 1%.<\/li><li>Bonificaci\u00f3n del 10% del importe de la operaci\u00f3n (porcentaje no reembolsable).<\/li><\/ul><p>* Consultar las bases completas en la convocatoria<\/p>\t\t\t\t                            <\/div>\n\t\t        \n                    <div id=\"requisits-tab\" class=\"clearfix eael-tab-content-item inactive\" data-title-link=\"requisits-tab\">\n\t\t\t\t        \t\t\t\t\t        <div class=\"grve-element grve-text\"><p>Los beneficiarios deben cumplir los siguientes requisitos, entre otros*:<\/p><\/div><div class=\"grve-element grve-list grve-list-check \"><ul class=\"pesta\u00f1as-linea\"><li>Operar con el c\u00f3digo CNAE 4631 \u2013 Comercio al por mayor de frutas y hortalizas.<\/li><li>Tener al menos un establecimiento, sucursal de producci\u00f3n o sucursal de desarrollo de actividad en la Comunitat Valenciana.<\/li><li>Ser Gran Empresa<\/li><li>Tener una antig\u00fcedad m\u00ednima de cinco a\u00f1os<\/li><li>Estar al corriente de cumplimiento de las obligaciones tributarias ante el Estado, la Generalitat y la Seguridad Social<\/li><\/ul><p>* Consultar las bases completas en la convocatoria<\/p><\/div>\t\t\t\t                            <\/div>\n\t\t        \n                    <div id=\"despeses-finanables-elegibles-tab\" class=\"clearfix eael-tab-content-item inactive\" data-title-link=\"despeses-finanables-elegibles-tab\">\n\t\t\t\t        \t\t\t\t\t        <div class=\"grve-element grve-list grve-list-check \"><ul class=\"pesta\u00f1as-linea\"><li>Adquisici\u00f3n y acondicionamiento de terrenos para su utilizaci\u00f3n en la producci\u00f3n de los bienes y servicios que constituyen la actividad principal de la empresa.<\/li><li>Adquisici\u00f3n, construcci\u00f3n y adecuaci\u00f3n de naves, locales y otros inmuebles, as\u00ed como de instalaciones t\u00e9cnicas para el desarrollo de la actividad principal de la empresa.<\/li><li>Construcci\u00f3n de instalaciones de energ\u00eda renovable, tanto si su destino es el autoconsumo como el vertido a red, siempre que los proyectos no superen una potencia de 30 MWp.<\/li><li>Adquisici\u00f3n de equipamiento vinculado a las tecnolog\u00edas de la informaci\u00f3n y la comunicaci\u00f3n.<\/li><li>Maquinaria, herramientas, moldes o utillaje.<\/li><li>Gastos de consultor\u00eda y calificaci\u00f3n crediticia externa incurridos para solicitar la financiaci\u00f3n en el marco de la Convocatoria.<\/li><li>Activos intangibles, como los gastos de investigaci\u00f3n y desarrollo, la propiedad industrial, los derechos de traspaso o las aplicaciones inform\u00e1ticas.<\/li><li>Adquisici\u00f3n de participaciones empresariales al objeto de ampliar la capacidad productiva de la empresa, mejorar las condiciones de acceso a la financiaci\u00f3n, o asegurar el suministro de insumos clave para el proceso productivo de la empresa.<\/li><\/ul><\/div><div class=\"grve-element grve-text\"><p>* Consultar las bases completas en la convocatoria<\/p><\/div>\t\t\t\t                            <\/div>\n\t\t                    <\/div>\n        <\/div>\n\t\t<\/div>\n\t\t\t\t<\/div>\n\t\t\t\t\t<\/div>\n\t\t<\/div>\n\t\t\t\t\t\t\t<\/div>\n\t\t<\/section>\n\t\t\t\t\t\t\t<\/div>\n\t\t","protected":false},"excerpt":{"rendered":"<p>L\u00ednia Finan\u00e7ament Bonificat IVF Grans Distribu\u00efdors de productes agr\u00edcoles Pr\u00e9stecs de fins a 5 milions amb ajudes directes de fins al 10% BASES CONVOCAT\u00d2RIA SOL\u00b7ICITAR&hellip;<\/p>\n","protected":false},"author":1,"featured_media":0,"parent":986,"menu_order":0,"comment_status":"closed","ping_status":"closed","template":"","meta":{"footnotes":""},"class_list":["post-1103","page","type-page","status-publish","hentry"],"yoast_head":"<!-- This site is optimized with the Yoast SEO plugin v18.0 - https:\/\/yoast.com\/wordpress\/plugins\/seo\/ -->\n<title>L\u00ednia Finan\u00e7ament Bonificat IVF Grans Distribu\u00efdors de productes agr\u00edcoles - IVF<\/title>\n<meta name=\"robots\" content=\"index, follow, max-snippet:-1, max-image-preview:large, max-video-preview:-1\" \/>\n<link rel=\"canonical\" href=\"https:\/\/prestamos.ivf.es\/va\/prestecs\/linia-financament-bonificat-ivf-grans-distribuidors-de-productes-agricoles\" \/>\n<meta property=\"og:locale\" content=\"en_US\" \/>\n<meta property=\"og:type\" content=\"article\" \/>\n<meta property=\"og:title\" content=\"L\u00ednia Finan\u00e7ament Bonificat IVF Grans Distribu\u00efdors de productes agr\u00edcoles - IVF\" \/>\n<meta property=\"og:description\" content=\"L\u00ednia Finan\u00e7ament Bonificat IVF Grans Distribu\u00efdors de productes agr\u00edcoles Pr\u00e9stecs de fins a 5 milions amb ajudes directes de fins al 10% BASES CONVOCAT\u00d2RIA SOL\u00b7ICITAR&hellip;\" \/>\n<meta property=\"og:url\" content=\"https:\/\/prestamos.ivf.es\/va\/prestecs\/linia-financament-bonificat-ivf-grans-distribuidors-de-productes-agricoles\" \/>\n<meta property=\"og:site_name\" content=\"IVF\" \/>\n<meta property=\"article:modified_time\" content=\"2023-06-19T08:52:38+00:00\" \/>\n<meta property=\"og:image\" content=\"https:\/\/prestamos.ivf.es\/wp-content\/uploads\/2023\/04\/logo01_es.jpg\" \/>\n<meta name=\"twitter:card\" content=\"summary_large_image\" \/>\n<meta name=\"twitter:label1\" content=\"Est. reading time\" \/>\n\t<meta name=\"twitter:data1\" content=\"3 minutes\" \/>\n<script type=\"application\/ld+json\" class=\"yoast-schema-graph\">{\"@context\":\"https:\/\/schema.org\",\"@graph\":[{\"@type\":\"WebSite\",\"@id\":\"https:\/\/prestamos.ivf.es\/va\/#website\",\"url\":\"https:\/\/prestamos.ivf.es\/va\/\",\"name\":\"IVF\",\"description\":\"IVF, Nuestro \u00fanico inter\u00e9s eres t\u00fa\",\"potentialAction\":[{\"@type\":\"SearchAction\",\"target\":{\"@type\":\"EntryPoint\",\"urlTemplate\":\"https:\/\/prestamos.ivf.es\/va\/?s={search_term_string}\"},\"query-input\":\"required name=search_term_string\"}],\"inLanguage\":\"va-ES\"},{\"@type\":\"ImageObject\",\"@id\":\"https:\/\/prestamos.ivf.es\/va\/prestecs\/linia-financament-bonificat-ivf-grans-distribuidors-de-productes-agricoles#primaryimage\",\"inLanguage\":\"va-ES\",\"url\":\"\/wp-content\/uploads\/2023\/04\/logo01_es.jpg\",\"contentUrl\":\"\/wp-content\/uploads\/2023\/04\/logo01_es.jpg\"},{\"@type\":\"WebPage\",\"@id\":\"https:\/\/prestamos.ivf.es\/va\/prestecs\/linia-financament-bonificat-ivf-grans-distribuidors-de-productes-agricoles#webpage\",\"url\":\"https:\/\/prestamos.ivf.es\/va\/prestecs\/linia-financament-bonificat-ivf-grans-distribuidors-de-productes-agricoles\",\"name\":\"L\u00ednia Finan\u00e7ament Bonificat IVF Grans Distribu\u00efdors de productes agr\u00edcoles - IVF\",\"isPartOf\":{\"@id\":\"https:\/\/prestamos.ivf.es\/va\/#website\"},\"primaryImageOfPage\":{\"@id\":\"https:\/\/prestamos.ivf.es\/va\/prestecs\/linia-financament-bonificat-ivf-grans-distribuidors-de-productes-agricoles#primaryimage\"},\"datePublished\":\"2023-04-27T10:38:51+00:00\",\"dateModified\":\"2023-06-19T08:52:38+00:00\",\"breadcrumb\":{\"@id\":\"https:\/\/prestamos.ivf.es\/va\/prestecs\/linia-financament-bonificat-ivf-grans-distribuidors-de-productes-agricoles#breadcrumb\"},\"inLanguage\":\"va-ES\",\"potentialAction\":[{\"@type\":\"ReadAction\",\"target\":[\"https:\/\/prestamos.ivf.es\/va\/prestecs\/linia-financament-bonificat-ivf-grans-distribuidors-de-productes-agricoles\"]}]},{\"@type\":\"BreadcrumbList\",\"@id\":\"https:\/\/prestamos.ivf.es\/va\/prestecs\/linia-financament-bonificat-ivf-grans-distribuidors-de-productes-agricoles#breadcrumb\",\"itemListElement\":[{\"@type\":\"ListItem\",\"position\":1,\"name\":\"Portada\",\"item\":\"https:\/\/prestamos.ivf.es\/va\"},{\"@type\":\"ListItem\",\"position\":2,\"name\":\"Pr\u00e9stecs\",\"item\":\"https:\/\/prestamos.ivf.es\/va\/prestamos\"},{\"@type\":\"ListItem\",\"position\":3,\"name\":\"L\u00ednia Finan\u00e7ament Bonificat IVF Grans Distribu\u00efdors de productes agr\u00edcoles\"}]}]}<\/script>\n<!-- \/ Yoast SEO plugin. -->","yoast_head_json":{"title":"L\u00ednia Finan\u00e7ament Bonificat IVF Grans Distribu\u00efdors de productes agr\u00edcoles - IVF","robots":{"index":"index","follow":"follow","max-snippet":"max-snippet:-1","max-image-preview":"max-image-preview:large","max-video-preview":"max-video-preview:-1"},"canonical":"https:\/\/prestamos.ivf.es\/va\/prestecs\/linia-financament-bonificat-ivf-grans-distribuidors-de-productes-agricoles","og_locale":"en_US","og_type":"article","og_title":"L\u00ednia Finan\u00e7ament Bonificat IVF Grans Distribu\u00efdors de productes agr\u00edcoles - IVF","og_description":"L\u00ednia Finan\u00e7ament Bonificat IVF Grans Distribu\u00efdors de productes agr\u00edcoles Pr\u00e9stecs de fins a 5 milions amb ajudes directes de fins al 10% BASES CONVOCAT\u00d2RIA SOL\u00b7ICITAR&hellip;","og_url":"https:\/\/prestamos.ivf.es\/va\/prestecs\/linia-financament-bonificat-ivf-grans-distribuidors-de-productes-agricoles","og_site_name":"IVF","article_modified_time":"2023-06-19T08:52:38+00:00","og_image":[{"url":"https:\/\/prestamos.ivf.es\/wp-content\/uploads\/2023\/04\/logo01_es.jpg"}],"twitter_card":"summary_large_image","twitter_misc":{"Est. reading time":"3 minutes"},"schema":{"@context":"https:\/\/schema.org","@graph":[{"@type":"WebSite","@id":"https:\/\/prestamos.ivf.es\/va\/#website","url":"https:\/\/prestamos.ivf.es\/va\/","name":"IVF","description":"IVF, Nuestro \u00fanico inter\u00e9s eres t\u00fa","potentialAction":[{"@type":"SearchAction","target":{"@type":"EntryPoint","urlTemplate":"https:\/\/prestamos.ivf.es\/va\/?s={search_term_string}"},"query-input":"required name=search_term_string"}],"inLanguage":"va-ES"},{"@type":"ImageObject","@id":"https:\/\/prestamos.ivf.es\/va\/prestecs\/linia-financament-bonificat-ivf-grans-distribuidors-de-productes-agricoles#primaryimage","inLanguage":"va-ES","url":"\/wp-content\/uploads\/2023\/04\/logo01_es.jpg","contentUrl":"\/wp-content\/uploads\/2023\/04\/logo01_es.jpg"},{"@type":"WebPage","@id":"https:\/\/prestamos.ivf.es\/va\/prestecs\/linia-financament-bonificat-ivf-grans-distribuidors-de-productes-agricoles#webpage","url":"https:\/\/prestamos.ivf.es\/va\/prestecs\/linia-financament-bonificat-ivf-grans-distribuidors-de-productes-agricoles","name":"L\u00ednia Finan\u00e7ament Bonificat IVF Grans Distribu\u00efdors de productes agr\u00edcoles - IVF","isPartOf":{"@id":"https:\/\/prestamos.ivf.es\/va\/#website"},"primaryImageOfPage":{"@id":"https:\/\/prestamos.ivf.es\/va\/prestecs\/linia-financament-bonificat-ivf-grans-distribuidors-de-productes-agricoles#primaryimage"},"datePublished":"2023-04-27T10:38:51+00:00","dateModified":"2023-06-19T08:52:38+00:00","breadcrumb":{"@id":"https:\/\/prestamos.ivf.es\/va\/prestecs\/linia-financament-bonificat-ivf-grans-distribuidors-de-productes-agricoles#breadcrumb"},"inLanguage":"va-ES","potentialAction":[{"@type":"ReadAction","target":["https:\/\/prestamos.ivf.es\/va\/prestecs\/linia-financament-bonificat-ivf-grans-distribuidors-de-productes-agricoles"]}]},{"@type":"BreadcrumbList","@id":"https:\/\/prestamos.ivf.es\/va\/prestecs\/linia-financament-bonificat-ivf-grans-distribuidors-de-productes-agricoles#breadcrumb","itemListElement":[{"@type":"ListItem","position":1,"name":"Portada","item":"https:\/\/prestamos.ivf.es\/va"},{"@type":"ListItem","position":2,"name":"Pr\u00e9stecs","item":"https:\/\/prestamos.ivf.es\/va\/prestamos"},{"@type":"ListItem","position":3,"name":"L\u00ednia Finan\u00e7ament Bonificat IVF Grans Distribu\u00efdors de productes agr\u00edcoles"}]}]}},"_links":{"self":[{"href":"https:\/\/prestamos.ivf.es\/va\/wp-json\/wp\/v2\/pages\/1103","targetHints":{"allow":["GET"]}}],"collection":[{"href":"https:\/\/prestamos.ivf.es\/va\/wp-json\/wp\/v2\/pages"}],"about":[{"href":"https:\/\/prestamos.ivf.es\/va\/wp-json\/wp\/v2\/types\/page"}],"author":[{"embeddable":true,"href":"https:\/\/prestamos.ivf.es\/va\/wp-json\/wp\/v2\/users\/1"}],"replies":[{"embeddable":true,"href":"https:\/\/prestamos.ivf.es\/va\/wp-json\/wp\/v2\/comments?post=1103"}],"version-history":[{"count":44,"href":"https:\/\/prestamos.ivf.es\/va\/wp-json\/wp\/v2\/pages\/1103\/revisions"}],"predecessor-version":[{"id":1758,"href":"https:\/\/prestamos.ivf.es\/va\/wp-json\/wp\/v2\/pages\/1103\/revisions\/1758"}],"up":[{"embeddable":true,"href":"https:\/\/prestamos.ivf.es\/va\/wp-json\/wp\/v2\/pages\/986"}],"wp:attachment":[{"href":"https:\/\/prestamos.ivf.es\/va\/wp-json\/wp\/v2\/media?parent=1103"}],"curies":[{"name":"wp","href":"https:\/\/api.w.org\/{rel}","templated":true}]}}