{"id":1055,"date":"2023-04-20T13:34:28","date_gmt":"2023-04-20T13:34:28","guid":{"rendered":"https:\/\/prestamos.premm.es\/?page_id=1055"},"modified":"2024-05-20T11:05:12","modified_gmt":"2024-05-20T11:05:12","slug":"linia-financament-reactiva-feder","status":"publish","type":"page","link":"https:\/\/prestamos.ivf.es\/va\/prestecs\/linia-financament-reactiva-feder","title":{"rendered":"L\u00ednia Finan\u00e7ament REACTIVA FEDER"},"content":{"rendered":"\t\t<div data-elementor-type=\"wp-page\" data-elementor-id=\"1055\" class=\"elementor elementor-1055\">\n\t\t\t\t\t\t\t\t\t<section class=\"elementor-section elementor-top-section elementor-element elementor-element-3321343d elementor-section-height-min-height elementor-section-stretched cabecera-top elementor-section-boxed elementor-section-height-default elementor-section-items-middle\" data-id=\"3321343d\" data-element_type=\"section\" data-settings=\"{&quot;stretch_section&quot;:&quot;section-stretched&quot;,&quot;background_background&quot;:&quot;classic&quot;}\">\n\t\t\t\t\t\t\t<div class=\"elementor-background-overlay\"><\/div>\n\t\t\t\t\t\t\t<div class=\"elementor-container elementor-column-gap-default\">\n\t\t\t\t\t<div class=\"elementor-column elementor-col-50 elementor-top-column elementor-element elementor-element-4ea1eb14\" data-id=\"4ea1eb14\" data-element_type=\"column\">\n\t\t\t<div class=\"elementor-widget-wrap elementor-element-populated\">\n\t\t\t\t\t\t\t\t<div class=\"elementor-element elementor-element-5e55105b hola elementor-widget elementor-widget-heading\" data-id=\"5e55105b\" data-element_type=\"widget\" data-widget_type=\"heading.default\">\n\t\t\t\t<div class=\"elementor-widget-container\">\n\t\t\t<style>\/*! elementor - v3.14.0 - 26-06-2023 *\/\n.elementor-heading-title{padding:0;margin:0;line-height:1}.elementor-widget-heading .elementor-heading-title[class*=elementor-size-]>a{color:inherit;font-size:inherit;line-height:inherit}.elementor-widget-heading .elementor-heading-title.elementor-size-small{font-size:15px}.elementor-widget-heading .elementor-heading-title.elementor-size-medium{font-size:19px}.elementor-widget-heading .elementor-heading-title.elementor-size-large{font-size:29px}.elementor-widget-heading .elementor-heading-title.elementor-size-xl{font-size:39px}.elementor-widget-heading .elementor-heading-title.elementor-size-xxl{font-size:59px}<\/style><h1 class=\"elementor-heading-title elementor-size-default\">L\u00ednia Finan\u00e7ament REACTIVA FEDER<\/h1>\t\t<\/div>\n\t\t\t\t<\/div>\n\t\t\t\t<div class=\"elementor-element elementor-element-4f67172 elementor-widget__width-initial elementor-widget elementor-widget-heading\" data-id=\"4f67172\" data-element_type=\"widget\" data-widget_type=\"heading.default\">\n\t\t\t\t<div class=\"elementor-widget-container\">\n\t\t\t<h4 class=\"elementor-heading-title elementor-size-default\">Pr\u00e9stecs bonificats per a tots els sectors d'activitat, a inter\u00e9s fix i amb fins a un 30% d'ajuda\n<\/h4>\t\t<\/div>\n\t\t\t\t<\/div>\n\t\t\t\t<section class=\"elementor-section elementor-inner-section elementor-element elementor-element-f2a48e8 elementor-section-boxed elementor-section-height-default elementor-section-height-default\" data-id=\"f2a48e8\" data-element_type=\"section\">\n\t\t\t\t\t\t<div class=\"elementor-container elementor-column-gap-default\">\n\t\t\t\t\t<div class=\"elementor-column elementor-col-50 elementor-inner-column elementor-element elementor-element-89b030a\" data-id=\"89b030a\" data-element_type=\"column\">\n\t\t\t<div class=\"elementor-widget-wrap elementor-element-populated\">\n\t\t\t\t\t\t\t\t<div class=\"elementor-element elementor-element-581f0af elementor-widget__width-initial elementor-widget elementor-widget-button\" data-id=\"581f0af\" data-element_type=\"widget\" data-widget_type=\"button.default\">\n\t\t\t\t<div class=\"elementor-widget-container\">\n\t\t\t\t\t<div class=\"elementor-button-wrapper\">\n\t\t\t<a class=\"elementor-button elementor-button-link elementor-size-sm\" href=\"\/wp-content\/uploads\/2024\/01\/REACTIVA-FEDER-VLC-20240129.pdf\" target=\"_blank\">\n\t\t\t\t\t\t<span class=\"elementor-button-content-wrapper\">\n\t\t\t\t\t\t<span class=\"elementor-button-text\">BASES CONVOCAT\u00d2RIA<\/span>\n\t\t<\/span>\n\t\t\t\t\t<\/a>\n\t\t<\/div>\n\t\t\t\t<\/div>\n\t\t\t\t<\/div>\n\t\t\t\t\t<\/div>\n\t\t<\/div>\n\t\t\t\t<div class=\"elementor-column elementor-col-50 elementor-inner-column elementor-element elementor-element-bcf0fca\" data-id=\"bcf0fca\" data-element_type=\"column\">\n\t\t\t<div class=\"elementor-widget-wrap\">\n\t\t\t\t\t\t\t\t\t<\/div>\n\t\t<\/div>\n\t\t\t\t\t\t\t<\/div>\n\t\t<\/section>\n\t\t\t\t\t<\/div>\n\t\t<\/div>\n\t\t\t\t<div class=\"elementor-column elementor-col-50 elementor-top-column elementor-element elementor-element-9cfe32c\" data-id=\"9cfe32c\" data-element_type=\"column\">\n\t\t\t<div class=\"elementor-widget-wrap elementor-element-populated\">\n\t\t\t\t\t\t\t\t<section class=\"elementor-section elementor-inner-section elementor-element elementor-element-7dd0359 elementor-section-boxed elementor-section-height-default elementor-section-height-default\" data-id=\"7dd0359\" data-element_type=\"section\">\n\t\t\t\t\t\t<div class=\"elementor-container elementor-column-gap-default\">\n\t\t\t\t\t<div class=\"elementor-column elementor-col-100 elementor-inner-column elementor-element elementor-element-82f0cc5\" data-id=\"82f0cc5\" data-element_type=\"column\">\n\t\t\t<div class=\"elementor-widget-wrap\">\n\t\t\t\t\t\t\t\t\t<\/div>\n\t\t<\/div>\n\t\t\t\t\t\t\t<\/div>\n\t\t<\/section>\n\t\t\t\t\t<\/div>\n\t\t<\/div>\n\t\t\t\t\t\t\t<\/div>\n\t\t<\/section>\n\t\t\t\t<section class=\"elementor-section elementor-top-section elementor-element elementor-element-0c4a25a elementor-section-stretched elementor-section-boxed elementor-section-height-default elementor-section-height-default\" data-id=\"0c4a25a\" data-element_type=\"section\" data-settings=\"{&quot;stretch_section&quot;:&quot;section-stretched&quot;}\">\n\t\t\t\t\t\t<div class=\"elementor-container elementor-column-gap-default\">\n\t\t\t\t\t<div class=\"elementor-column elementor-col-100 elementor-top-column elementor-element elementor-element-130f6ff\" data-id=\"130f6ff\" data-element_type=\"column\">\n\t\t\t<div class=\"elementor-widget-wrap elementor-element-populated\">\n\t\t\t\t\t\t\t\t<div class=\"elementor-element elementor-element-d64932c elementor-widget elementor-widget-eael-adv-tabs\" data-id=\"d64932c\" data-element_type=\"widget\" data-widget_type=\"eael-adv-tabs.default\">\n\t\t\t\t<div class=\"elementor-widget-container\">\n\t\t\t        <div id=\"eael-advance-tabs-d64932c\" class=\"eael-advance-tabs eael-tabs-horizontal eael-tab-auto-active \" data-tabid=\"d64932c\">\n            <div class=\"eael-tabs-nav\">\n                <ul class=\"\">\n                                            <li id=\"beneficiaris\" class=\"active-default eael-tab-item-trigger\" aria-selected=\"true\" data-tab=\"1\" role=\"tab\" tabindex=\"0\" aria-controls=\"beneficiaris-tab\" aria-expanded=\"false\">\n                            \n                            \n                            \n                                                            <span class=\"eael-tab-title  title-after-icon\">Beneficiaris<\/span>                                                    <\/li>\n                                            <li id=\"condicions\" class=\"inactive eael-tab-item-trigger\" aria-selected=\"false\" data-tab=\"2\" role=\"tab\" tabindex=\"-1\" aria-controls=\"condicions-tab\" aria-expanded=\"false\">\n                            \n                            \n                            \n                                                            <span class=\"eael-tab-title  title-after-icon\">Condicions<\/span>                                                    <\/li>\n                                            <li id=\"requisits\" class=\"inactive eael-tab-item-trigger\" aria-selected=\"false\" data-tab=\"3\" role=\"tab\" tabindex=\"-1\" aria-controls=\"requisits-tab\" aria-expanded=\"false\">\n                            \n                            \n                            \n                                                            <span class=\"eael-tab-title  title-after-icon\">Requisits<\/span>                                                    <\/li>\n                                            <li id=\"despeses-finanables-elegibles\" class=\"inactive eael-tab-item-trigger\" aria-selected=\"false\" data-tab=\"4\" role=\"tab\" tabindex=\"-1\" aria-controls=\"despeses-finanables-elegibles-tab\" aria-expanded=\"false\">\n                            \n                            \n                            \n                                                            <span class=\"eael-tab-title  title-after-icon\">Despeses finan\u00e7ables elegibles<\/span>                                                    <\/li>\n                                    <\/ul>\n            <\/div>\n            \n            <div class=\"eael-tabs-content\">\n\t\t        \n                    <div id=\"beneficiaris-tab\" class=\"clearfix eael-tab-content-item active-default\" data-title-link=\"beneficiaris-tab\">\n\t\t\t\t        \t\t\t\t\t        <ul class=\"pesta\u00f1as-linea\">\n \t<li>Petites i mitjanes empreses que tinguen, almenys, un establiment, sucursal de producci\u00f3, o sucursal de desenvolupament d'activitat radicat en la Comunitat Valenciana.<\/li>\n \t<li>Finalitat dels projectes:<\/li>\n<\/ul>\n<p style=\"padding-left: 80px;\"><span style=\"color: #e21735; font-weight: bold;\">\u2013<\/span> Ampliaci\u00f3 i renovaci\u00f3 de les instal\u00b7lacions, maquin\u00e0ria i equips.\n<br>\n<span style=\"color: #e21735; font-weight: bold;\">\u2013<\/span> Adquisici\u00f3 de participacions empresarials.\n<br>\n<span style=\"color: #e21735; font-weight: bold;\">\u2013<\/span> Adquisici\u00f3 o elaboraci\u00f3 pr\u00f2pia d'actius intangibles.\n<br>\n<span style=\"color: #e21735; font-weight: bold;\">\u2013<\/span> Sosteniment del capital circulant de l'empresa, incloent-hi la contractaci\u00f3 de m\u00e0 d'obra, l'adquisici\u00f3 de b\u00e9ns i serveis lligats al cicle de l'explotaci\u00f3, el finan\u00e7ament de clients, la inversi\u00f3 en exist\u00e8ncies i tresoreria operativa de l'empresa, aix\u00ed com la cancel\u00b7laci\u00f3 del deute a curt termini de naturalesa comercial i financera.<\/p>\n\n<div style=\"text-align: center;\"><img decoding=\"async\" style=\"width: 80%;\" src=\"\/wp-content\/uploads\/2023\/04\/logo01_es.jpg\" \/><\/div>\n*Consulteu les bases completes en la convocat\u00f2ria.\t\t\t\t                            <\/div>\n\t\t        \n                    <div id=\"condicions-tab\" class=\"clearfix eael-tab-content-item inactive\" data-title-link=\"condicions-tab\">\n\t\t\t\t        \t\t\t\t\t        <ul class=\"pesta\u00f1as-linea\"><li>Imports: el valor nominal del pr\u00e9stec se situar\u00e0 entre 20.000 i 2.250.000 euros, tenint en compte que:<br \/><br \/><span style=\"color: #e21735; font-weight: bold; margin-left: 50px;\">\u2013<\/span> En operacions per a inversi\u00f3: el valor del pr\u00e9stec no podr\u00e0 superar el 80% de la inversi\u00f3 realitzada i s\u2019estableixen els seg\u00fcents l\u00edmits m\u00e0xims: 100.000 euros si el sol\u00b7licitant \u00e9s un aut\u00f2nom i 500.000 si \u00e9s una microempresa, una comunitat de b\u00e9ns o una societat civil.<br \/><br \/><span style=\"color: #e21735; font-weight: bold; margin-left: 50px;\">\u2013<\/span> En operacions per a circulant: 50.000 euros si el sol\u00b7licitant \u00e9s un treballador aut\u00f2nom i 250.000 euros si \u00e9s una microempresa, una comunitat de b\u00e9ns o una societat civil, i 1.000.000 si \u00e9s una pime.<\/li><li>En operacions d\u2019inversi\u00f3, terminis de 4 a 10 anys (amb una manca de fins a 2 anys) i en operacions de circulant, el termini d\u2019amortitzaci\u00f3 ser\u00e0 de entre un m\u00ednim de dos i un m\u00e0xim de quatre anys, podent l\u2019empresa concentrar la devoluci\u00f3 del 100% del valor nominal de l\u2019operaci\u00f3 en la data de venciment de l\u2019operaci\u00f3.<\/li><li>Tipus d'inter\u00e9s fix durant tota la vida del pr\u00e9stec i equivalent al 2,03%.<\/li><li>Tram no reembossable (TNR): En operacions d'inversi\u00f3: 20% (10% addicional en cas d'empreses empreses del sector tauleller o gasointensivas). En operacions de circulant l'import del TNR ser\u00e0 el resultant de multiplicar el termini de venciment de l'operaci\u00f3 (en nombre d'anys) pel 3% pel valor nominal de l'operaci\u00f3 (10% addicional en cas d'empreses del sector tauleller o gasointensivas)<\/li><\/ul><p>* Consultar les bases completes en la convocat\u00f2ria.<\/p>\t\t\t\t                            <\/div>\n\t\t        \n                    <div id=\"requisits-tab\" class=\"clearfix eael-tab-content-item inactive\" data-title-link=\"requisits-tab\">\n\t\t\t\t        \t\t\t\t\t        <div class=\"grve-element grve-text\">\n\nEls beneficiaris han de complir els seg\u00fcents requisits, entre altres*:\n\n\n<\/div>\n<div class=\"grve-element grve-list grve-list-check \">\n<ul class=\"pesta\u00f1as-linea\">\n \t<li>Tindre, almenys, un establiment, sucursal de producci\u00f3, o sucursal de desenvolupament d\u2019activitat radicat en la Comunitat Valenciana.\n<\/li>\n \t<li>Ser una petita o mitjana empresa amb una antiguitat m\u00ednima de dos anys i que tinga com a m\u00ednim un empleat en la data de sol\u00b7licitud, o un treballador aut\u00f2nom donat d\u2019alta en el R\u00e8gim Especial de Treballadors Aut\u00f2nom (RETA) almenys des de l\u2019exercici 2020.\n<\/li>\n \t<li>Estar al corrent de compliment de les obligacions tribut\u00e0ries davant l\u2019Estat, la Generalitat i la Seguretat Social.\n<\/li>\n<\/ul>\n*Consultar les bases completes en la convocat\u00f2ria.\n\n<\/div>\t\t\t\t                            <\/div>\n\t\t        \n                    <div id=\"despeses-finanables-elegibles-tab\" class=\"clearfix eael-tab-content-item inactive\" data-title-link=\"despeses-finanables-elegibles-tab\">\n\t\t\t\t        \t\t\t\t\t        <div class=\"grve-element grve-text\"><p>Inversions en actius fixos:<\/p><\/div><div class=\"grve-element grve-list grve-list-check \"><ul class=\"pesta\u00f1as-linea\"><li>Adquisici\u00f3 i construcci\u00f3 de naus industrials, locals i instal\u00b7lacions per al desenvolupament de l'activitat principal de l'empresa, incloent-hi l'adquisici\u00f3 i condicionament de terrenys sempre que el seu valor de taxaci\u00f3 no supere el 10% del valor nominal del pr\u00e9stec.<\/li><li>Construcci\u00f3 d\u2019instal\u00b7lacions d\u2019energia renovable, tant si el seu dest\u00ed \u00e9s l\u2019autoconsum com l\u2019abocament a xarxa, sempre que els projectes no superen una pot\u00e8ncia de 30 MWp.<\/li><li>Adquisici\u00f3 d\u2019equipament vinculat a les tecnologies de la informaci\u00f3 i la comunicaci\u00f3.<\/li><li>Maquin\u00e0ria, eines, motles o utillatge.<\/li><li>Mobiliari.<\/li><li>Vehicles industrials i elements de transport afectes a l\u2019explotaci\u00f3, fins a un m\u00e0xim de 35.000 euros, amb l\u2019excepci\u00f3 d\u2019aquells sol\u00b7licitants l\u2019objecte social dels quals consistisca en l\u2019arrendament d\u2019aquests elements patrimonials. Referent a aix\u00f2, l\u2019adquisici\u00f3 de vehicles de transport de mercaderies per carretera no es considerar\u00e0 en cap cas com a despesa elegible a l\u2019efecte d\u2019aquesta Convocat\u00f2ria.<\/li><li>Actius intangibles, com les despeses de recerca i desenvolupament, la propietat industrial, els drets de trasp\u00e0s o les aplicacions inform\u00e0tiques.<\/li><li>Adquisici\u00f3 de participacions empresarials a fi d\u2019ampliar la capacitat productiva de l\u2019empresa, millorar les condicions d\u2019acc\u00e9s al finan\u00e7ament, o assegurar el subministrament d\u2019inputs clau per al proc\u00e9s productiu de l\u2019empresa.<\/li><\/ul><\/div><div class=\"grve-element grve-text\"><p>La despesa finan\u00e7ada haur\u00e0 de desenvolupar-se dins del territori de la Comunitat Valenciana. I les inversions finan\u00e7ades no podran haver concl\u00f2s materialment ni haver-se executat \u00edntegrament a data de la sol\u00b7licitud del finan\u00e7ament. En cas d'haver anticipat un import a mode de reserva amb car\u00e0cter previ a la sol\u00b7licitud de finan\u00e7ament, este import no haur\u00e0 d'excedir del 50% del preu de compra de la inversi\u00f3 (incloent impostos indirectes). Aix\u00ed mateix, en eixe cas s'haur\u00e0 d'aportar evid\u00e8ncia que el b\u00e9 a finan\u00e7ar ha sigut entregat amb posterioritat a la sol\u00b7licitud o, havent-lo entregat abans, la seua posada en marxa ha sigut posterior.<\/p><p>Es considerar\u00e0 despesa elegible en capital circulant tot increment del fons de maniobra de l'empresa, definit com la difer\u00e8ncia entre l'actiu i el passiu corrent del balan\u00e7, que s'haja produ\u00eft en el per\u00edode que correspon a la data de desemborsament del pr\u00e9stec. No obstant aix\u00f2, no es consideraran despeses elegibles els increments del fons de maniobra atribu\u00efbles a la reclassificaci\u00f3 temporal de passius financers, a l'augment de cr\u00e8dits no comercials a curt termini i les inversions financeres temporals, aix\u00ed com els atribu\u00efbles a la disminuci\u00f3 de passius no comercials amb empreses del grup. Es considerar\u00e0 finan\u00e7able en virtut del concepte de capital circulant la disminuci\u00f3 de la tresoreria operativa derivada de les p\u00e8rdues d'explotaci\u00f3.<\/p><p>* Consultar les bases completes en la convocat\u00f2ria<\/p><\/div>\t\t\t\t                            <\/div>\n\t\t                    <\/div>\n        <\/div>\n\t\t<\/div>\n\t\t\t\t<\/div>\n\t\t\t\t\t<\/div>\n\t\t<\/div>\n\t\t\t\t\t\t\t<\/div>\n\t\t<\/section>\n\t\t\t\t\t\t\t<\/div>\n\t\t","protected":false},"excerpt":{"rendered":"<p>L\u00ednia Finan\u00e7ament REACTIVA FEDER Pr\u00e9stecs bonificats per a tots els sectors d&#8217;activitat, a inter\u00e9s fix i amb fins a un 30% d&#8217;ajuda BASES CONVOCAT\u00d2RIA Beneficiaris&hellip;<\/p>\n","protected":false},"author":1,"featured_media":0,"parent":986,"menu_order":0,"comment_status":"closed","ping_status":"closed","template":"","meta":{"footnotes":""},"class_list":["post-1055","page","type-page","status-publish","hentry"],"yoast_head":"<!-- This site is optimized with the Yoast SEO plugin v18.0 - https:\/\/yoast.com\/wordpress\/plugins\/seo\/ -->\n<title>L\u00ednia Finan\u00e7ament REACTIVA FEDER - IVF<\/title>\n<meta name=\"robots\" content=\"index, follow, max-snippet:-1, max-image-preview:large, max-video-preview:-1\" \/>\n<link rel=\"canonical\" href=\"https:\/\/prestamos.ivf.es\/va\/prestecs\/linia-financament-reactiva-feder\" \/>\n<meta property=\"og:locale\" content=\"en_US\" \/>\n<meta property=\"og:type\" content=\"article\" \/>\n<meta property=\"og:title\" content=\"L\u00ednia Finan\u00e7ament REACTIVA FEDER - IVF\" \/>\n<meta property=\"og:description\" content=\"L\u00ednia Finan\u00e7ament REACTIVA FEDER Pr\u00e9stecs bonificats per a tots els sectors d&#8217;activitat, a inter\u00e9s fix i amb fins a un 30% d&#8217;ajuda BASES CONVOCAT\u00d2RIA Beneficiaris&hellip;\" \/>\n<meta property=\"og:url\" content=\"https:\/\/prestamos.ivf.es\/va\/prestecs\/linia-financament-reactiva-feder\" \/>\n<meta property=\"og:site_name\" content=\"IVF\" \/>\n<meta property=\"article:modified_time\" content=\"2024-05-20T11:05:12+00:00\" \/>\n<meta property=\"og:image\" content=\"https:\/\/prestamos.ivf.es\/wp-content\/uploads\/2023\/04\/logo01_es.jpg\" \/>\n<meta name=\"twitter:card\" content=\"summary_large_image\" \/>\n<meta name=\"twitter:label1\" content=\"Est. reading time\" \/>\n\t<meta name=\"twitter:data1\" content=\"4 minutes\" \/>\n<script type=\"application\/ld+json\" class=\"yoast-schema-graph\">{\"@context\":\"https:\/\/schema.org\",\"@graph\":[{\"@type\":\"WebSite\",\"@id\":\"https:\/\/prestamos.ivf.es\/va\/#website\",\"url\":\"https:\/\/prestamos.ivf.es\/va\/\",\"name\":\"IVF\",\"description\":\"IVF, Nuestro \u00fanico inter\u00e9s eres t\u00fa\",\"potentialAction\":[{\"@type\":\"SearchAction\",\"target\":{\"@type\":\"EntryPoint\",\"urlTemplate\":\"https:\/\/prestamos.ivf.es\/va\/?s={search_term_string}\"},\"query-input\":\"required name=search_term_string\"}],\"inLanguage\":\"va-ES\"},{\"@type\":\"ImageObject\",\"@id\":\"https:\/\/prestamos.ivf.es\/va\/prestecs\/linia-financament-reactiva-feder#primaryimage\",\"inLanguage\":\"va-ES\",\"url\":\"\/wp-content\/uploads\/2023\/04\/logo01_es.jpg\",\"contentUrl\":\"\/wp-content\/uploads\/2023\/04\/logo01_es.jpg\"},{\"@type\":\"WebPage\",\"@id\":\"https:\/\/prestamos.ivf.es\/va\/prestecs\/linia-financament-reactiva-feder#webpage\",\"url\":\"https:\/\/prestamos.ivf.es\/va\/prestecs\/linia-financament-reactiva-feder\",\"name\":\"L\u00ednia Finan\u00e7ament REACTIVA FEDER - IVF\",\"isPartOf\":{\"@id\":\"https:\/\/prestamos.ivf.es\/va\/#website\"},\"primaryImageOfPage\":{\"@id\":\"https:\/\/prestamos.ivf.es\/va\/prestecs\/linia-financament-reactiva-feder#primaryimage\"},\"datePublished\":\"2023-04-20T13:34:28+00:00\",\"dateModified\":\"2024-05-20T11:05:12+00:00\",\"breadcrumb\":{\"@id\":\"https:\/\/prestamos.ivf.es\/va\/prestecs\/linia-financament-reactiva-feder#breadcrumb\"},\"inLanguage\":\"va-ES\",\"potentialAction\":[{\"@type\":\"ReadAction\",\"target\":[\"https:\/\/prestamos.ivf.es\/va\/prestecs\/linia-financament-reactiva-feder\"]}]},{\"@type\":\"BreadcrumbList\",\"@id\":\"https:\/\/prestamos.ivf.es\/va\/prestecs\/linia-financament-reactiva-feder#breadcrumb\",\"itemListElement\":[{\"@type\":\"ListItem\",\"position\":1,\"name\":\"Portada\",\"item\":\"https:\/\/prestamos.ivf.es\/va\"},{\"@type\":\"ListItem\",\"position\":2,\"name\":\"Pr\u00e9stecs\",\"item\":\"https:\/\/prestamos.ivf.es\/va\/prestamos\"},{\"@type\":\"ListItem\",\"position\":3,\"name\":\"L\u00ednia Finan\u00e7ament REACTIVA FEDER\"}]}]}<\/script>\n<!-- \/ Yoast SEO plugin. -->","yoast_head_json":{"title":"L\u00ednia Finan\u00e7ament REACTIVA FEDER - IVF","robots":{"index":"index","follow":"follow","max-snippet":"max-snippet:-1","max-image-preview":"max-image-preview:large","max-video-preview":"max-video-preview:-1"},"canonical":"https:\/\/prestamos.ivf.es\/va\/prestecs\/linia-financament-reactiva-feder","og_locale":"en_US","og_type":"article","og_title":"L\u00ednia Finan\u00e7ament REACTIVA FEDER - IVF","og_description":"L\u00ednia Finan\u00e7ament REACTIVA FEDER Pr\u00e9stecs bonificats per a tots els sectors d&#8217;activitat, a inter\u00e9s fix i amb fins a un 30% d&#8217;ajuda BASES CONVOCAT\u00d2RIA Beneficiaris&hellip;","og_url":"https:\/\/prestamos.ivf.es\/va\/prestecs\/linia-financament-reactiva-feder","og_site_name":"IVF","article_modified_time":"2024-05-20T11:05:12+00:00","og_image":[{"url":"https:\/\/prestamos.ivf.es\/wp-content\/uploads\/2023\/04\/logo01_es.jpg"}],"twitter_card":"summary_large_image","twitter_misc":{"Est. reading time":"4 minutes"},"schema":{"@context":"https:\/\/schema.org","@graph":[{"@type":"WebSite","@id":"https:\/\/prestamos.ivf.es\/va\/#website","url":"https:\/\/prestamos.ivf.es\/va\/","name":"IVF","description":"IVF, Nuestro \u00fanico inter\u00e9s eres t\u00fa","potentialAction":[{"@type":"SearchAction","target":{"@type":"EntryPoint","urlTemplate":"https:\/\/prestamos.ivf.es\/va\/?s={search_term_string}"},"query-input":"required name=search_term_string"}],"inLanguage":"va-ES"},{"@type":"ImageObject","@id":"https:\/\/prestamos.ivf.es\/va\/prestecs\/linia-financament-reactiva-feder#primaryimage","inLanguage":"va-ES","url":"\/wp-content\/uploads\/2023\/04\/logo01_es.jpg","contentUrl":"\/wp-content\/uploads\/2023\/04\/logo01_es.jpg"},{"@type":"WebPage","@id":"https:\/\/prestamos.ivf.es\/va\/prestecs\/linia-financament-reactiva-feder#webpage","url":"https:\/\/prestamos.ivf.es\/va\/prestecs\/linia-financament-reactiva-feder","name":"L\u00ednia Finan\u00e7ament REACTIVA FEDER - IVF","isPartOf":{"@id":"https:\/\/prestamos.ivf.es\/va\/#website"},"primaryImageOfPage":{"@id":"https:\/\/prestamos.ivf.es\/va\/prestecs\/linia-financament-reactiva-feder#primaryimage"},"datePublished":"2023-04-20T13:34:28+00:00","dateModified":"2024-05-20T11:05:12+00:00","breadcrumb":{"@id":"https:\/\/prestamos.ivf.es\/va\/prestecs\/linia-financament-reactiva-feder#breadcrumb"},"inLanguage":"va-ES","potentialAction":[{"@type":"ReadAction","target":["https:\/\/prestamos.ivf.es\/va\/prestecs\/linia-financament-reactiva-feder"]}]},{"@type":"BreadcrumbList","@id":"https:\/\/prestamos.ivf.es\/va\/prestecs\/linia-financament-reactiva-feder#breadcrumb","itemListElement":[{"@type":"ListItem","position":1,"name":"Portada","item":"https:\/\/prestamos.ivf.es\/va"},{"@type":"ListItem","position":2,"name":"Pr\u00e9stecs","item":"https:\/\/prestamos.ivf.es\/va\/prestamos"},{"@type":"ListItem","position":3,"name":"L\u00ednia Finan\u00e7ament REACTIVA FEDER"}]}]}},"_links":{"self":[{"href":"https:\/\/prestamos.ivf.es\/va\/wp-json\/wp\/v2\/pages\/1055","targetHints":{"allow":["GET"]}}],"collection":[{"href":"https:\/\/prestamos.ivf.es\/va\/wp-json\/wp\/v2\/pages"}],"about":[{"href":"https:\/\/prestamos.ivf.es\/va\/wp-json\/wp\/v2\/types\/page"}],"author":[{"embeddable":true,"href":"https:\/\/prestamos.ivf.es\/va\/wp-json\/wp\/v2\/users\/1"}],"replies":[{"embeddable":true,"href":"https:\/\/prestamos.ivf.es\/va\/wp-json\/wp\/v2\/comments?post=1055"}],"version-history":[{"count":112,"href":"https:\/\/prestamos.ivf.es\/va\/wp-json\/wp\/v2\/pages\/1055\/revisions"}],"predecessor-version":[{"id":4729,"href":"https:\/\/prestamos.ivf.es\/va\/wp-json\/wp\/v2\/pages\/1055\/revisions\/4729"}],"up":[{"embeddable":true,"href":"https:\/\/prestamos.ivf.es\/va\/wp-json\/wp\/v2\/pages\/986"}],"wp:attachment":[{"href":"https:\/\/prestamos.ivf.es\/va\/wp-json\/wp\/v2\/media?parent=1055"}],"curies":[{"name":"wp","href":"https:\/\/api.w.org\/{rel}","templated":true}]}}